{"id":18381,"date":"2021-07-01T03:02:13","date_gmt":"2021-06-30T21:32:13","guid":{"rendered":"https:\/\/wpml.artech.com\/case-studies\/comprehensive-management-of-more-than-17000-users\/"},"modified":"2026-04-06T17:01:11","modified_gmt":"2026-04-06T11:31:11","slug":"comprehensive-management-of-more-than-17000-users","status":"publish","type":"page","link":"https:\/\/www.artech.com\/fr\/comprehensive-management-of-more-than-17000-users\/","title":{"rendered":"Gestion compl\u00e8te de plus de 17 000 utilisateurs"},"content":{"rendered":"<div class=\"wpb-content-wrapper\">[vc_row fullwidth=\u00a0\u00bbyes\u00a0\u00bb css=\u00a0\u00bb.vc_custom_1625057811177{margin-top: -50px !important;}\u00a0\u00bb background_color=\u00a0\u00bb#253e91&Prime;][vc_column][vc_empty_space height=\u00a0\u00bb20&Prime;]<div class=\"shortcode-wrapper shortcode-title clearfix\"><h1 style=\"color:#ffffff!important;border-color:#ffffff\" class=\"aligncenter\">Gestion compl\u00e8te de plus de 17 000 utilisateurs<\/h1><\/div>[vc_empty_space height=\u00a0\u00bb20&Prime;][\/vc_column][\/vc_row][vc_row][vc_column width=\u00a0\u00bb1\/6&Prime;][\/vc_column][vc_column width=\u00a0\u00bb2\/3&Prime; css=\u00a0\u00bb.vc_custom_1625108481457{margin-top: -20px !important;border-right-width: 2px !important;border-bottom-width: 2px !important;border-left-width: 2px !important;padding-right: 20px !important;padding-bottom: 20px !important;padding-left: 20px !important;border-left-color: #fba91e !important;border-left-style: solid !important;border-right-color: #fba91e !important;border-right-style: solid !important;border-bottom-color: #fba91e !important;border-bottom-style: solid !important;}\u00a0\u00bb][vc_single_image image=\u00a0\u00bb18375&Prime; img_size=\u00a0\u00bbfull\u00a0\u00bb alignment=\u00a0\u00bbcenter\u00a0\u00bb]<div class=\"shortcode-wrapper shortcode-title clearfix access-and-audit-control\"><h2 style=\"color:#253e91!important;border-color:#253e91\" class=\"aligncenter\">Contr\u00f4le d&rsquo;acc\u00e8s et d&rsquo;audit<\/h2><\/div>[vc_empty_space height=\u00a0\u00bb20&Prime;][vc_column_text]Un leader majeur des services financiers a propos\u00e9 un portefeuille d&rsquo;applications \u00e0 son parc de plus de 17\u00a0000 conseillers, exigeant un contr\u00f4le d&rsquo;acc\u00e8s et d&rsquo;audit complet en raison de la r\u00e9glementation du secteur. Artech a fourni ce service et a r\u00e9duit les conflits de politique de 80\u00a0% d\u00e8s la premi\u00e8re ann\u00e9e.[\/vc_column_text][vc_row_inner equal_height=\u00a0\u00bbyes\u00a0\u00bb content_placement=\u00a0\u00bbtop\u00a0\u00bb][vc_column_inner width=\u00a0\u00bb1\/3&Prime;]<div class=\"shortcode-wrapper shortcode-title clearfix\"><h3 style=\"color:#253e91!important;border-color:#253e91\" class=\"\">Cliente<\/h3><\/div>[vc_empty_space height=\u00a0\u00bb10&Prime;][vc_separator color=\u00a0\u00bbcustom\u00a0\u00bb align=\u00a0\u00bbalign_left\u00a0\u00bb border_width=\u00a0\u00bb3&Prime; el_width=\u00a0\u00bb30&Prime; accent_color=\u00a0\u00bb#fba91e\u00a0\u00bb][\/vc_column_inner][vc_column_inner width=\u00a0\u00bb1\/3&Prime;][\/vc_column_inner][vc_column_inner width=\u00a0\u00bb1\/3&Prime;][\/vc_column_inner][\/vc_row_inner][vc_column_text css=\u00a0\u00bb.vc_custom_1625108607793{margin-top: -20px !important;}\u00a0\u00bb]Fournisseur de services de planification financi\u00e8re, de gestion d&rsquo;actifs et d&rsquo;assurance aux particuliers, aux entreprises et aux institutions[\/vc_column_text][vc_row_inner equal_height=\u00a0\u00bbyes\u00a0\u00bb content_placement=\u00a0\u00bbtop\u00a0\u00bb][vc_column_inner width=\u00a0\u00bb1\/3&Prime;]<div class=\"shortcode-wrapper shortcode-title clearfix\"><h3 style=\"color:#253e91!important;border-color:#253e91\" class=\"\">Probl\u00e8me<\/h3><\/div>[vc_empty_space height=\u00a0\u00bb10&Prime;][vc_separator color=\u00a0\u00bbcustom\u00a0\u00bb align=\u00a0\u00bbalign_left\u00a0\u00bb border_width=\u00a0\u00bb3&Prime; el_width=\u00a0\u00bb30&Prime; accent_color=\u00a0\u00bb#fba91e\u00a0\u00bb][\/vc_column_inner][vc_column_inner width=\u00a0\u00bb1\/3&Prime;][\/vc_column_inner][vc_column_inner width=\u00a0\u00bb1\/3&Prime;][\/vc_column_inner][\/vc_row_inner][vc_column_text css=\u00a0\u00bb.vc_custom_1625108626741{margin-top: -20px !important;}\u00a0\u00bb]\n<ul>\n<li style=\"list-style-type: none;\">\n<ul>\n<li>G\u00e9rez l&rsquo;acc\u00e8s aux applications et services cl\u00e9s de plus de 17\u00a0000 conseillers financiers, g\u00e9rant plus de 280 milliards de dollars d&rsquo;actifs.<\/li>\n<li>V\u00e9rifiez la conformit\u00e9 conform\u00e9ment aux r\u00e9glementations internes et f\u00e9d\u00e9rales strictes.<\/li>\n<li>Changements importants lors des volumes saisonniers, n\u00e9cessitant une ex\u00e9cution rapide des phases de mont\u00e9e et de descente en puissance.<\/li>\n<\/ul>\n<\/li>\n<\/ul>\n[\/vc_column_text][vc_row_inner equal_height=\u00a0\u00bbyes\u00a0\u00bb content_placement=\u00a0\u00bbtop\u00a0\u00bb][vc_column_inner width=\u00a0\u00bb1\/3&Prime;]<div class=\"shortcode-wrapper shortcode-title clearfix\"><h3 style=\"color:#253e91!important;border-color:#253e91\" class=\"\">Action<\/h3><\/div>[vc_empty_space height=\u00a0\u00bb10&Prime;][vc_separator color=\u00a0\u00bbcustom\u00a0\u00bb align=\u00a0\u00bbalign_left\u00a0\u00bb border_width=\u00a0\u00bb3&Prime; el_width=\u00a0\u00bb30&Prime; accent_color=\u00a0\u00bb#fba91e\u00a0\u00bb][\/vc_column_inner][vc_column_inner width=\u00a0\u00bb1\/3&Prime;][\/vc_column_inner][vc_column_inner width=\u00a0\u00bb1\/3&Prime;][\/vc_column_inner][\/vc_row_inner][vc_column_text css=\u00a0\u00bb.vc_custom_1630468337730{margin-top: -20px !important;}\u00a0\u00bb]\n<ul>\n<li style=\"list-style-type: none;\">\n<ul>\n<li>Assurer des droits de bout en bout pour les conseillers financiers<\/li>\n<li>R\u00e9siliation rapide et pr\u00e9cise des droits<\/li>\n<li>Maintenir les audits internes et f\u00e9d\u00e9raux obligatoires<\/li>\n<li>Optimisation des politiques de gouvernance<\/li>\n<li>Rapports standardis\u00e9s<\/li>\n<\/ul>\n<\/li>\n<\/ul>\n[\/vc_column_text][vc_row_inner equal_height=\u00a0\u00bbyes\u00a0\u00bb content_placement=\u00a0\u00bbtop\u00a0\u00bb][vc_column_inner width=\u00a0\u00bb1\/3&Prime;]<div class=\"shortcode-wrapper shortcode-title clearfix\"><h3 style=\"color:#253e91!important;border-color:#253e91\" class=\"\">R\u00e9sultats<\/h3><\/div>[vc_empty_space height=\u00a0\u00bb10&Prime;][vc_separator color=\u00a0\u00bbcustom\u00a0\u00bb align=\u00a0\u00bbalign_left\u00a0\u00bb border_width=\u00a0\u00bb3&Prime; el_width=\u00a0\u00bb30&Prime; accent_color=\u00a0\u00bb#fba91e\u00a0\u00bb][\/vc_column_inner][vc_column_inner width=\u00a0\u00bb1\/3&Prime;][\/vc_column_inner][vc_column_inner width=\u00a0\u00bb1\/3&Prime;][\/vc_column_inner][\/vc_row_inner][vc_column_text css=\u00a0\u00bb.vc_custom_1630468364438{margin-top: -20px !important;}\u00a0\u00bb]\n<ul>\n<li style=\"list-style-type: none;\">\n<ul>\n<li>R\u00e9alisation constante des KPI<\/li>\n<li>Respect des accords de niveau de service (SLA) de r\u00e9siliation d&rsquo;une ann\u00e9e sur l&rsquo;autre<\/li>\n<li>=&gt;99,99 % de pr\u00e9cision atteinte dans tous les audits<\/li>\n<li>R\u00e9duction de 80 % des conflits de politique gr\u00e2ce \u00e0 des outils propri\u00e9taires et des ressources de haut niveau d\u00e8s la premi\u00e8re ann\u00e9e<\/li>\n<li>Respect des obligations contractuelles et identification des axes d&rsquo;am\u00e9lioration continue<\/li>\n<\/ul>\n<\/li>\n<\/ul>\n[\/vc_column_text][\/vc_column][vc_column width=\u00a0\u00bb1\/6&Prime;][\/vc_column][\/vc_row][vc_row css=\u00a0\u00bb.vc_custom_1633510557596{margin-bottom: -55px !important;}\u00a0\u00bb][vc_column width=\u00a0\u00bb1\/4&Prime;][\/vc_column][vc_column width=\u00a0\u00bb1\/2&Prime;][vc_column_text css=\u00a0\u00bb.vc_custom_1688651459763{margin-bottom: 8px !important;}\u00a0\u00bb]\n<p style=\"text-align: center;\"><strong>Cette \u00e9tude de cas fait-elle \u00e9cho \u00e0 un probl\u00e8me commercial similaire auquel vous \u00eates confront\u00e9 ? <\/strong><br \/>\n<strong>Pour d\u00e9couvrir comment nous pouvons vous aider<\/strong><\/p>\n[\/vc_column_text][vc_empty_space height=\u00a0\u00bb20px\u00a0\u00bb][vc_column_text]\n<p style=\"text-align: center;\"><span class='maxbutton-15-container mb-container'><a class=\"maxbutton-15 maxbutton maxbutton-contact-us-today\" href=\"https:\/\/www.artech.com\/contact-us\/\"><span class='mb-text'>CONTACTEZ-NOUS D\u00c8S AUJOURD\u2019HUI !<\/span><\/a><\/span>\n[\/vc_column_text][\/vc_column][vc_column width=\u00a0\u00bb1\/4&Prime;][\/vc_column][\/vc_row]\n<\/div>","protected":false},"excerpt":{"rendered":"<p>[vc_row fullwidth=\u00a0\u00bbyes\u00a0\u00bb css=\u00a0\u00bb.vc_custom_1625057811177{margin-top: -50px !important;}\u00a0\u00bb background_color=\u00a0\u00bb#253e91&Prime;][vc_column][vc_empty_space height=\u00a0\u00bb20&Prime;][vc_empty_space height=\u00a0\u00bb20&Prime;][\/vc_column][\/vc_row][vc_row][vc_column width=\u00a0\u00bb1\/6&Prime;][\/vc_column][vc_column width=\u00a0\u00bb2\/3&Prime; css=\u00a0\u00bb.vc_custom_1625108481457{margin-top: -20px !important;border-right-width: 2px !important;border-bottom-width: 2px !important;border-left-width: 2px !important;padding-right: 20px [&hellip;]<\/p>\n","protected":false},"author":1,"featured_media":18365,"parent":0,"menu_order":0,"comment_status":"closed","ping_status":"closed","template":"","meta":{"_acf_changed":false,"_monsterinsights_skip_tracking":false,"_monsterinsights_sitenote_active":false,"_monsterinsights_sitenote_note":"","_monsterinsights_sitenote_category":0,"_glsr_average":0,"_glsr_ranking":0,"_glsr_reviews":0,"footnotes":""},"class_list":["post-18381","page","type-page","status-publish","has-post-thumbnail","hentry"],"acf":[],"yoast_head":"<!-- This site is optimized with the Yoast SEO plugin v27.5 - https:\/\/yoast.com\/product\/yoast-seo-wordpress\/ -->\n<title>Gestion compl\u00e8te de plus de 17 000 utilisateurs - Artech<\/title>\n<meta name=\"description\" content=\"Gestion compl\u00e8te de plus de 17 000 utilisateurs \u2013 D\u00e9couvrez, dans cette \u00e9tude de cas, comment Artech a g\u00e9r\u00e9 avec succ\u00e8s une vaste base d&#039;utilisateurs.\" \/>\n<meta name=\"robots\" content=\"index, follow, max-snippet:-1, max-image-preview:large, max-video-preview:-1\" \/>\n<link rel=\"canonical\" href=\"https:\/\/www.artech.com\/fr\/comprehensive-management-of-more-than-17000-users\/\" \/>\n<meta property=\"og:locale\" content=\"fr_FR\" \/>\n<meta property=\"og:type\" content=\"article\" \/>\n<meta property=\"og:title\" content=\"Gestion compl\u00e8te de plus de 17 000 utilisateurs - Artech\" \/>\n<meta property=\"og:description\" content=\"Gestion compl\u00e8te de plus de 17 000 utilisateurs \u2013 D\u00e9couvrez, dans cette \u00e9tude de cas, comment Artech a g\u00e9r\u00e9 avec succ\u00e8s une vaste base d&#039;utilisateurs.\" \/>\n<meta property=\"og:url\" content=\"https:\/\/www.artech.com\/fr\/comprehensive-management-of-more-than-17000-users\/\" \/>\n<meta property=\"og:site_name\" content=\"Artech\" \/>\n<meta property=\"article:publisher\" content=\"https:\/\/www.facebook.com\/ArtechLLC2\" \/>\n<meta property=\"article:modified_time\" content=\"2026-04-06T11:31:11+00:00\" \/>\n<meta property=\"og:image\" content=\"https:\/\/www.artech.com\/wp-content\/uploads\/2021\/07\/service-excellence-management.png\" \/>\n\t<meta property=\"og:image:width\" content=\"511\" \/>\n\t<meta property=\"og:image:height\" content=\"336\" \/>\n\t<meta property=\"og:image:type\" content=\"image\/png\" \/>\n<meta name=\"twitter:card\" content=\"summary_large_image\" \/>\n<meta name=\"twitter:site\" content=\"@Artech_LLC\" \/>\n<meta name=\"twitter:label1\" content=\"Dur\u00e9e de lecture estim\u00e9e\" \/>\n\t<meta name=\"twitter:data1\" content=\"2 minutes\" \/>\n<script type=\"application\/ld+json\" class=\"yoast-schema-graph\">{\"@context\":\"https:\\\/\\\/schema.org\",\"@graph\":[{\"@type\":\"WebPage\",\"@id\":\"https:\\\/\\\/www.artech.com\\\/fr\\\/comprehensive-management-of-more-than-17000-users\\\/\",\"url\":\"https:\\\/\\\/www.artech.com\\\/fr\\\/comprehensive-management-of-more-than-17000-users\\\/\",\"name\":\"Gestion compl\u00e8te de plus de 17 000 utilisateurs - Artech\",\"isPartOf\":{\"@id\":\"https:\\\/\\\/www.artech.com\\\/fr\\\/#website\"},\"primaryImageOfPage\":{\"@id\":\"https:\\\/\\\/www.artech.com\\\/fr\\\/comprehensive-management-of-more-than-17000-users\\\/#primaryimage\"},\"image\":{\"@id\":\"https:\\\/\\\/www.artech.com\\\/fr\\\/comprehensive-management-of-more-than-17000-users\\\/#primaryimage\"},\"thumbnailUrl\":\"https:\\\/\\\/www.artech.com\\\/wp-content\\\/uploads\\\/2021\\\/07\\\/service-excellence-management.png\",\"datePublished\":\"2021-06-30T21:32:13+00:00\",\"dateModified\":\"2026-04-06T11:31:11+00:00\",\"description\":\"Gestion compl\u00e8te de plus de 17 000 utilisateurs \u2013 D\u00e9couvrez, dans cette \u00e9tude de cas, comment Artech a g\u00e9r\u00e9 avec succ\u00e8s une vaste base d'utilisateurs.\",\"breadcrumb\":{\"@id\":\"https:\\\/\\\/www.artech.com\\\/fr\\\/comprehensive-management-of-more-than-17000-users\\\/#breadcrumb\"},\"inLanguage\":\"fr-FR\",\"potentialAction\":[{\"@type\":\"ReadAction\",\"target\":[\"https:\\\/\\\/www.artech.com\\\/fr\\\/comprehensive-management-of-more-than-17000-users\\\/\"]}]},{\"@type\":\"ImageObject\",\"inLanguage\":\"fr-FR\",\"@id\":\"https:\\\/\\\/www.artech.com\\\/fr\\\/comprehensive-management-of-more-than-17000-users\\\/#primaryimage\",\"url\":\"https:\\\/\\\/www.artech.com\\\/wp-content\\\/uploads\\\/2021\\\/07\\\/service-excellence-management.png\",\"contentUrl\":\"https:\\\/\\\/www.artech.com\\\/wp-content\\\/uploads\\\/2021\\\/07\\\/service-excellence-management.png\",\"width\":511,\"height\":336,\"caption\":\"service excellence management\"},{\"@type\":\"BreadcrumbList\",\"@id\":\"https:\\\/\\\/www.artech.com\\\/fr\\\/comprehensive-management-of-more-than-17000-users\\\/#breadcrumb\",\"itemListElement\":[{\"@type\":\"ListItem\",\"position\":1,\"name\":\"Home\",\"item\":\"https:\\\/\\\/www.artech.com\\\/fr\\\/\"},{\"@type\":\"ListItem\",\"position\":2,\"name\":\"Gestion compl\u00e8te de plus de 17 000 utilisateurs\"}]},{\"@type\":\"WebSite\",\"@id\":\"https:\\\/\\\/www.artech.com\\\/fr\\\/#website\",\"url\":\"https:\\\/\\\/www.artech.com\\\/fr\\\/\",\"name\":\"Artech\",\"description\":\"Intelligence is Human\",\"publisher\":{\"@id\":\"https:\\\/\\\/www.artech.com\\\/fr\\\/#organization\"},\"potentialAction\":[{\"@type\":\"SearchAction\",\"target\":{\"@type\":\"EntryPoint\",\"urlTemplate\":\"https:\\\/\\\/www.artech.com\\\/fr\\\/?s={search_term_string}\"},\"query-input\":{\"@type\":\"PropertyValueSpecification\",\"valueRequired\":true,\"valueName\":\"search_term_string\"}}],\"inLanguage\":\"fr-FR\"},{\"@type\":\"Organization\",\"@id\":\"https:\\\/\\\/www.artech.com\\\/fr\\\/#organization\",\"name\":\"Artech\",\"url\":\"https:\\\/\\\/www.artech.com\\\/fr\\\/\",\"logo\":{\"@type\":\"ImageObject\",\"inLanguage\":\"fr-FR\",\"@id\":\"https:\\\/\\\/www.artech.com\\\/fr\\\/#\\\/schema\\\/logo\\\/image\\\/\",\"url\":\"https:\\\/\\\/www.artech.com\\\/wp-content\\\/uploads\\\/2020\\\/12\\\/Artech-Logo.png\",\"contentUrl\":\"https:\\\/\\\/www.artech.com\\\/wp-content\\\/uploads\\\/2020\\\/12\\\/Artech-Logo.png\",\"width\":1435,\"height\":580,\"caption\":\"Artech\"},\"image\":{\"@id\":\"https:\\\/\\\/www.artech.com\\\/fr\\\/#\\\/schema\\\/logo\\\/image\\\/\"},\"sameAs\":[\"https:\\\/\\\/www.facebook.com\\\/ArtechLLC2\",\"https:\\\/\\\/x.com\\\/Artech_LLC\",\"https:\\\/\\\/www.linkedin.com\\\/company\\\/artechllc\\\/\",\"https:\\\/\\\/www.youtube.com\\\/c\\\/ArtechLLC\\\/videos\"]}]}<\/script>\n<!-- \/ Yoast SEO plugin. -->","yoast_head_json":{"title":"Gestion compl\u00e8te de plus de 17 000 utilisateurs - Artech","description":"Gestion compl\u00e8te de plus de 17 000 utilisateurs \u2013 D\u00e9couvrez, dans cette \u00e9tude de cas, comment Artech a g\u00e9r\u00e9 avec succ\u00e8s une vaste base d'utilisateurs.","robots":{"index":"index","follow":"follow","max-snippet":"max-snippet:-1","max-image-preview":"max-image-preview:large","max-video-preview":"max-video-preview:-1"},"canonical":"https:\/\/www.artech.com\/fr\/comprehensive-management-of-more-than-17000-users\/","og_locale":"fr_FR","og_type":"article","og_title":"Gestion compl\u00e8te de plus de 17 000 utilisateurs - Artech","og_description":"Gestion compl\u00e8te de plus de 17 000 utilisateurs \u2013 D\u00e9couvrez, dans cette \u00e9tude de cas, comment Artech a g\u00e9r\u00e9 avec succ\u00e8s une vaste base d'utilisateurs.","og_url":"https:\/\/www.artech.com\/fr\/comprehensive-management-of-more-than-17000-users\/","og_site_name":"Artech","article_publisher":"https:\/\/www.facebook.com\/ArtechLLC2","article_modified_time":"2026-04-06T11:31:11+00:00","og_image":[{"width":511,"height":336,"url":"https:\/\/www.artech.com\/wp-content\/uploads\/2021\/07\/service-excellence-management.png","type":"image\/png"}],"twitter_card":"summary_large_image","twitter_site":"@Artech_LLC","twitter_misc":{"Dur\u00e9e de lecture estim\u00e9e":"2 minutes"},"schema":{"@context":"https:\/\/schema.org","@graph":[{"@type":"WebPage","@id":"https:\/\/www.artech.com\/fr\/comprehensive-management-of-more-than-17000-users\/","url":"https:\/\/www.artech.com\/fr\/comprehensive-management-of-more-than-17000-users\/","name":"Gestion compl\u00e8te de plus de 17 000 utilisateurs - Artech","isPartOf":{"@id":"https:\/\/www.artech.com\/fr\/#website"},"primaryImageOfPage":{"@id":"https:\/\/www.artech.com\/fr\/comprehensive-management-of-more-than-17000-users\/#primaryimage"},"image":{"@id":"https:\/\/www.artech.com\/fr\/comprehensive-management-of-more-than-17000-users\/#primaryimage"},"thumbnailUrl":"https:\/\/www.artech.com\/wp-content\/uploads\/2021\/07\/service-excellence-management.png","datePublished":"2021-06-30T21:32:13+00:00","dateModified":"2026-04-06T11:31:11+00:00","description":"Gestion compl\u00e8te de plus de 17 000 utilisateurs \u2013 D\u00e9couvrez, dans cette \u00e9tude de cas, comment Artech a g\u00e9r\u00e9 avec succ\u00e8s une vaste base d'utilisateurs.","breadcrumb":{"@id":"https:\/\/www.artech.com\/fr\/comprehensive-management-of-more-than-17000-users\/#breadcrumb"},"inLanguage":"fr-FR","potentialAction":[{"@type":"ReadAction","target":["https:\/\/www.artech.com\/fr\/comprehensive-management-of-more-than-17000-users\/"]}]},{"@type":"ImageObject","inLanguage":"fr-FR","@id":"https:\/\/www.artech.com\/fr\/comprehensive-management-of-more-than-17000-users\/#primaryimage","url":"https:\/\/www.artech.com\/wp-content\/uploads\/2021\/07\/service-excellence-management.png","contentUrl":"https:\/\/www.artech.com\/wp-content\/uploads\/2021\/07\/service-excellence-management.png","width":511,"height":336,"caption":"service excellence management"},{"@type":"BreadcrumbList","@id":"https:\/\/www.artech.com\/fr\/comprehensive-management-of-more-than-17000-users\/#breadcrumb","itemListElement":[{"@type":"ListItem","position":1,"name":"Home","item":"https:\/\/www.artech.com\/fr\/"},{"@type":"ListItem","position":2,"name":"Gestion compl\u00e8te de plus de 17 000 utilisateurs"}]},{"@type":"WebSite","@id":"https:\/\/www.artech.com\/fr\/#website","url":"https:\/\/www.artech.com\/fr\/","name":"Artech","description":"Intelligence is Human","publisher":{"@id":"https:\/\/www.artech.com\/fr\/#organization"},"potentialAction":[{"@type":"SearchAction","target":{"@type":"EntryPoint","urlTemplate":"https:\/\/www.artech.com\/fr\/?s={search_term_string}"},"query-input":{"@type":"PropertyValueSpecification","valueRequired":true,"valueName":"search_term_string"}}],"inLanguage":"fr-FR"},{"@type":"Organization","@id":"https:\/\/www.artech.com\/fr\/#organization","name":"Artech","url":"https:\/\/www.artech.com\/fr\/","logo":{"@type":"ImageObject","inLanguage":"fr-FR","@id":"https:\/\/www.artech.com\/fr\/#\/schema\/logo\/image\/","url":"https:\/\/www.artech.com\/wp-content\/uploads\/2020\/12\/Artech-Logo.png","contentUrl":"https:\/\/www.artech.com\/wp-content\/uploads\/2020\/12\/Artech-Logo.png","width":1435,"height":580,"caption":"Artech"},"image":{"@id":"https:\/\/www.artech.com\/fr\/#\/schema\/logo\/image\/"},"sameAs":["https:\/\/www.facebook.com\/ArtechLLC2","https:\/\/x.com\/Artech_LLC","https:\/\/www.linkedin.com\/company\/artechllc\/","https:\/\/www.youtube.com\/c\/ArtechLLC\/videos"]}]}},"_links":{"self":[{"href":"https:\/\/www.artech.com\/fr\/wp-json\/wp\/v2\/pages\/18381","targetHints":{"allow":["GET"]}}],"collection":[{"href":"https:\/\/www.artech.com\/fr\/wp-json\/wp\/v2\/pages"}],"about":[{"href":"https:\/\/www.artech.com\/fr\/wp-json\/wp\/v2\/types\/page"}],"author":[{"embeddable":true,"href":"https:\/\/www.artech.com\/fr\/wp-json\/wp\/v2\/users\/1"}],"replies":[{"embeddable":true,"href":"https:\/\/www.artech.com\/fr\/wp-json\/wp\/v2\/comments?post=18381"}],"version-history":[{"count":5,"href":"https:\/\/www.artech.com\/fr\/wp-json\/wp\/v2\/pages\/18381\/revisions"}],"predecessor-version":[{"id":21915,"href":"https:\/\/www.artech.com\/fr\/wp-json\/wp\/v2\/pages\/18381\/revisions\/21915"}],"wp:featuredmedia":[{"embeddable":true,"href":"https:\/\/www.artech.com\/fr\/wp-json\/wp\/v2\/media\/18365"}],"wp:attachment":[{"href":"https:\/\/www.artech.com\/fr\/wp-json\/wp\/v2\/media?parent=18381"}],"curies":[{"name":"wp","href":"https:\/\/api.w.org\/{rel}","templated":true}]}}