{"id":18385,"date":"2025-01-18T21:16:48","date_gmt":"2025-01-18T15:46:48","guid":{"rendered":"https:\/\/wpml.artech.com\/case-studies\/content-migration-experience-optimization-for-leading-chip-manufacturer\/"},"modified":"2025-09-20T18:37:45","modified_gmt":"2025-09-20T13:07:45","slug":"content-migration-experience-optimization-for-leading-chip-manufacturer","status":"publish","type":"page","link":"https:\/\/www.artech.com\/fr\/content-migration-experience-optimization-for-leading-chip-manufacturer\/","title":{"rendered":"Migration de contenu et optimisation de l\u2019exp\u00e9rience pour un fabricant leader de puces"},"content":{"rendered":"<div class=\"wpb-content-wrapper\">[vc_row fullwidth=\u00a0\u00bbyes\u00a0\u00bb css=\u00a0\u00bb.vc_custom_1625057811177{margin-top: -50px !important;}\u00a0\u00bb background_color=\u00a0\u00bb#253e91&Prime;][vc_column][vc_empty_space height=\u00a0\u00bb20&Prime;]<div class=\"shortcode-wrapper shortcode-title clearfix\"><h1 style=\"color:#ffffff!important;border-color:#ffffff\" class=\"aligncenter\">Migration de contenu et optimisation de l&rsquo;exp\u00e9rience pour un fabricant leader de puces<\/h1><\/div>[vc_empty_space height=\u00a0\u00bb20&Prime;][\/vc_column][\/vc_row][vc_row][vc_column width=\u00a0\u00bb1\/6&Prime;][\/vc_column][vc_column width=\u00a0\u00bb2\/3&Prime; css=\u00a0\u00bb.vc_custom_1625108481457{margin-top: -20px !important;border-right-width: 2px !important;border-bottom-width: 2px !important;border-left-width: 2px !important;padding-right: 20px !important;padding-bottom: 20px !important;padding-left: 20px !important;border-left-color: #fba91e !important;border-left-style: solid !important;border-right-color: #fba91e !important;border-right-style: solid !important;border-bottom-color: #fba91e !important;border-bottom-style: solid !important;}\u00a0\u00bb][vc_single_image image=\u00a0\u00bb18357&Prime; img_size=\u00a0\u00bbfull\u00a0\u00bb alignment=\u00a0\u00bbcenter\u00a0\u00bb css=\u00a0\u00bb\u00a0\u00bb]<div class=\"shortcode-wrapper shortcode-title clearfix boosting-efficiency\"><h2 style=\"color:#253e91!important;border-color:#253e91\" class=\"aligncenter\">Am\u00e9liorer l&rsquo;efficacit\u00e9 et la productivit\u00e9 des utilisateurs gr\u00e2ce \u00e0 la migration de sites<\/h2><\/div>[vc_empty_space height=\u00a0\u00bb20&Prime;][vc_column_text css=\u00a0\u00bb\u00a0\u00bb]Notre \u00e9quipe a migr\u00e9 500\u00a0000 pages vers la plateforme AEM et optimis\u00e9 le parcours client gr\u00e2ce \u00e0 l&rsquo;int\u00e9gration d&rsquo;Adobe Analytics et de Target. Cette initiative a permis de r\u00e9duire l&#8217;empreinte du site de 50\u00a0%, am\u00e9liorant consid\u00e9rablement la productivit\u00e9 des utilisateurs finaux et \u00e9tablissant de nouvelles r\u00e9f\u00e9rences en mati\u00e8re d&rsquo;exp\u00e9rience client.[\/vc_column_text][vc_empty_space height=\u00a0\u00bb20&Prime;][vc_row_inner equal_height=\u00a0\u00bbyes\u00a0\u00bb content_placement=\u00a0\u00bbtop\u00a0\u00bb][vc_column_inner width=\u00a0\u00bb1\/3&Prime;]<div class=\"shortcode-wrapper shortcode-title clearfix\"><h3 style=\"color:#253e91!important;border-color:#253e91\" class=\"\">Client<\/h3><\/div>[vc_empty_space height=\u00a0\u00bb10&Prime;][vc_separator color=\u00a0\u00bbcustom\u00a0\u00bb align=\u00a0\u00bbalign_left\u00a0\u00bb border_width=\u00a0\u00bb3&Prime; el_width=\u00a0\u00bb30&Prime; accent_color=\u00a0\u00bb#fba91e\u00a0\u00bb][\/vc_column_inner][vc_column_inner width=\u00a0\u00bb1\/3&Prime;][\/vc_column_inner][vc_column_inner width=\u00a0\u00bb1\/3&Prime;][\/vc_column_inner][\/vc_row_inner][vc_column_text css=\u00a0\u00bb.vc_custom_1736404720944{margin-top: -20px !important;}\u00a0\u00bb]Le plus grand fabricant de puces au monde[\/vc_column_text][vc_row_inner equal_height=\u00a0\u00bbyes\u00a0\u00bb content_placement=\u00a0\u00bbtop\u00a0\u00bb][vc_column_inner width=\u00a0\u00bb1\/3&Prime;]<div class=\"shortcode-wrapper shortcode-title clearfix\"><h3 style=\"color:#253e91!important;border-color:#253e91\" class=\"\">Probl\u00e8me<\/h3><\/div>[vc_empty_space height=\u00a0\u00bb10&Prime;][vc_separator color=\u00a0\u00bbcustom\u00a0\u00bb align=\u00a0\u00bbalign_left\u00a0\u00bb border_width=\u00a0\u00bb3&Prime; el_width=\u00a0\u00bb30&Prime; accent_color=\u00a0\u00bb#fba91e\u00a0\u00bb][\/vc_column_inner][vc_column_inner width=\u00a0\u00bb1\/3&Prime;][\/vc_column_inner][vc_column_inner width=\u00a0\u00bb1\/3&Prime;][\/vc_column_inner][\/vc_row_inner][vc_column_text css=\u00a0\u00bb.vc_custom_1736404753085{margin-top: -20px !important;}\u00a0\u00bb]L&rsquo;un des fabricants les plus importants et les plus innovants au monde de puces, d&rsquo;IoT, de gestion de l&rsquo;\u00e9nergie et de solutions associ\u00e9es s&rsquo;est fix\u00e9 pour objectif de migrer divers outils de gestion de contenu Web (WCMS) vers la plateforme d&rsquo;exp\u00e9rience num\u00e9rique Adobe Experience Manager (AEM).<\/p>\n<p>En raison du nombre d&rsquo;outils existants, de l&rsquo;absence de processus d\u00e9fini pour la migration de contenu, de la collaboration requise avec des fournisseurs internationaux, des premi\u00e8res \u00e9tapes d&rsquo;adoption d&rsquo;AEM, des d\u00e9lais serr\u00e9s et de l&rsquo;effort global fourni, le client avait besoin d&rsquo;une assistance et d&rsquo;une expertise importantes pour migrer le contenu tout en standardisant l&rsquo;exp\u00e9rience utilisateur.<\/p>\n<p>Gr\u00e2ce \u00e0 notre excellente relation avec ce client, nous avons obtenu des missions suppl\u00e9mentaires, notamment la transition de Google Analytics vers Adobe Analytics.[\/vc_column_text][vc_row_inner equal_height=\u00a0\u00bbyes\u00a0\u00bb content_placement=\u00a0\u00bbtop\u00a0\u00bb][vc_column_inner width=\u00a0\u00bb1\/3&Prime;]<div class=\"shortcode-wrapper shortcode-title clearfix\"><h3 style=\"color:#253e91!important;border-color:#253e91\" class=\"\">Action<\/h3><\/div>[vc_empty_space height=\u00a0\u00bb10&Prime;][vc_separator color=\u00a0\u00bbcustom\u00a0\u00bb align=\u00a0\u00bbalign_left\u00a0\u00bb border_width=\u00a0\u00bb3&Prime; el_width=\u00a0\u00bb30&Prime; accent_color=\u00a0\u00bb#fba91e\u00a0\u00bb][\/vc_column_inner][vc_column_inner width=\u00a0\u00bb1\/3&Prime;][\/vc_column_inner][vc_column_inner width=\u00a0\u00bb1\/3&Prime;][\/vc_column_inner][\/vc_row_inner][vc_column_text css=\u00a0\u00bb.vc_custom_1736404789527{margin-top: -20px !important;}\u00a0\u00bb]Tirant parti de notre exp\u00e9rience et de notre expertise en AEC et AEM, Artech a aid\u00e9 le client dans ces domaines cl\u00e9s\u00a0:<\/p>\n<ul>\n<li>Constitu\u00e9 une \u00e9quipe de plus de 50 personnes compos\u00e9e de chefs de projet et de contenu, d\u00e9veloppeurs, graphistes, sp\u00e9cialistes UI\/UX, r\u00e9dacteurs et analystes assurance qualit\u00e9.<\/li>\n<li>D\u00e9fini un nouveau processus pour \u00e9valuer tout le contenu et migr\u00e9 plus de 500 000 pages et ressources \u00e0 travers 82 outils WCMS vers la plateforme AEM.<\/li>\n<li>Accompagn\u00e9 le client dans l\u2019effort de migration en \u00e9tablissant des processus et des politiques impliquant les diff\u00e9rents fournisseurs, groupes m\u00e9tiers et la collaboration mondiale.<\/li>\n<li>Collabor\u00e9 avec le client pour \u00e9valuer le contenu et \u00e9laborer une strat\u00e9gie de m\u00e9tabalises pour la diffusion du contenu et l\u2019optimisation du r\u00e9f\u00e9rencement.<\/li>\n<li>Utilis\u00e9 Adobe Analytics pour identifier les points de contact, analyser les tendances et cr\u00e9er des tableaux de bord personnalis\u00e9s.<\/li>\n<li>Employ\u00e9 Adobe Target pour cr\u00e9er des tests A\/B, du ciblage d\u2019exp\u00e9rience, des recommandations et des tests multivari\u00e9s afin de v\u00e9rifier l\u2019efficacit\u00e9 de plusieurs variantes de contenu. Propos\u00e9 des exp\u00e9riences personnalis\u00e9es (fragments d\u2019exp\u00e9rience) et transmis des informations essentielles sur les visiteurs du site aux unit\u00e9s commerciales.<\/li>\n<li>Analys\u00e9 et contribu\u00e9 \u00e0 l\u2019optimisation et \u00e0 la personnalisation web afin d\u2019am\u00e9liorer le parcours et l\u2019exp\u00e9rience client, de r\u00e9duire le temps de chargement et de lecture des pages, et de diminuer la quantit\u00e9 d\u2019informations \u00e0 collecter aupr\u00e8s des clients.<\/li>\n<li>Aid\u00e9 \u00e0 int\u00e9grer l\u2019utilisation de m\u00e9dias dynamiques avec des workflows pour redimensionner et recadrer automatiquement les images en utilisant AEM Assets et Adobe Sensei AI.<\/li>\n<li>Fourni des conseils et des recommandations de bonnes pratiques bas\u00e9s sur les outils utilis\u00e9s.<\/li>\n<li>Soutien continu en r\u00e9gime permanent avec plus de 40 membres de l\u2019\u00e9quipe Artech aujourd\u2019hui.<\/li>\n<\/ul>\n[\/vc_column_text][vc_row_inner equal_height=\u00a0\u00bbyes\u00a0\u00bb content_placement=\u00a0\u00bbtop\u00a0\u00bb][vc_column_inner width=\u00a0\u00bb1\/3&Prime;]<div class=\"shortcode-wrapper shortcode-title clearfix\"><h3 style=\"color:#253e91!important;border-color:#253e91\" class=\"\">R\u00e9sultats<\/h3><\/div>[vc_empty_space height=\u00a0\u00bb10&Prime;][vc_separator color=\u00a0\u00bbcustom\u00a0\u00bb align=\u00a0\u00bbalign_left\u00a0\u00bb border_width=\u00a0\u00bb3&Prime; el_width=\u00a0\u00bb30&Prime; accent_color=\u00a0\u00bb#fba91e\u00a0\u00bb][\/vc_column_inner][vc_column_inner width=\u00a0\u00bb1\/3&Prime;][\/vc_column_inner][vc_column_inner width=\u00a0\u00bb1\/3&Prime;][\/vc_column_inner][\/vc_row_inner][vc_column_text css=\u00a0\u00bb.vc_custom_1736404844195{margin-top: -20px !important;}\u00a0\u00bb]\n<p>Gr\u00e2ce \u00e0 des efforts r\u00e9ussis de migration de contenu suivis par l\u2019analyse des parcours clients, une diffusion web optimis\u00e9e, des tests multivari\u00e9s et des techniques de personnalisation, nous avons pu atteindre plusieurs objectifs majeurs pour le client, notamment :<\/p>\n<ul>\n<li>Migr\u00e9 le contenu et les ressources en moins d\u2019un an \u2013 soit 2 mois avant la date pr\u00e9vue.<\/li>\n<li>R\u00e9duit le d\u00e9lai moyen de traitement des demandes de publication de 5 jours \u00e0 2,2 jours.<\/li>\n<li>Rationalis\u00e9 le processus de migration du contenu du site et r\u00e9duit les co\u00fbts en ressources techniques de 50 %.<\/li>\n<li>R\u00e9duit l\u2019empreinte de plusieurs sites de 50 %, ce qui a permis d\u2019obtenir un site AEM unifi\u00e9 tout en diminuant les co\u00fbts de maintenance \u00e0 long terme.<\/li>\n<li>Augment\u00e9 la productivit\u00e9 des utilisateurs finaux gr\u00e2ce \u00e0 une exp\u00e9rience visiteur coh\u00e9rente.<\/li>\n<li>R\u00e9alis\u00e9 361 tests Adobe Target individuels \u00e0 l\u2019\u00e9chelle mondiale en 2022 pour tester de nouvelles id\u00e9es et pages afin d\u2019offrir la meilleure exp\u00e9rience aux visiteurs et d\u2019encourager un engagement accru.<\/li>\n<li>Analys\u00e9 les parcours clients, ce qui a conduit \u00e0 des optimisations telles que la refonte des formulaires et la r\u00e9duction de la collecte de donn\u00e9es jusqu\u2019\u00e0 50 %, ainsi que l\u2019int\u00e9gration du pr\u00e9-remplissage des informations client et de paiement pour les achats futurs.<\/li>\n<li>Sur la base d\u2019analyses continues et de tests cibl\u00e9s, fourni aux parties prenantes des indicateurs tangibles pour mettre en \u0153uvre les changements n\u00e9cessaires afin d\u2019augmenter le trafic, de r\u00e9duire le taux de rebond et d\u2019am\u00e9liorer la satisfaction globale des visiteurs.<\/li>\n<li>Actuellement en cours d\u2019accompagnement dans la phase d\u2019adoption de Customer Journey Analytics afin d\u2019observer plus pr\u00e9cis\u00e9ment le comportement des clients et d\u2019analyser les donn\u00e9es historiques pour am\u00e9liorer les r\u00e9sultats commerciaux.<\/li>\n<\/ul>\n[\/vc_column_text][\/vc_column][vc_column width=\u00a0\u00bb1\/6&Prime;][\/vc_column][\/vc_row][vc_row][vc_column][vc_column_text][\/vc_column_text][\/vc_column][\/vc_row][vc_row css=\u00a0\u00bb.vc_custom_1633510557596{margin-bottom: -55px !important;}\u00a0\u00bb][vc_column width=\u00a0\u00bb1\/4&Prime;][\/vc_column][vc_column width=\u00a0\u00bb1\/2&Prime;][vc_column_text css=\u00a0\u00bb.vc_custom_1714748425114{margin-bottom: 8px !important;}\u00a0\u00bb]\n<p style=\"text-align: center;\"><strong>Does this case study resonate with a similar business problem you are facing?<\/strong><br \/>\n<strong>Pour d\u00e9couvrir comment nous pouvons vous aider<\/strong>[\/vc_column_text][vc_empty_space height=\u00a0\u00bb20px\u00a0\u00bb][vc_column_text]\n<p style=\"text-align: center;\"><span class='maxbutton-15-container mb-container'><a class=\"maxbutton-15 maxbutton maxbutton-contact-us-today\" href=\"\/fr\/contact-us\/\"><span class='mb-text'>CONTACTEZ-NOUS D\u00c8S AUJOURD\u2019HUI&nbsp;!<\/span><\/a><\/span>\n[\/vc_column_text][\/vc_column][vc_column width=\u00a0\u00bb1\/4&Prime;][\/vc_column][\/vc_row][vc_row][vc_column][vc_column_text][\/vc_column_text][\/vc_column][\/vc_row]\n<\/div>","protected":false},"excerpt":{"rendered":"<p>[vc_row fullwidth=\u00a0\u00bbyes\u00a0\u00bb css=\u00a0\u00bb.vc_custom_1625057811177{margin-top: -50px !important;}\u00a0\u00bb background_color=\u00a0\u00bb#253e91&Prime;][vc_column][vc_empty_space height=\u00a0\u00bb20&Prime;][vc_empty_space height=\u00a0\u00bb20&Prime;][\/vc_column][\/vc_row][vc_row][vc_column width=\u00a0\u00bb1\/6&Prime;][\/vc_column][vc_column width=\u00a0\u00bb2\/3&Prime; css=\u00a0\u00bb.vc_custom_1625108481457{margin-top: -20px !important;border-right-width: 2px !important;border-bottom-width: 2px !important;border-left-width: 2px !important;padding-right: 20px [&hellip;]<\/p>\n","protected":false},"author":12,"featured_media":18357,"parent":0,"menu_order":0,"comment_status":"closed","ping_status":"closed","template":"","meta":{"_acf_changed":false,"_monsterinsights_skip_tracking":false,"_monsterinsights_sitenote_active":false,"_monsterinsights_sitenote_note":"","_monsterinsights_sitenote_category":0,"_glsr_average":0,"_glsr_ranking":0,"_glsr_reviews":0,"footnotes":""},"class_list":["post-18385","page","type-page","status-publish","has-post-thumbnail","hentry"],"acf":[],"yoast_head":"<!-- This site is optimized with the Yoast SEO plugin v27.4 - https:\/\/yoast.com\/product\/yoast-seo-wordpress\/ -->\n<title>How a Chip Manufacturer Enhanced UX with Smart Migration | Artech<\/title>\n<meta name=\"description\" content=\"See how Artech migrated 500K+ pages to AEM, reducing site footprint by 50% and enhancing productivity. Learn how Adobe Analytics optimized the journey!\" \/>\n<meta name=\"robots\" content=\"index, follow, max-snippet:-1, max-image-preview:large, max-video-preview:-1\" \/>\n<link rel=\"canonical\" href=\"https:\/\/www.artech.com\/fr\/content-migration-experience-optimization-for-leading-chip-manufacturer\/\" \/>\n<meta property=\"og:locale\" content=\"fr_FR\" \/>\n<meta property=\"og:type\" content=\"article\" \/>\n<meta property=\"og:title\" content=\"How a Chip Manufacturer Enhanced UX with Smart Migration | Artech\" \/>\n<meta property=\"og:description\" content=\"See how Artech migrated 500K+ pages to AEM, reducing site footprint by 50% and enhancing productivity. Learn how Adobe Analytics optimized the journey!\" \/>\n<meta property=\"og:url\" content=\"https:\/\/www.artech.com\/fr\/content-migration-experience-optimization-for-leading-chip-manufacturer\/\" \/>\n<meta property=\"og:site_name\" content=\"Artech\" \/>\n<meta property=\"article:publisher\" content=\"https:\/\/www.facebook.com\/ArtechLLC2\" \/>\n<meta property=\"article:modified_time\" content=\"2025-09-20T13:07:45+00:00\" \/>\n<meta property=\"og:image\" content=\"https:\/\/www.artech.com\/wp-content\/uploads\/2025\/01\/Content-Migration-Experience-Optimization-for-Leading-Chip-Manufacturer.png\" \/>\n\t<meta property=\"og:image:width\" content=\"1270\" \/>\n\t<meta property=\"og:image:height\" content=\"674\" \/>\n\t<meta property=\"og:image:type\" content=\"image\/png\" \/>\n<meta name=\"twitter:card\" content=\"summary_large_image\" \/>\n<meta name=\"twitter:site\" content=\"@Artech_LLC\" \/>\n<meta name=\"twitter:label1\" content=\"Dur\u00e9e de lecture estim\u00e9e\" \/>\n\t<meta name=\"twitter:data1\" content=\"5 minutes\" \/>\n<script type=\"application\/ld+json\" class=\"yoast-schema-graph\">{\"@context\":\"https:\\\/\\\/schema.org\",\"@graph\":[{\"@type\":\"WebPage\",\"@id\":\"https:\\\/\\\/www.artech.com\\\/fr\\\/content-migration-experience-optimization-for-leading-chip-manufacturer\\\/\",\"url\":\"https:\\\/\\\/www.artech.com\\\/fr\\\/content-migration-experience-optimization-for-leading-chip-manufacturer\\\/\",\"name\":\"How a Chip Manufacturer Enhanced UX with Smart Migration | Artech\",\"isPartOf\":{\"@id\":\"https:\\\/\\\/www.artech.com\\\/fr\\\/#website\"},\"primaryImageOfPage\":{\"@id\":\"https:\\\/\\\/www.artech.com\\\/fr\\\/content-migration-experience-optimization-for-leading-chip-manufacturer\\\/#primaryimage\"},\"image\":{\"@id\":\"https:\\\/\\\/www.artech.com\\\/fr\\\/content-migration-experience-optimization-for-leading-chip-manufacturer\\\/#primaryimage\"},\"thumbnailUrl\":\"https:\\\/\\\/www.artech.com\\\/wp-content\\\/uploads\\\/2025\\\/01\\\/Content-Migration-Experience-Optimization-for-Leading-Chip-Manufacturer.png\",\"datePublished\":\"2025-01-18T15:46:48+00:00\",\"dateModified\":\"2025-09-20T13:07:45+00:00\",\"description\":\"See how Artech migrated 500K+ pages to AEM, reducing site footprint by 50% and enhancing productivity. Learn how Adobe Analytics optimized the journey!\",\"breadcrumb\":{\"@id\":\"https:\\\/\\\/www.artech.com\\\/fr\\\/content-migration-experience-optimization-for-leading-chip-manufacturer\\\/#breadcrumb\"},\"inLanguage\":\"fr-FR\",\"potentialAction\":[{\"@type\":\"ReadAction\",\"target\":[\"https:\\\/\\\/www.artech.com\\\/fr\\\/content-migration-experience-optimization-for-leading-chip-manufacturer\\\/\"]}]},{\"@type\":\"ImageObject\",\"inLanguage\":\"fr-FR\",\"@id\":\"https:\\\/\\\/www.artech.com\\\/fr\\\/content-migration-experience-optimization-for-leading-chip-manufacturer\\\/#primaryimage\",\"url\":\"https:\\\/\\\/www.artech.com\\\/wp-content\\\/uploads\\\/2025\\\/01\\\/Content-Migration-Experience-Optimization-for-Leading-Chip-Manufacturer.png\",\"contentUrl\":\"https:\\\/\\\/www.artech.com\\\/wp-content\\\/uploads\\\/2025\\\/01\\\/Content-Migration-Experience-Optimization-for-Leading-Chip-Manufacturer.png\",\"width\":1270,\"height\":674,\"caption\":\"Content Migration Experience Optimization for Leading Chip Manufacturer\"},{\"@type\":\"BreadcrumbList\",\"@id\":\"https:\\\/\\\/www.artech.com\\\/fr\\\/content-migration-experience-optimization-for-leading-chip-manufacturer\\\/#breadcrumb\",\"itemListElement\":[{\"@type\":\"ListItem\",\"position\":1,\"name\":\"Home\",\"item\":\"https:\\\/\\\/www.artech.com\\\/fr\\\/\"},{\"@type\":\"ListItem\",\"position\":2,\"name\":\"Migration de contenu et optimisation de l\u2019exp\u00e9rience pour un fabricant leader de puces\"}]},{\"@type\":\"WebSite\",\"@id\":\"https:\\\/\\\/www.artech.com\\\/fr\\\/#website\",\"url\":\"https:\\\/\\\/www.artech.com\\\/fr\\\/\",\"name\":\"Artech\",\"description\":\"Intelligence is Human\",\"publisher\":{\"@id\":\"https:\\\/\\\/www.artech.com\\\/fr\\\/#organization\"},\"potentialAction\":[{\"@type\":\"SearchAction\",\"target\":{\"@type\":\"EntryPoint\",\"urlTemplate\":\"https:\\\/\\\/www.artech.com\\\/fr\\\/?s={search_term_string}\"},\"query-input\":{\"@type\":\"PropertyValueSpecification\",\"valueRequired\":true,\"valueName\":\"search_term_string\"}}],\"inLanguage\":\"fr-FR\"},{\"@type\":\"Organization\",\"@id\":\"https:\\\/\\\/www.artech.com\\\/fr\\\/#organization\",\"name\":\"Artech\",\"url\":\"https:\\\/\\\/www.artech.com\\\/fr\\\/\",\"logo\":{\"@type\":\"ImageObject\",\"inLanguage\":\"fr-FR\",\"@id\":\"https:\\\/\\\/www.artech.com\\\/fr\\\/#\\\/schema\\\/logo\\\/image\\\/\",\"url\":\"https:\\\/\\\/www.artech.com\\\/wp-content\\\/uploads\\\/2020\\\/12\\\/Artech-Logo.png\",\"contentUrl\":\"https:\\\/\\\/www.artech.com\\\/wp-content\\\/uploads\\\/2020\\\/12\\\/Artech-Logo.png\",\"width\":1435,\"height\":580,\"caption\":\"Artech\"},\"image\":{\"@id\":\"https:\\\/\\\/www.artech.com\\\/fr\\\/#\\\/schema\\\/logo\\\/image\\\/\"},\"sameAs\":[\"https:\\\/\\\/www.facebook.com\\\/ArtechLLC2\",\"https:\\\/\\\/x.com\\\/Artech_LLC\",\"https:\\\/\\\/www.linkedin.com\\\/company\\\/artechllc\\\/\",\"https:\\\/\\\/www.youtube.com\\\/c\\\/ArtechLLC\\\/videos\"]}]}<\/script>\n<!-- \/ Yoast SEO plugin. -->","yoast_head_json":{"title":"How a Chip Manufacturer Enhanced UX with Smart Migration | Artech","description":"See how Artech migrated 500K+ pages to AEM, reducing site footprint by 50% and enhancing productivity. Learn how Adobe Analytics optimized the journey!","robots":{"index":"index","follow":"follow","max-snippet":"max-snippet:-1","max-image-preview":"max-image-preview:large","max-video-preview":"max-video-preview:-1"},"canonical":"https:\/\/www.artech.com\/fr\/content-migration-experience-optimization-for-leading-chip-manufacturer\/","og_locale":"fr_FR","og_type":"article","og_title":"How a Chip Manufacturer Enhanced UX with Smart Migration | Artech","og_description":"See how Artech migrated 500K+ pages to AEM, reducing site footprint by 50% and enhancing productivity. Learn how Adobe Analytics optimized the journey!","og_url":"https:\/\/www.artech.com\/fr\/content-migration-experience-optimization-for-leading-chip-manufacturer\/","og_site_name":"Artech","article_publisher":"https:\/\/www.facebook.com\/ArtechLLC2","article_modified_time":"2025-09-20T13:07:45+00:00","og_image":[{"width":1270,"height":674,"url":"https:\/\/www.artech.com\/wp-content\/uploads\/2025\/01\/Content-Migration-Experience-Optimization-for-Leading-Chip-Manufacturer.png","type":"image\/png"}],"twitter_card":"summary_large_image","twitter_site":"@Artech_LLC","twitter_misc":{"Dur\u00e9e de lecture estim\u00e9e":"5 minutes"},"schema":{"@context":"https:\/\/schema.org","@graph":[{"@type":"WebPage","@id":"https:\/\/www.artech.com\/fr\/content-migration-experience-optimization-for-leading-chip-manufacturer\/","url":"https:\/\/www.artech.com\/fr\/content-migration-experience-optimization-for-leading-chip-manufacturer\/","name":"How a Chip Manufacturer Enhanced UX with Smart Migration | Artech","isPartOf":{"@id":"https:\/\/www.artech.com\/fr\/#website"},"primaryImageOfPage":{"@id":"https:\/\/www.artech.com\/fr\/content-migration-experience-optimization-for-leading-chip-manufacturer\/#primaryimage"},"image":{"@id":"https:\/\/www.artech.com\/fr\/content-migration-experience-optimization-for-leading-chip-manufacturer\/#primaryimage"},"thumbnailUrl":"https:\/\/www.artech.com\/wp-content\/uploads\/2025\/01\/Content-Migration-Experience-Optimization-for-Leading-Chip-Manufacturer.png","datePublished":"2025-01-18T15:46:48+00:00","dateModified":"2025-09-20T13:07:45+00:00","description":"See how Artech migrated 500K+ pages to AEM, reducing site footprint by 50% and enhancing productivity. Learn how Adobe Analytics optimized the journey!","breadcrumb":{"@id":"https:\/\/www.artech.com\/fr\/content-migration-experience-optimization-for-leading-chip-manufacturer\/#breadcrumb"},"inLanguage":"fr-FR","potentialAction":[{"@type":"ReadAction","target":["https:\/\/www.artech.com\/fr\/content-migration-experience-optimization-for-leading-chip-manufacturer\/"]}]},{"@type":"ImageObject","inLanguage":"fr-FR","@id":"https:\/\/www.artech.com\/fr\/content-migration-experience-optimization-for-leading-chip-manufacturer\/#primaryimage","url":"https:\/\/www.artech.com\/wp-content\/uploads\/2025\/01\/Content-Migration-Experience-Optimization-for-Leading-Chip-Manufacturer.png","contentUrl":"https:\/\/www.artech.com\/wp-content\/uploads\/2025\/01\/Content-Migration-Experience-Optimization-for-Leading-Chip-Manufacturer.png","width":1270,"height":674,"caption":"Content Migration Experience Optimization for Leading Chip Manufacturer"},{"@type":"BreadcrumbList","@id":"https:\/\/www.artech.com\/fr\/content-migration-experience-optimization-for-leading-chip-manufacturer\/#breadcrumb","itemListElement":[{"@type":"ListItem","position":1,"name":"Home","item":"https:\/\/www.artech.com\/fr\/"},{"@type":"ListItem","position":2,"name":"Migration de contenu et optimisation de l\u2019exp\u00e9rience pour un fabricant leader de puces"}]},{"@type":"WebSite","@id":"https:\/\/www.artech.com\/fr\/#website","url":"https:\/\/www.artech.com\/fr\/","name":"Artech","description":"Intelligence is Human","publisher":{"@id":"https:\/\/www.artech.com\/fr\/#organization"},"potentialAction":[{"@type":"SearchAction","target":{"@type":"EntryPoint","urlTemplate":"https:\/\/www.artech.com\/fr\/?s={search_term_string}"},"query-input":{"@type":"PropertyValueSpecification","valueRequired":true,"valueName":"search_term_string"}}],"inLanguage":"fr-FR"},{"@type":"Organization","@id":"https:\/\/www.artech.com\/fr\/#organization","name":"Artech","url":"https:\/\/www.artech.com\/fr\/","logo":{"@type":"ImageObject","inLanguage":"fr-FR","@id":"https:\/\/www.artech.com\/fr\/#\/schema\/logo\/image\/","url":"https:\/\/www.artech.com\/wp-content\/uploads\/2020\/12\/Artech-Logo.png","contentUrl":"https:\/\/www.artech.com\/wp-content\/uploads\/2020\/12\/Artech-Logo.png","width":1435,"height":580,"caption":"Artech"},"image":{"@id":"https:\/\/www.artech.com\/fr\/#\/schema\/logo\/image\/"},"sameAs":["https:\/\/www.facebook.com\/ArtechLLC2","https:\/\/x.com\/Artech_LLC","https:\/\/www.linkedin.com\/company\/artechllc\/","https:\/\/www.youtube.com\/c\/ArtechLLC\/videos"]}]}},"_links":{"self":[{"href":"https:\/\/www.artech.com\/fr\/wp-json\/wp\/v2\/pages\/18385","targetHints":{"allow":["GET"]}}],"collection":[{"href":"https:\/\/www.artech.com\/fr\/wp-json\/wp\/v2\/pages"}],"about":[{"href":"https:\/\/www.artech.com\/fr\/wp-json\/wp\/v2\/types\/page"}],"author":[{"embeddable":true,"href":"https:\/\/www.artech.com\/fr\/wp-json\/wp\/v2\/users\/12"}],"replies":[{"embeddable":true,"href":"https:\/\/www.artech.com\/fr\/wp-json\/wp\/v2\/comments?post=18385"}],"version-history":[{"count":5,"href":"https:\/\/www.artech.com\/fr\/wp-json\/wp\/v2\/pages\/18385\/revisions"}],"predecessor-version":[{"id":18439,"href":"https:\/\/www.artech.com\/fr\/wp-json\/wp\/v2\/pages\/18385\/revisions\/18439"}],"wp:featuredmedia":[{"embeddable":true,"href":"https:\/\/www.artech.com\/fr\/wp-json\/wp\/v2\/media\/18357"}],"wp:attachment":[{"href":"https:\/\/www.artech.com\/fr\/wp-json\/wp\/v2\/media?parent=18385"}],"curies":[{"name":"wp","href":"https:\/\/api.w.org\/{rel}","templated":true}]}}