{"id":18405,"date":"2025-01-18T21:20:06","date_gmt":"2025-01-18T15:50:06","guid":{"rendered":"https:\/\/wpml.artech.com\/case-studies\/expanded-automation-for-remote-workforce-operations-in-a-western-state\/"},"modified":"2026-04-06T17:16:09","modified_gmt":"2026-04-06T11:46:09","slug":"expanded-automation-for-remote-workforce-operations-in-a-western-state","status":"publish","type":"page","link":"https:\/\/www.artech.com\/fr\/expanded-automation-for-remote-workforce-operations-in-a-western-state\/","title":{"rendered":"Automatisation \u00e9tendue des op\u00e9rations de travail \u00e0 distance dans un \u00c9tat de l&#8217;Ouest"},"content":{"rendered":"<div class=\"wpb-content-wrapper\">[vc_row fullwidth=\u00a0\u00bbyes\u00a0\u00bb css=\u00a0\u00bb.vc_custom_1625057811177{margin-top: -50px !important;}\u00a0\u00bb background_color=\u00a0\u00bb#253e91&Prime;][vc_column][vc_empty_space height=\u00a0\u00bb20&Prime;]<div class=\"shortcode-wrapper shortcode-title clearfix\"><h1 style=\"color:#ffffff!important;border-color:#ffffff\" class=\"aligncenter\">Automatisation \u00e9tendue pour les op\u00e9rations de la main-d&rsquo;\u0153uvre \u00e0 distance dans un \u00c9tat de l\u2019Ouest<\/h1><\/div>[vc_empty_space height=\u00a0\u00bb20&Prime;][\/vc_column][\/vc_row][vc_row][vc_column width=\u00a0\u00bb1\/6&Prime;][\/vc_column][vc_column width=\u00a0\u00bb2\/3&Prime; css=\u00a0\u00bb.vc_custom_1625108481457{margin-top: -20px !important;border-right-width: 2px !important;border-bottom-width: 2px !important;border-left-width: 2px !important;padding-right: 20px !important;padding-bottom: 20px !important;padding-left: 20px !important;border-left-color: #fba91e !important;border-left-style: solid !important;border-right-color: #fba91e !important;border-right-style: solid !important;border-bottom-color: #fba91e !important;border-bottom-style: solid !important;}\u00a0\u00bb][vc_single_image image=\u00a0\u00bb18359&Prime; img_size=\u00a0\u00bbfull\u00a0\u00bb alignment=\u00a0\u00bbcenter\u00a0\u00bb css=\u00a0\u00bb\u00a0\u00bb]<div class=\"shortcode-wrapper shortcode-title clearfix\"><h3 style=\"color:#253e91!important;border-color:#253e91\" class=\"aligncenter\">Am\u00e9liorer la continuit\u00e9 op\u00e9rationnelle gr\u00e2ce aux flux de travail automatis\u00e9s \u00e0 distance<\/h3><\/div>[vc_empty_space height=\u00a0\u00bb20&Prime;][vc_column_text css=\u00a0\u00bb\u00a0\u00bb]Notre \u00e9quipe a transform\u00e9 les op\u00e9rations de la main-d&rsquo;\u0153uvre \u00e0 distance en tirant parti d\u2019AEM pour rationaliser les flux de travail et garantir la conformit\u00e9. Ces solutions ont am\u00e9lior\u00e9 la responsabilit\u00e9 des t\u00e2ches, l\u2019exactitude des donn\u00e9es et r\u00e9duit les retards, permettant au d\u00e9partement de maintenir des processus num\u00e9riques dynamiques et \u00e9volutifs.[\/vc_column_text][vc_empty_space height=\u00a0\u00bb20&Prime;][vc_row_inner equal_height=\u00a0\u00bbyes\u00a0\u00bb content_placement=\u00a0\u00bbtop\u00a0\u00bb][vc_column_inner width=\u00a0\u00bb1\/3&Prime;]<div class=\"shortcode-wrapper shortcode-title clearfix\"><h3 style=\"color:#253e91!important;border-color:#253e91\" class=\"\">Client<\/h3><\/div>[vc_empty_space height=\u00a0\u00bb10&Prime;][vc_separator color=\u00a0\u00bbcustom\u00a0\u00bb align=\u00a0\u00bbalign_left\u00a0\u00bb border_width=\u00a0\u00bb3&Prime; el_width=\u00a0\u00bb30&Prime; accent_color=\u00a0\u00bb#fba91e\u00a0\u00bb][\/vc_column_inner][vc_column_inner width=\u00a0\u00bb1\/3&Prime;][\/vc_column_inner][vc_column_inner width=\u00a0\u00bb1\/3&Prime;][\/vc_column_inner][\/vc_row_inner][vc_column_text css=\u00a0\u00bb.vc_custom_1736490735648{margin-top: -20px !important;}\u00a0\u00bb]D\u00e9partement de la Sant\u00e9 et des Services Sociaux dans un grand \u00c9tat de l\u2019Ouest[\/vc_column_text][vc_row_inner equal_height=\u00a0\u00bbyes\u00a0\u00bb content_placement=\u00a0\u00bbtop\u00a0\u00bb][vc_column_inner width=\u00a0\u00bb1\/3&Prime;]<div class=\"shortcode-wrapper shortcode-title clearfix\"><h3 style=\"color:#253e91!important;border-color:#253e91\" class=\"\">Probl\u00e8me<\/h3><\/div>[vc_empty_space height=\u00a0\u00bb10&Prime;][vc_separator color=\u00a0\u00bbcustom\u00a0\u00bb align=\u00a0\u00bbalign_left\u00a0\u00bb border_width=\u00a0\u00bb3&Prime; el_width=\u00a0\u00bb30&Prime; accent_color=\u00a0\u00bb#fba91e\u00a0\u00bb][\/vc_column_inner][vc_column_inner width=\u00a0\u00bb1\/3&Prime;][\/vc_column_inner][vc_column_inner width=\u00a0\u00bb1\/3&Prime;][\/vc_column_inner][\/vc_row_inner][vc_column_text css=\u00a0\u00bb.vc_custom_1736490749703{margin-top: -20px !important;}\u00a0\u00bb]Le D\u00e9partement de la Sant\u00e9 et des Services Sociaux d\u2019un grand \u00c9tat de l\u2019Ouest faisait face \u00e0 des d\u00e9fis croissants pour coordonner les interactions et g\u00e9rer les donn\u00e9es avec une main-d&rsquo;\u0153uvre dispers\u00e9e. Le passage au t\u00e9l\u00e9travail a compliqu\u00e9 les flux de travail existants, cr\u00e9ant de nouvelles demandes pour l\u2019\u00e9quipe de d\u00e9veloppement interne, qui devait adapter les processus sur site aux formats distants. Pour maintenir la continuit\u00e9 op\u00e9rationnelle et la conformit\u00e9, le d\u00e9partement recherchait une solution pour rationaliser la collecte de donn\u00e9es, g\u00e9rer les validations et conserver les enregistrements de mani\u00e8re s\u00e9curis\u00e9e. AEM a \u00e9t\u00e9 choisi comme plateforme de base pour atteindre ces objectifs, permettant des op\u00e9rations efficaces et conformes \u00e0 travers leurs \u00e9quipes distribu\u00e9es.[\/vc_column_text][vc_row_inner equal_height=\u00a0\u00bbyes\u00a0\u00bb content_placement=\u00a0\u00bbtop\u00a0\u00bb][vc_column_inner width=\u00a0\u00bb1\/3&Prime;]<div class=\"shortcode-wrapper shortcode-title clearfix\"><h3 style=\"color:#253e91!important;border-color:#253e91\" class=\"\">Action<\/h3><\/div>[vc_empty_space height=\u00a0\u00bb10&Prime;][vc_separator color=\u00a0\u00bbcustom\u00a0\u00bb align=\u00a0\u00bbalign_left\u00a0\u00bb border_width=\u00a0\u00bb3&Prime; el_width=\u00a0\u00bb30&Prime; accent_color=\u00a0\u00bb#fba91e\u00a0\u00bb][\/vc_column_inner][vc_column_inner width=\u00a0\u00bb1\/3&Prime;][\/vc_column_inner][vc_column_inner width=\u00a0\u00bb1\/3&Prime;][\/vc_column_inner][\/vc_row_inner][vc_column_text css=\u00a0\u00bb.vc_custom_1736490785143{margin-top: -20px !important;}\u00a0\u00bb]Artech a mis \u00e0 profit sa vaste connaissance des capacit\u00e9s d\u2019AEM et son exp\u00e9rience des solutions haute performance pour livrer un syst\u00e8me de flux de travail et de collecte de donn\u00e9es adapt\u00e9 aux besoins du d\u00e9partement, notamment :<\/p>\n<ul>\n<li>Mise en place de flux de travail s\u00e9quentiels et parall\u00e8les afin de minimiser les retards dans le traitement des demandes.<\/li>\n<li>Accompagnement de l\u2019\u00e9quipe de d\u00e9veloppement du client sur les techniques avanc\u00e9es d\u2019AEM, renfor\u00e7ant ainsi la conception des solutions.<\/li>\n<li>Conseils durant la phase d\u2019id\u00e9ation pour exploiter les fonctionnalit\u00e9s natives d\u2019AEM et r\u00e9duire le recours au code personnalis\u00e9.<\/li>\n<li>Mise en place d\u2019un environnement de d\u00e9veloppement isol\u00e9 pour tester les cas hybrides et la g\u00e9n\u00e9ration de documents, am\u00e9liorant ainsi la fiabilit\u00e9.<\/li>\n<li>Conseil aupr\u00e8s de la direction sur les meilleures pratiques et les tendances du secteur afin de s\u2019aligner sur les besoins en \u00e9volution.<\/li>\n<li>Livraison de sorties de donn\u00e9es dans divers formats, assurant la compatibilit\u00e9 avec les syst\u00e8mes et entrep\u00f4ts en aval.<\/li>\n<li>D\u00e9veloppement de param\u00e8tres de r\u00e8gles configurables pour contr\u00f4ler le comportement et l\u2019acheminement des applications de mani\u00e8re dynamique.<\/li>\n<li>Conception de flux de travail capables de s\u2019ajuster aux changements organisationnels, identifiant automatiquement le prochain intervenant en temps r\u00e9el.<\/li>\n<\/ul>\n[\/vc_column_text][vc_row_inner equal_height=\u00a0\u00bbyes\u00a0\u00bb content_placement=\u00a0\u00bbtop\u00a0\u00bb][vc_column_inner width=\u00a0\u00bb1\/3&Prime;]<div class=\"shortcode-wrapper shortcode-title clearfix\"><h3 style=\"color:#253e91!important;border-color:#253e91\" class=\"\">R\u00e9sultats<\/h3><\/div>[vc_empty_space height=\u00a0\u00bb10&Prime;][vc_separator color=\u00a0\u00bbcustom\u00a0\u00bb align=\u00a0\u00bbalign_left\u00a0\u00bb border_width=\u00a0\u00bb3&Prime; el_width=\u00a0\u00bb30&Prime; accent_color=\u00a0\u00bb#fba91e\u00a0\u00bb][\/vc_column_inner][vc_column_inner width=\u00a0\u00bb1\/3&Prime;][\/vc_column_inner][vc_column_inner width=\u00a0\u00bb1\/3&Prime;][\/vc_column_inner][\/vc_row_inner][vc_column_text css=\u00a0\u00bb.vc_custom_1736490841127{margin-top: -20px !important;}\u00a0\u00bb]Avec l\u2019aide d\u2019Artech, le d\u00e9partement a pu surmonter ses d\u00e9fis initiaux et poursuivre sa transformation num\u00e9rique gr\u00e2ce \u00e0 des flux de travail fiables et des mesures de conformit\u00e9 robustes. Les r\u00e9sultats mesurables comprenaient :<\/p>\n<ul>\n<li>Le d\u00e9partement a g\u00e9r\u00e9 avec succ\u00e8s des flux de travail complexes et multi-\u00e9tapes plus efficacement, r\u00e9duisant le temps de traitement et garantissant l\u2019ex\u00e9cution des t\u00e2ches critiques sans retard.<\/li>\n<li>Les parties prenantes ont adopt\u00e9 des conceptions ax\u00e9es sur la conformit\u00e9, r\u00e9duisant les erreurs, renfor\u00e7ant la responsabilit\u00e9 dans l\u2019attribution des t\u00e2ches et \u00e9levant les normes de documentation et d\u2019archivage.<\/li>\n<li>Un environnement de test robuste a permis de simuler des sc\u00e9narios r\u00e9els pour v\u00e9rifier la fiabilit\u00e9 des flux de travail en conditions op\u00e9rationnelles.<\/li>\n<li>Les sorties ont \u00e9t\u00e9 fournies dans plusieurs formats \u2013 PDF, fichiers CSV, entr\u00e9es de base de donn\u00e9es et e-mails \u2013 s\u2019int\u00e9grant parfaitement aux syst\u00e8mes en aval, ce qui a permis de gagner du temps et d\u2019\u00e9liminer les probl\u00e8mes de compatibilit\u00e9.<\/li>\n<li>Des flux de travail adaptatifs ont r\u00e9pondu de mani\u00e8re dynamique aux changements organisationnels afin d\u2019assurer l\u2019attribution correcte des t\u00e2ches, m\u00eame lorsque les structures d\u2019\u00e9quipes \u00e9voluaient.<\/li>\n<li>Des flux d\u2019acheminement personnalis\u00e9s au sein de l\u2019application ont permis des affectations de t\u00e2ches pr\u00e9cises, adapt\u00e9es aux besoins uniques de chaque division, maximisant ainsi l\u2019efficacit\u00e9.<\/li>\n<li>La solution a consid\u00e9rablement r\u00e9duit les erreurs et minimis\u00e9 les reprises, ce qui a conduit \u00e0 des op\u00e9rations plus fluides et une plus grande confiance dans la gestion des donn\u00e9es et l\u2019exactitude des processus.<\/li>\n<\/ul>\n[\/vc_column_text][\/vc_column][vc_column width=\u00a0\u00bb1\/6&Prime;][\/vc_column][\/vc_row][vc_row][vc_column][vc_column_text][\/vc_column_text][\/vc_column][\/vc_row][vc_row css=\u00a0\u00bb.vc_custom_1633510557596{margin-bottom: -55px !important;}\u00a0\u00bb][vc_column width=\u00a0\u00bb1\/4&Prime;][\/vc_column][vc_column width=\u00a0\u00bb1\/2&Prime;][vc_column_text css=\u00a0\u00bb.vc_custom_1714748425114{margin-bottom: 8px !important;}\u00a0\u00bb]\n<p style=\"text-align: center;\"><strong>Ce cas pratique r\u00e9sonne-t-il avec un probl\u00e8me similaire que vous rencontrez ?<\/strong><br \/>\n<strong>D\u00e9couvrez comment nous pouvons vous aider<\/strong>[\/vc_column_text][vc_empty_space height=\u00a0\u00bb20px\u00a0\u00bb][vc_column_text]\n<p style=\"text-align: center;\"><span class='maxbutton-15-container mb-container'><a class=\"maxbutton-15 maxbutton maxbutton-contact-us-today\" href=\"\/fr\/contact-us\/\"><span class='mb-text'>CONTACTEZ-NOUS D\u00c8S AUJOURD\u2019HUI !<\/span><\/a><\/span>\n[\/vc_column_text][\/vc_column][vc_column width=\u00a0\u00bb1\/4&Prime;][\/vc_column][\/vc_row][vc_row][vc_column][vc_column_text][\/vc_column_text][\/vc_column][\/vc_row]\n<\/div>","protected":false},"excerpt":{"rendered":"<p>[vc_row fullwidth=\u00a0\u00bbyes\u00a0\u00bb css=\u00a0\u00bb.vc_custom_1625057811177{margin-top: -50px !important;}\u00a0\u00bb background_color=\u00a0\u00bb#253e91&Prime;][vc_column][vc_empty_space height=\u00a0\u00bb20&Prime;][vc_empty_space height=\u00a0\u00bb20&Prime;][\/vc_column][\/vc_row][vc_row][vc_column width=\u00a0\u00bb1\/6&Prime;][\/vc_column][vc_column width=\u00a0\u00bb2\/3&Prime; css=\u00a0\u00bb.vc_custom_1625108481457{margin-top: -20px !important;border-right-width: 2px !important;border-bottom-width: 2px !important;border-left-width: 2px !important;padding-right: 20px [&hellip;]<\/p>\n","protected":false},"author":12,"featured_media":18359,"parent":0,"menu_order":0,"comment_status":"closed","ping_status":"closed","template":"","meta":{"_acf_changed":false,"_monsterinsights_skip_tracking":false,"_monsterinsights_sitenote_active":false,"_monsterinsights_sitenote_note":"","_monsterinsights_sitenote_category":0,"_glsr_average":0,"_glsr_ranking":0,"_glsr_reviews":0,"footnotes":""},"class_list":["post-18405","page","type-page","status-publish","has-post-thumbnail","hentry"],"acf":[],"yoast_head":"<!-- This site is optimized with the Yoast SEO plugin v27.4 - https:\/\/yoast.com\/product\/yoast-seo-wordpress\/ -->\n<title>Comment l&#039;automatisation a transform\u00e9 l&#039;efficacit\u00e9 des \u00e9quipes \u00e0 distance | Artech<\/title>\n<meta name=\"description\" content=\"D\u00e9couvrez comment Artech a automatis\u00e9 ses op\u00e9rations de gestion des effectifs gr\u00e2ce \u00e0 AEM, renfor\u00e7ant ainsi la conformit\u00e9, l&#039;efficacit\u00e9 et la responsabilisation. Lisez l&#039;\u00e9tude de cas !\" \/>\n<meta name=\"robots\" content=\"index, follow, max-snippet:-1, max-image-preview:large, max-video-preview:-1\" \/>\n<link rel=\"canonical\" href=\"https:\/\/www.artech.com\/fr\/expanded-automation-for-remote-workforce-operations-in-a-western-state\/\" \/>\n<meta property=\"og:locale\" content=\"fr_FR\" \/>\n<meta property=\"og:type\" content=\"article\" \/>\n<meta property=\"og:title\" content=\"Comment l&#039;automatisation a transform\u00e9 l&#039;efficacit\u00e9 des \u00e9quipes \u00e0 distance | Artech\" \/>\n<meta property=\"og:description\" content=\"D\u00e9couvrez comment Artech a automatis\u00e9 ses op\u00e9rations de gestion des effectifs gr\u00e2ce \u00e0 AEM, renfor\u00e7ant ainsi la conformit\u00e9, l&#039;efficacit\u00e9 et la responsabilisation. Lisez l&#039;\u00e9tude de cas !\" \/>\n<meta property=\"og:url\" content=\"https:\/\/www.artech.com\/fr\/expanded-automation-for-remote-workforce-operations-in-a-western-state\/\" \/>\n<meta property=\"og:site_name\" content=\"Artech\" \/>\n<meta property=\"article:publisher\" content=\"https:\/\/www.facebook.com\/ArtechLLC2\" \/>\n<meta property=\"article:modified_time\" content=\"2026-04-06T11:46:09+00:00\" \/>\n<meta property=\"og:image\" content=\"https:\/\/www.artech.com\/wp-content\/uploads\/2025\/01\/Expanded-Automation-for-Remote-Workforce-Operations-in-a-Western-State.png\" \/>\n\t<meta property=\"og:image:width\" content=\"1270\" \/>\n\t<meta property=\"og:image:height\" content=\"674\" \/>\n\t<meta property=\"og:image:type\" content=\"image\/png\" \/>\n<meta name=\"twitter:card\" content=\"summary_large_image\" \/>\n<meta name=\"twitter:site\" content=\"@Artech_LLC\" \/>\n<meta name=\"twitter:label1\" content=\"Dur\u00e9e de lecture estim\u00e9e\" \/>\n\t<meta name=\"twitter:data1\" content=\"4 minutes\" \/>\n<script type=\"application\/ld+json\" class=\"yoast-schema-graph\">{\"@context\":\"https:\\\/\\\/schema.org\",\"@graph\":[{\"@type\":\"WebPage\",\"@id\":\"https:\\\/\\\/www.artech.com\\\/fr\\\/expanded-automation-for-remote-workforce-operations-in-a-western-state\\\/\",\"url\":\"https:\\\/\\\/www.artech.com\\\/fr\\\/expanded-automation-for-remote-workforce-operations-in-a-western-state\\\/\",\"name\":\"Comment l'automatisation a transform\u00e9 l'efficacit\u00e9 des \u00e9quipes \u00e0 distance | Artech\",\"isPartOf\":{\"@id\":\"https:\\\/\\\/www.artech.com\\\/fr\\\/#website\"},\"primaryImageOfPage\":{\"@id\":\"https:\\\/\\\/www.artech.com\\\/fr\\\/expanded-automation-for-remote-workforce-operations-in-a-western-state\\\/#primaryimage\"},\"image\":{\"@id\":\"https:\\\/\\\/www.artech.com\\\/fr\\\/expanded-automation-for-remote-workforce-operations-in-a-western-state\\\/#primaryimage\"},\"thumbnailUrl\":\"https:\\\/\\\/www.artech.com\\\/wp-content\\\/uploads\\\/2025\\\/01\\\/Expanded-Automation-for-Remote-Workforce-Operations-in-a-Western-State.png\",\"datePublished\":\"2025-01-18T15:50:06+00:00\",\"dateModified\":\"2026-04-06T11:46:09+00:00\",\"description\":\"D\u00e9couvrez comment Artech a automatis\u00e9 ses op\u00e9rations de gestion des effectifs gr\u00e2ce \u00e0 AEM, renfor\u00e7ant ainsi la conformit\u00e9, l'efficacit\u00e9 et la responsabilisation. Lisez l'\u00e9tude de cas !\",\"breadcrumb\":{\"@id\":\"https:\\\/\\\/www.artech.com\\\/fr\\\/expanded-automation-for-remote-workforce-operations-in-a-western-state\\\/#breadcrumb\"},\"inLanguage\":\"fr-FR\",\"potentialAction\":[{\"@type\":\"ReadAction\",\"target\":[\"https:\\\/\\\/www.artech.com\\\/fr\\\/expanded-automation-for-remote-workforce-operations-in-a-western-state\\\/\"]}]},{\"@type\":\"ImageObject\",\"inLanguage\":\"fr-FR\",\"@id\":\"https:\\\/\\\/www.artech.com\\\/fr\\\/expanded-automation-for-remote-workforce-operations-in-a-western-state\\\/#primaryimage\",\"url\":\"https:\\\/\\\/www.artech.com\\\/wp-content\\\/uploads\\\/2025\\\/01\\\/Expanded-Automation-for-Remote-Workforce-Operations-in-a-Western-State.png\",\"contentUrl\":\"https:\\\/\\\/www.artech.com\\\/wp-content\\\/uploads\\\/2025\\\/01\\\/Expanded-Automation-for-Remote-Workforce-Operations-in-a-Western-State.png\",\"width\":1270,\"height\":674,\"caption\":\"Expanded Automation for Remote Workforce Operations in a Western State\"},{\"@type\":\"BreadcrumbList\",\"@id\":\"https:\\\/\\\/www.artech.com\\\/fr\\\/expanded-automation-for-remote-workforce-operations-in-a-western-state\\\/#breadcrumb\",\"itemListElement\":[{\"@type\":\"ListItem\",\"position\":1,\"name\":\"Home\",\"item\":\"https:\\\/\\\/www.artech.com\\\/fr\\\/\"},{\"@type\":\"ListItem\",\"position\":2,\"name\":\"Automatisation \u00e9tendue des op\u00e9rations de travail \u00e0 distance dans un \u00c9tat de l&#8217;Ouest\"}]},{\"@type\":\"WebSite\",\"@id\":\"https:\\\/\\\/www.artech.com\\\/fr\\\/#website\",\"url\":\"https:\\\/\\\/www.artech.com\\\/fr\\\/\",\"name\":\"Artech\",\"description\":\"Intelligence is Human\",\"publisher\":{\"@id\":\"https:\\\/\\\/www.artech.com\\\/fr\\\/#organization\"},\"potentialAction\":[{\"@type\":\"SearchAction\",\"target\":{\"@type\":\"EntryPoint\",\"urlTemplate\":\"https:\\\/\\\/www.artech.com\\\/fr\\\/?s={search_term_string}\"},\"query-input\":{\"@type\":\"PropertyValueSpecification\",\"valueRequired\":true,\"valueName\":\"search_term_string\"}}],\"inLanguage\":\"fr-FR\"},{\"@type\":\"Organization\",\"@id\":\"https:\\\/\\\/www.artech.com\\\/fr\\\/#organization\",\"name\":\"Artech\",\"url\":\"https:\\\/\\\/www.artech.com\\\/fr\\\/\",\"logo\":{\"@type\":\"ImageObject\",\"inLanguage\":\"fr-FR\",\"@id\":\"https:\\\/\\\/www.artech.com\\\/fr\\\/#\\\/schema\\\/logo\\\/image\\\/\",\"url\":\"https:\\\/\\\/www.artech.com\\\/wp-content\\\/uploads\\\/2020\\\/12\\\/Artech-Logo.png\",\"contentUrl\":\"https:\\\/\\\/www.artech.com\\\/wp-content\\\/uploads\\\/2020\\\/12\\\/Artech-Logo.png\",\"width\":1435,\"height\":580,\"caption\":\"Artech\"},\"image\":{\"@id\":\"https:\\\/\\\/www.artech.com\\\/fr\\\/#\\\/schema\\\/logo\\\/image\\\/\"},\"sameAs\":[\"https:\\\/\\\/www.facebook.com\\\/ArtechLLC2\",\"https:\\\/\\\/x.com\\\/Artech_LLC\",\"https:\\\/\\\/www.linkedin.com\\\/company\\\/artechllc\\\/\",\"https:\\\/\\\/www.youtube.com\\\/c\\\/ArtechLLC\\\/videos\"]}]}<\/script>\n<!-- \/ Yoast SEO plugin. -->","yoast_head_json":{"title":"Comment l'automatisation a transform\u00e9 l'efficacit\u00e9 des \u00e9quipes \u00e0 distance | Artech","description":"D\u00e9couvrez comment Artech a automatis\u00e9 ses op\u00e9rations de gestion des effectifs gr\u00e2ce \u00e0 AEM, renfor\u00e7ant ainsi la conformit\u00e9, l'efficacit\u00e9 et la responsabilisation. Lisez l'\u00e9tude de cas !","robots":{"index":"index","follow":"follow","max-snippet":"max-snippet:-1","max-image-preview":"max-image-preview:large","max-video-preview":"max-video-preview:-1"},"canonical":"https:\/\/www.artech.com\/fr\/expanded-automation-for-remote-workforce-operations-in-a-western-state\/","og_locale":"fr_FR","og_type":"article","og_title":"Comment l'automatisation a transform\u00e9 l'efficacit\u00e9 des \u00e9quipes \u00e0 distance | Artech","og_description":"D\u00e9couvrez comment Artech a automatis\u00e9 ses op\u00e9rations de gestion des effectifs gr\u00e2ce \u00e0 AEM, renfor\u00e7ant ainsi la conformit\u00e9, l'efficacit\u00e9 et la responsabilisation. Lisez l'\u00e9tude de cas !","og_url":"https:\/\/www.artech.com\/fr\/expanded-automation-for-remote-workforce-operations-in-a-western-state\/","og_site_name":"Artech","article_publisher":"https:\/\/www.facebook.com\/ArtechLLC2","article_modified_time":"2026-04-06T11:46:09+00:00","og_image":[{"width":1270,"height":674,"url":"https:\/\/www.artech.com\/wp-content\/uploads\/2025\/01\/Expanded-Automation-for-Remote-Workforce-Operations-in-a-Western-State.png","type":"image\/png"}],"twitter_card":"summary_large_image","twitter_site":"@Artech_LLC","twitter_misc":{"Dur\u00e9e de lecture estim\u00e9e":"4 minutes"},"schema":{"@context":"https:\/\/schema.org","@graph":[{"@type":"WebPage","@id":"https:\/\/www.artech.com\/fr\/expanded-automation-for-remote-workforce-operations-in-a-western-state\/","url":"https:\/\/www.artech.com\/fr\/expanded-automation-for-remote-workforce-operations-in-a-western-state\/","name":"Comment l'automatisation a transform\u00e9 l'efficacit\u00e9 des \u00e9quipes \u00e0 distance | Artech","isPartOf":{"@id":"https:\/\/www.artech.com\/fr\/#website"},"primaryImageOfPage":{"@id":"https:\/\/www.artech.com\/fr\/expanded-automation-for-remote-workforce-operations-in-a-western-state\/#primaryimage"},"image":{"@id":"https:\/\/www.artech.com\/fr\/expanded-automation-for-remote-workforce-operations-in-a-western-state\/#primaryimage"},"thumbnailUrl":"https:\/\/www.artech.com\/wp-content\/uploads\/2025\/01\/Expanded-Automation-for-Remote-Workforce-Operations-in-a-Western-State.png","datePublished":"2025-01-18T15:50:06+00:00","dateModified":"2026-04-06T11:46:09+00:00","description":"D\u00e9couvrez comment Artech a automatis\u00e9 ses op\u00e9rations de gestion des effectifs gr\u00e2ce \u00e0 AEM, renfor\u00e7ant ainsi la conformit\u00e9, l'efficacit\u00e9 et la responsabilisation. Lisez l'\u00e9tude de cas !","breadcrumb":{"@id":"https:\/\/www.artech.com\/fr\/expanded-automation-for-remote-workforce-operations-in-a-western-state\/#breadcrumb"},"inLanguage":"fr-FR","potentialAction":[{"@type":"ReadAction","target":["https:\/\/www.artech.com\/fr\/expanded-automation-for-remote-workforce-operations-in-a-western-state\/"]}]},{"@type":"ImageObject","inLanguage":"fr-FR","@id":"https:\/\/www.artech.com\/fr\/expanded-automation-for-remote-workforce-operations-in-a-western-state\/#primaryimage","url":"https:\/\/www.artech.com\/wp-content\/uploads\/2025\/01\/Expanded-Automation-for-Remote-Workforce-Operations-in-a-Western-State.png","contentUrl":"https:\/\/www.artech.com\/wp-content\/uploads\/2025\/01\/Expanded-Automation-for-Remote-Workforce-Operations-in-a-Western-State.png","width":1270,"height":674,"caption":"Expanded Automation for Remote Workforce Operations in a Western State"},{"@type":"BreadcrumbList","@id":"https:\/\/www.artech.com\/fr\/expanded-automation-for-remote-workforce-operations-in-a-western-state\/#breadcrumb","itemListElement":[{"@type":"ListItem","position":1,"name":"Home","item":"https:\/\/www.artech.com\/fr\/"},{"@type":"ListItem","position":2,"name":"Automatisation \u00e9tendue des op\u00e9rations de travail \u00e0 distance dans un \u00c9tat de l&#8217;Ouest"}]},{"@type":"WebSite","@id":"https:\/\/www.artech.com\/fr\/#website","url":"https:\/\/www.artech.com\/fr\/","name":"Artech","description":"Intelligence is Human","publisher":{"@id":"https:\/\/www.artech.com\/fr\/#organization"},"potentialAction":[{"@type":"SearchAction","target":{"@type":"EntryPoint","urlTemplate":"https:\/\/www.artech.com\/fr\/?s={search_term_string}"},"query-input":{"@type":"PropertyValueSpecification","valueRequired":true,"valueName":"search_term_string"}}],"inLanguage":"fr-FR"},{"@type":"Organization","@id":"https:\/\/www.artech.com\/fr\/#organization","name":"Artech","url":"https:\/\/www.artech.com\/fr\/","logo":{"@type":"ImageObject","inLanguage":"fr-FR","@id":"https:\/\/www.artech.com\/fr\/#\/schema\/logo\/image\/","url":"https:\/\/www.artech.com\/wp-content\/uploads\/2020\/12\/Artech-Logo.png","contentUrl":"https:\/\/www.artech.com\/wp-content\/uploads\/2020\/12\/Artech-Logo.png","width":1435,"height":580,"caption":"Artech"},"image":{"@id":"https:\/\/www.artech.com\/fr\/#\/schema\/logo\/image\/"},"sameAs":["https:\/\/www.facebook.com\/ArtechLLC2","https:\/\/x.com\/Artech_LLC","https:\/\/www.linkedin.com\/company\/artechllc\/","https:\/\/www.youtube.com\/c\/ArtechLLC\/videos"]}]}},"_links":{"self":[{"href":"https:\/\/www.artech.com\/fr\/wp-json\/wp\/v2\/pages\/18405","targetHints":{"allow":["GET"]}}],"collection":[{"href":"https:\/\/www.artech.com\/fr\/wp-json\/wp\/v2\/pages"}],"about":[{"href":"https:\/\/www.artech.com\/fr\/wp-json\/wp\/v2\/types\/page"}],"author":[{"embeddable":true,"href":"https:\/\/www.artech.com\/fr\/wp-json\/wp\/v2\/users\/12"}],"replies":[{"embeddable":true,"href":"https:\/\/www.artech.com\/fr\/wp-json\/wp\/v2\/comments?post=18405"}],"version-history":[{"count":5,"href":"https:\/\/www.artech.com\/fr\/wp-json\/wp\/v2\/pages\/18405\/revisions"}],"predecessor-version":[{"id":21921,"href":"https:\/\/www.artech.com\/fr\/wp-json\/wp\/v2\/pages\/18405\/revisions\/21921"}],"wp:featuredmedia":[{"embeddable":true,"href":"https:\/\/www.artech.com\/fr\/wp-json\/wp\/v2\/media\/18359"}],"wp:attachment":[{"href":"https:\/\/www.artech.com\/fr\/wp-json\/wp\/v2\/media?parent=18405"}],"curies":[{"name":"wp","href":"https:\/\/api.w.org\/{rel}","templated":true}]}}