{"id":18421,"date":"2025-01-18T21:33:19","date_gmt":"2025-01-18T16:03:19","guid":{"rendered":"https:\/\/wpml.artech.com\/case-studies\/modernized-correspondence-for-top-ranked-healthcare-research-leader\/"},"modified":"2025-09-21T15:27:56","modified_gmt":"2025-09-21T09:57:56","slug":"modernized-correspondence-for-top-ranked-healthcare-research-leader","status":"publish","type":"page","link":"https:\/\/www.artech.com\/fr\/modernized-correspondence-for-top-ranked-healthcare-research-leader\/","title":{"rendered":"Correspondance modernis\u00e9e pour les leaders de premier plan dans le domaine de la sant\u00e9 et de la recherche"},"content":{"rendered":"<div class=\"wpb-content-wrapper\">[vc_row fullwidth=\u00a0\u00bbyes\u00a0\u00bb css=\u00a0\u00bb.vc_custom_1625057811177{margin-top: -50px !important;}\u00a0\u00bb background_color=\u00a0\u00bb#253e91&Prime;][vc_column][vc_empty_space height=\u00a0\u00bb20&Prime;]<div class=\"shortcode-wrapper shortcode-title clearfix\"><h1 style=\"color:#ffffff!important;border-color:#ffffff\" class=\"aligncenter\">Modernisation de la correspondance pour un leader de la sant\u00e9 et de la recherche de premier plan<\/h1><\/div>[vc_empty_space height=\u00a0\u00bb20&Prime;][\/vc_column][\/vc_row][vc_row][vc_column width=\u00a0\u00bb1\/6&Prime;][\/vc_column][vc_column width=\u00a0\u00bb2\/3&Prime; css=\u00a0\u00bb.vc_custom_1625108481457{margin-top: -20px !important;border-right-width: 2px !important;border-bottom-width: 2px !important;border-left-width: 2px !important;padding-right: 20px !important;padding-bottom: 20px !important;padding-left: 20px !important;border-left-color: #fba91e !important;border-left-style: solid !important;border-right-color: #fba91e !important;border-right-style: solid !important;border-bottom-color: #fba91e !important;border-bottom-style: solid !important;}\u00a0\u00bb][vc_single_image image=\u00a0\u00bb18360&Prime; img_size=\u00a0\u00bbfull\u00a0\u00bb alignment=\u00a0\u00bbcenter\u00a0\u00bb css=\u00a0\u00bb\u00a0\u00bb]<div class=\"shortcode-wrapper shortcode-title clearfix enhancing-patient\"><h2 style=\"color:#253e91!important;border-color:#253e91\" class=\"aligncenter\">Renforcer l\u2019engagement des patients gr\u00e2ce \u00e0 des syst\u00e8mes de correspondance modernis\u00e9s<\/h2><\/div>[vc_empty_space height=\u00a0\u00bb20&Prime;][vc_column_text css=\u00a0\u00bb\u00a0\u00bb]Notre \u00e9quipe a remplac\u00e9 un syst\u00e8me de gestion de correspondance obsol\u00e8te par une solution AEM de pointe. Cette modernisation a r\u00e9duit les efforts manuels, garanti la conformit\u00e9 et am\u00e9lior\u00e9 la scalabilit\u00e9, ce qui a permis d\u2019accro\u00eetre l\u2019engagement des patients et l\u2019efficacit\u00e9 op\u00e9rationnelle.[\/vc_column_text][vc_empty_space height=\u00a0\u00bb20&Prime;][vc_row_inner equal_height=\u00a0\u00bbyes\u00a0\u00bb content_placement=\u00a0\u00bbtop\u00a0\u00bb][vc_column_inner width=\u00a0\u00bb1\/3&Prime;]<div class=\"shortcode-wrapper shortcode-title clearfix\"><h3 style=\"color:#253e91!important;border-color:#253e91\" class=\"\">Client<\/h3><\/div>[vc_empty_space height=\u00a0\u00bb10&Prime;][vc_separator color=\u00a0\u00bbcustom\u00a0\u00bb align=\u00a0\u00bbalign_left\u00a0\u00bb border_width=\u00a0\u00bb3&Prime; el_width=\u00a0\u00bb30&Prime; accent_color=\u00a0\u00bb#fba91e\u00a0\u00bb][\/vc_column_inner][vc_column_inner width=\u00a0\u00bb1\/3&Prime;][\/vc_column_inner][vc_column_inner width=\u00a0\u00bb1\/3&Prime;][\/vc_column_inner][\/vc_row_inner][vc_column_text css=\u00a0\u00bb.vc_custom_1736502054538{margin-top: -20px !important;}\u00a0\u00bb]Leader am\u00e9ricain de premier plan dans le domaine de la sant\u00e9 et de la recherche[\/vc_column_text][vc_row_inner equal_height=\u00a0\u00bbyes\u00a0\u00bb content_placement=\u00a0\u00bbtop\u00a0\u00bb][vc_column_inner width=\u00a0\u00bb1\/3&Prime;]<div class=\"shortcode-wrapper shortcode-title clearfix\"><h3 style=\"color:#253e91!important;border-color:#253e91\" class=\"\">Probl\u00e8me<\/h3><\/div>[vc_empty_space height=\u00a0\u00bb10&Prime;][vc_separator color=\u00a0\u00bbcustom\u00a0\u00bb align=\u00a0\u00bbalign_left\u00a0\u00bb border_width=\u00a0\u00bb3&Prime; el_width=\u00a0\u00bb30&Prime; accent_color=\u00a0\u00bb#fba91e\u00a0\u00bb][\/vc_column_inner][vc_column_inner width=\u00a0\u00bb1\/3&Prime;][\/vc_column_inner][vc_column_inner width=\u00a0\u00bb1\/3&Prime;][\/vc_column_inner][\/vc_row_inner][vc_column_text css=\u00a0\u00bb.vc_custom_1736502067189{margin-top: -20px !important;}\u00a0\u00bb]Une organisation de sant\u00e9 de premier plan \u00e9tait confront\u00e9e \u00e0 d\u2019importants d\u00e9fis avec son syst\u00e8me de gestion de correspondance obsol\u00e8te bas\u00e9 sur un mainframe. Ce syst\u00e8me \u00e9tait essentiel pour g\u00e9n\u00e9rer et g\u00e9rer toute la correspondance imprim\u00e9e avec les patients, les tuteurs et les prestataires r\u00e9f\u00e9rents. Cependant, le syst\u00e8me vieillissant avait du mal \u00e0 r\u00e9pondre aux exigences croissantes d\u2019efficacit\u00e9, de personnalisation et de conformit\u00e9 dans un environnement de sant\u00e9 moderne. L\u2019organisation \u00e9tait limit\u00e9e dans la g\u00e9n\u00e9ration et la modification de la correspondance, d\u00e9pendante de processus manuels pour la cr\u00e9ation et la gestion des communications avec les patients (entra\u00eenant des retards et des inefficacit\u00e9s), manquait d\u2019int\u00e9gration robuste avec les syst\u00e8mes d\u2019impression et de tri \u00e0 haut volume (provoquant des goulets d\u2019\u00e9tranglement op\u00e9rationnels), et g\u00e9rait de mani\u00e8re inefficace les mises \u00e0 jour des donn\u00e9es des patients et des tuteurs (risques potentiels de non-conformit\u00e9 et d\u2019erreurs de communication). Le fournisseur de soins de sant\u00e9 recherchait une solution moderne et \u00e9volutive pour remplacer son syst\u00e8me legacy et rationaliser ses processus de correspondance.[\/vc_column_text][vc_row_inner equal_height=\u00a0\u00bbyes\u00a0\u00bb content_placement=\u00a0\u00bbtop\u00a0\u00bb][vc_column_inner width=\u00a0\u00bb1\/3&Prime;]<div class=\"shortcode-wrapper shortcode-title clearfix\"><h3 style=\"color:#253e91!important;border-color:#253e91\" class=\"\">Action<\/h3><\/div>[vc_empty_space height=\u00a0\u00bb10&Prime;][vc_separator color=\u00a0\u00bbcustom\u00a0\u00bb align=\u00a0\u00bbalign_left\u00a0\u00bb border_width=\u00a0\u00bb3&Prime; el_width=\u00a0\u00bb30&Prime; accent_color=\u00a0\u00bb#fba91e\u00a0\u00bb][\/vc_column_inner][vc_column_inner width=\u00a0\u00bb1\/3&Prime;][\/vc_column_inner][vc_column_inner width=\u00a0\u00bb1\/3&Prime;][\/vc_column_inner][\/vc_row_inner][vc_column_text css=\u00a0\u00bb.vc_custom_1736502080227{margin-top: -20px !important;}\u00a0\u00bb]Artech a mis \u00e0 profit son expertise en technologies Adobe et en solutions d\u2019entreprise pour concevoir et mettre en \u0153uvre un syst\u00e8me de gestion de correspondance de pointe adapt\u00e9 aux besoins du fournisseur de soins de sant\u00e9. Les composants cl\u00e9s de la solution comprenaient : <\/p>\n<ul>\n<li>Conception et mise en \u0153uvre d\u2019un syst\u00e8me de remplacement utilisant Adobe AEM Forms, int\u00e9grant Process Server, Content Services, Forms et Output, pour rationaliser les flux de correspondance et offrir une solution \u00e9volutive capable de g\u00e9rer une correspondance \u00e0 haut volume avec un support robuste pour la croissance future.<\/li>\n<li>Collaboration \u00e9troite avec le fournisseur de soins de sant\u00e9 pour concevoir une interface utilisateur personnalis\u00e9e permettant aux utilisateurs de consulter, modifier et g\u00e9rer les lettres \u00e0 partir de mod\u00e8les sp\u00e9cifiques aux d\u00e9partements, et gestion du d\u00e9veloppement et des tests des nouvelles interfaces utilisateur pour garantir une exp\u00e9rience fluide.<\/li>\n<li>D\u00e9veloppement d\u2019une application pour g\u00e9n\u00e9rer dynamiquement des lettres \u00e0 partir de mod\u00e8les, permettant une cr\u00e9ation et une r\u00e9vision efficaces tout en impl\u00e9mentant une fonctionnalit\u00e9 \u00ab late-bind \u00bb pour int\u00e9grer les donn\u00e9es les plus r\u00e9centes des patients et tuteurs au moment de l\u2019impression et automatisation de la g\u00e9n\u00e9ration de lettres de rappel et des flux d\u2019impression pour le centre d\u2019impression principal de l\u2019organisation.<\/li>\n<li>Conception d\u2019un moteur d\u2019impression supportant plusieurs s\u00e9lections de bacs d\u2019entr\u00e9e et l\u2019insertion de codes-barres DataMatrix pour le suivi, permettant la g\u00e9n\u00e9ration de flux d\u2019impression simple et recto-verso afin d\u2019optimiser les op\u00e9rations d\u2019impression et de tri \u00e0 haut volume sur les imprimantes Xerox.<\/li>\n<li>Fourniture d\u2019une gestion de projet de bout en bout pour assurer la livraison dans les d\u00e9lais et l\u2019alignement avec les objectifs organisationnels, tout en accompagnant les \u00e9quipes de d\u00e9veloppement internes et en augmentant les ressources pour respecter les jalons critiques du projet.<\/li>\n<\/ul>\n[\/vc_column_text][vc_row_inner equal_height=\u00a0\u00bbyes\u00a0\u00bb content_placement=\u00a0\u00bbtop\u00a0\u00bb][vc_column_inner width=\u00a0\u00bb1\/3&Prime;]<div class=\"shortcode-wrapper shortcode-title clearfix\"><h3 style=\"color:#253e91!important;border-color:#253e91\" class=\"\">R\u00e9sultats<\/h3><\/div>[vc_empty_space height=\u00a0\u00bb10&Prime;][vc_separator color=\u00a0\u00bbcustom\u00a0\u00bb align=\u00a0\u00bbalign_left\u00a0\u00bb border_width=\u00a0\u00bb3&Prime; el_width=\u00a0\u00bb30&Prime; accent_color=\u00a0\u00bb#fba91e\u00a0\u00bb][\/vc_column_inner][vc_column_inner width=\u00a0\u00bb1\/3&Prime;][\/vc_column_inner][vc_column_inner width=\u00a0\u00bb1\/3&Prime;][\/vc_column_inner][\/vc_row_inner][vc_column_text css=\u00a0\u00bb.vc_custom_1736502096125{margin-top: -20px !important;}\u00a0\u00bb]La mise en \u0153uvre du nouveau syst\u00e8me de gestion de correspondance a produit des r\u00e9sultats transformateurs pour le fournisseur de soins de sant\u00e9 : <\/p>\n<ul>\n<li>\u00c9conomies annuelles de pr\u00e8s de 1 million de dollars sur la main-d\u2019\u0153uvre et les co\u00fbts postaux en optimisant les flux d\u2019impression et en utilisant les capacit\u00e9s avanc\u00e9es de trieur\/inserteur d\u00e9j\u00e0 disponibles dans l\u2019infrastructure de l\u2019organisation.<\/li>\n<li>R\u00e9duction des efforts manuels et du temps de traitement gr\u00e2ce \u00e0 des flux automatis\u00e9s, permettant au personnel de se concentrer sur des t\u00e2ches \u00e0 plus forte valeur ajout\u00e9e tout en am\u00e9liorant la scalabilit\u00e9 et la fiabilit\u00e9 pour g\u00e9rer des volumes croissants de communications avec les patients.<\/li>\n<li>Minimisation des erreurs et respect des normes de communication en sant\u00e9 gr\u00e2ce \u00e0 la liaison dynamique des donn\u00e9es et aux mises \u00e0 jour automatis\u00e9es.<\/li>\n<li>Am\u00e9lioration de l\u2019efficacit\u00e9 op\u00e9rationnelle gr\u00e2ce au regroupement asynchrone du moteur d\u2019impression, maximisant le d\u00e9bit et offrant une fonction de red\u00e9marrage robuste, r\u00e9duisant les temps d\u2019arr\u00eat et garantissant un traitement fluide.<\/li>\n<li>La solution d\u2019Artech a permis au fournisseur de soins de sant\u00e9 de moderniser son infrastructure de communication, d\u2019am\u00e9liorer l\u2019efficacit\u00e9 op\u00e9rationnelle et d\u2019accro\u00eetre l\u2019engagement des patients tout en garantissant la conformit\u00e9 et la pr\u00e9cision.<\/li>\n<\/ul>\n[\/vc_column_text][\/vc_column][vc_column width=\u00a0\u00bb1\/6&Prime;][\/vc_column][\/vc_row][vc_row][vc_column][vc_column_text][\/vc_column_text][\/vc_column][\/vc_row][vc_row css=\u00a0\u00bb.vc_custom_1633510557596{margin-bottom: -55px !important;}\u00a0\u00bb][vc_column width=\u00a0\u00bb1\/4&Prime;][\/vc_column][vc_column width=\u00a0\u00bb1\/2&Prime;][vc_column_text css=\u00a0\u00bb.vc_custom_1714748425114{margin-bottom: 8px !important;}\u00a0\u00bb]\n<p style=\"text-align: center;\"><strong>Ce cas pratique refl\u00e8te-t-il un probl\u00e8me similaire auquel vous \u00eates confront\u00e9&nbsp;?<\/strong><br \/>\n<strong>Pour d\u00e9couvrir comment nous pouvons vous aider<\/strong><\/p>\n[\/vc_column_text][vc_empty_space height=\u00a0\u00bb20px\u00a0\u00bb][vc_column_text]\n<p style=\"text-align: center;\"><span class='maxbutton-15-container mb-container'><a class=\"maxbutton-15 maxbutton maxbutton-contact-us-today\" href=\"\/fr\/contact-us\/\"><span class='mb-text'>CONTACTEZ-NOUS D\u00c8S AUJOURD\u2019HUI !<\/span><\/a><\/span>\n[\/vc_column_text][\/vc_column][vc_column width=\u00a0\u00bb1\/4&Prime;][\/vc_column][\/vc_row][vc_row][vc_column][vc_column_text][\/vc_column_text][\/vc_column][\/vc_row]\n<\/div>","protected":false},"excerpt":{"rendered":"<p>[vc_row fullwidth=\u00a0\u00bbyes\u00a0\u00bb css=\u00a0\u00bb.vc_custom_1625057811177{margin-top: -50px !important;}\u00a0\u00bb background_color=\u00a0\u00bb#253e91&Prime;][vc_column][vc_empty_space height=\u00a0\u00bb20&Prime;][vc_empty_space height=\u00a0\u00bb20&Prime;][\/vc_column][\/vc_row][vc_row][vc_column width=\u00a0\u00bb1\/6&Prime;][\/vc_column][vc_column width=\u00a0\u00bb2\/3&Prime; css=\u00a0\u00bb.vc_custom_1625108481457{margin-top: -20px !important;border-right-width: 2px !important;border-bottom-width: 2px !important;border-left-width: 2px !important;padding-right: 20px [&hellip;]<\/p>\n","protected":false},"author":12,"featured_media":18360,"parent":0,"menu_order":0,"comment_status":"closed","ping_status":"closed","template":"","meta":{"_acf_changed":false,"_monsterinsights_skip_tracking":false,"_monsterinsights_sitenote_active":false,"_monsterinsights_sitenote_note":"","_monsterinsights_sitenote_category":0,"_glsr_average":0,"_glsr_ranking":0,"_glsr_reviews":0,"footnotes":""},"class_list":["post-18421","page","type-page","status-publish","has-post-thumbnail","hentry"],"acf":[],"yoast_head":"<!-- This site is optimized with the Yoast SEO plugin v27.4 - https:\/\/yoast.com\/product\/yoast-seo-wordpress\/ -->\n<title>Enhancing Patient Communication with Automation &amp; Compliance | Artech<\/title>\n<meta name=\"description\" content=\"Discover how Artech modernized a healthcare leader\u2019s correspondence system with AEM, reducing costs and improving engagement. Read more!\" \/>\n<meta name=\"robots\" content=\"index, follow, max-snippet:-1, max-image-preview:large, max-video-preview:-1\" \/>\n<link rel=\"canonical\" href=\"https:\/\/www.artech.com\/fr\/modernized-correspondence-for-top-ranked-healthcare-research-leader\/\" \/>\n<meta property=\"og:locale\" content=\"fr_FR\" \/>\n<meta property=\"og:type\" content=\"article\" \/>\n<meta property=\"og:title\" content=\"Enhancing Patient Communication with Automation &amp; Compliance | Artech\" \/>\n<meta property=\"og:description\" content=\"Discover how Artech modernized a healthcare leader\u2019s correspondence system with AEM, reducing costs and improving engagement. Read more!\" \/>\n<meta property=\"og:url\" content=\"https:\/\/www.artech.com\/fr\/modernized-correspondence-for-top-ranked-healthcare-research-leader\/\" \/>\n<meta property=\"og:site_name\" content=\"Artech\" \/>\n<meta property=\"article:publisher\" content=\"https:\/\/www.facebook.com\/ArtechLLC2\" \/>\n<meta property=\"article:modified_time\" content=\"2025-09-21T09:57:56+00:00\" \/>\n<meta property=\"og:image\" content=\"https:\/\/www.artech.com\/wp-content\/uploads\/2025\/01\/Modernized-Correspondence-for-Top-Ranked-Healthcare-Research-Leader.png\" \/>\n\t<meta property=\"og:image:width\" content=\"1270\" \/>\n\t<meta property=\"og:image:height\" content=\"674\" \/>\n\t<meta property=\"og:image:type\" content=\"image\/png\" \/>\n<meta name=\"twitter:card\" content=\"summary_large_image\" \/>\n<meta name=\"twitter:site\" content=\"@Artech_LLC\" \/>\n<meta name=\"twitter:label1\" content=\"Dur\u00e9e de lecture estim\u00e9e\" \/>\n\t<meta name=\"twitter:data1\" content=\"4 minutes\" \/>\n<script type=\"application\/ld+json\" class=\"yoast-schema-graph\">{\"@context\":\"https:\\\/\\\/schema.org\",\"@graph\":[{\"@type\":\"WebPage\",\"@id\":\"https:\\\/\\\/www.artech.com\\\/fr\\\/modernized-correspondence-for-top-ranked-healthcare-research-leader\\\/\",\"url\":\"https:\\\/\\\/www.artech.com\\\/fr\\\/modernized-correspondence-for-top-ranked-healthcare-research-leader\\\/\",\"name\":\"Enhancing Patient Communication with Automation & Compliance | Artech\",\"isPartOf\":{\"@id\":\"https:\\\/\\\/www.artech.com\\\/fr\\\/#website\"},\"primaryImageOfPage\":{\"@id\":\"https:\\\/\\\/www.artech.com\\\/fr\\\/modernized-correspondence-for-top-ranked-healthcare-research-leader\\\/#primaryimage\"},\"image\":{\"@id\":\"https:\\\/\\\/www.artech.com\\\/fr\\\/modernized-correspondence-for-top-ranked-healthcare-research-leader\\\/#primaryimage\"},\"thumbnailUrl\":\"https:\\\/\\\/www.artech.com\\\/wp-content\\\/uploads\\\/2025\\\/01\\\/Modernized-Correspondence-for-Top-Ranked-Healthcare-Research-Leader.png\",\"datePublished\":\"2025-01-18T16:03:19+00:00\",\"dateModified\":\"2025-09-21T09:57:56+00:00\",\"description\":\"Discover how Artech modernized a healthcare leader\u2019s correspondence system with AEM, reducing costs and improving engagement. Read more!\",\"breadcrumb\":{\"@id\":\"https:\\\/\\\/www.artech.com\\\/fr\\\/modernized-correspondence-for-top-ranked-healthcare-research-leader\\\/#breadcrumb\"},\"inLanguage\":\"fr-FR\",\"potentialAction\":[{\"@type\":\"ReadAction\",\"target\":[\"https:\\\/\\\/www.artech.com\\\/fr\\\/modernized-correspondence-for-top-ranked-healthcare-research-leader\\\/\"]}]},{\"@type\":\"ImageObject\",\"inLanguage\":\"fr-FR\",\"@id\":\"https:\\\/\\\/www.artech.com\\\/fr\\\/modernized-correspondence-for-top-ranked-healthcare-research-leader\\\/#primaryimage\",\"url\":\"https:\\\/\\\/www.artech.com\\\/wp-content\\\/uploads\\\/2025\\\/01\\\/Modernized-Correspondence-for-Top-Ranked-Healthcare-Research-Leader.png\",\"contentUrl\":\"https:\\\/\\\/www.artech.com\\\/wp-content\\\/uploads\\\/2025\\\/01\\\/Modernized-Correspondence-for-Top-Ranked-Healthcare-Research-Leader.png\",\"width\":1270,\"height\":674,\"caption\":\"Modernized Correspondence for Top Ranked Healthcare Research Leader\"},{\"@type\":\"BreadcrumbList\",\"@id\":\"https:\\\/\\\/www.artech.com\\\/fr\\\/modernized-correspondence-for-top-ranked-healthcare-research-leader\\\/#breadcrumb\",\"itemListElement\":[{\"@type\":\"ListItem\",\"position\":1,\"name\":\"Home\",\"item\":\"https:\\\/\\\/www.artech.com\\\/fr\\\/\"},{\"@type\":\"ListItem\",\"position\":2,\"name\":\"Correspondance modernis\u00e9e pour les leaders de premier plan dans le domaine de la sant\u00e9 et de la recherche\"}]},{\"@type\":\"WebSite\",\"@id\":\"https:\\\/\\\/www.artech.com\\\/fr\\\/#website\",\"url\":\"https:\\\/\\\/www.artech.com\\\/fr\\\/\",\"name\":\"Artech\",\"description\":\"Intelligence is Human\",\"publisher\":{\"@id\":\"https:\\\/\\\/www.artech.com\\\/fr\\\/#organization\"},\"potentialAction\":[{\"@type\":\"SearchAction\",\"target\":{\"@type\":\"EntryPoint\",\"urlTemplate\":\"https:\\\/\\\/www.artech.com\\\/fr\\\/?s={search_term_string}\"},\"query-input\":{\"@type\":\"PropertyValueSpecification\",\"valueRequired\":true,\"valueName\":\"search_term_string\"}}],\"inLanguage\":\"fr-FR\"},{\"@type\":\"Organization\",\"@id\":\"https:\\\/\\\/www.artech.com\\\/fr\\\/#organization\",\"name\":\"Artech\",\"url\":\"https:\\\/\\\/www.artech.com\\\/fr\\\/\",\"logo\":{\"@type\":\"ImageObject\",\"inLanguage\":\"fr-FR\",\"@id\":\"https:\\\/\\\/www.artech.com\\\/fr\\\/#\\\/schema\\\/logo\\\/image\\\/\",\"url\":\"https:\\\/\\\/www.artech.com\\\/wp-content\\\/uploads\\\/2020\\\/12\\\/Artech-Logo.png\",\"contentUrl\":\"https:\\\/\\\/www.artech.com\\\/wp-content\\\/uploads\\\/2020\\\/12\\\/Artech-Logo.png\",\"width\":1435,\"height\":580,\"caption\":\"Artech\"},\"image\":{\"@id\":\"https:\\\/\\\/www.artech.com\\\/fr\\\/#\\\/schema\\\/logo\\\/image\\\/\"},\"sameAs\":[\"https:\\\/\\\/www.facebook.com\\\/ArtechLLC2\",\"https:\\\/\\\/x.com\\\/Artech_LLC\",\"https:\\\/\\\/www.linkedin.com\\\/company\\\/artechllc\\\/\",\"https:\\\/\\\/www.youtube.com\\\/c\\\/ArtechLLC\\\/videos\"]}]}<\/script>\n<!-- \/ Yoast SEO plugin. -->","yoast_head_json":{"title":"Enhancing Patient Communication with Automation & Compliance | Artech","description":"Discover how Artech modernized a healthcare leader\u2019s correspondence system with AEM, reducing costs and improving engagement. Read more!","robots":{"index":"index","follow":"follow","max-snippet":"max-snippet:-1","max-image-preview":"max-image-preview:large","max-video-preview":"max-video-preview:-1"},"canonical":"https:\/\/www.artech.com\/fr\/modernized-correspondence-for-top-ranked-healthcare-research-leader\/","og_locale":"fr_FR","og_type":"article","og_title":"Enhancing Patient Communication with Automation & Compliance | Artech","og_description":"Discover how Artech modernized a healthcare leader\u2019s correspondence system with AEM, reducing costs and improving engagement. Read more!","og_url":"https:\/\/www.artech.com\/fr\/modernized-correspondence-for-top-ranked-healthcare-research-leader\/","og_site_name":"Artech","article_publisher":"https:\/\/www.facebook.com\/ArtechLLC2","article_modified_time":"2025-09-21T09:57:56+00:00","og_image":[{"width":1270,"height":674,"url":"https:\/\/www.artech.com\/wp-content\/uploads\/2025\/01\/Modernized-Correspondence-for-Top-Ranked-Healthcare-Research-Leader.png","type":"image\/png"}],"twitter_card":"summary_large_image","twitter_site":"@Artech_LLC","twitter_misc":{"Dur\u00e9e de lecture estim\u00e9e":"4 minutes"},"schema":{"@context":"https:\/\/schema.org","@graph":[{"@type":"WebPage","@id":"https:\/\/www.artech.com\/fr\/modernized-correspondence-for-top-ranked-healthcare-research-leader\/","url":"https:\/\/www.artech.com\/fr\/modernized-correspondence-for-top-ranked-healthcare-research-leader\/","name":"Enhancing Patient Communication with Automation & Compliance | Artech","isPartOf":{"@id":"https:\/\/www.artech.com\/fr\/#website"},"primaryImageOfPage":{"@id":"https:\/\/www.artech.com\/fr\/modernized-correspondence-for-top-ranked-healthcare-research-leader\/#primaryimage"},"image":{"@id":"https:\/\/www.artech.com\/fr\/modernized-correspondence-for-top-ranked-healthcare-research-leader\/#primaryimage"},"thumbnailUrl":"https:\/\/www.artech.com\/wp-content\/uploads\/2025\/01\/Modernized-Correspondence-for-Top-Ranked-Healthcare-Research-Leader.png","datePublished":"2025-01-18T16:03:19+00:00","dateModified":"2025-09-21T09:57:56+00:00","description":"Discover how Artech modernized a healthcare leader\u2019s correspondence system with AEM, reducing costs and improving engagement. Read more!","breadcrumb":{"@id":"https:\/\/www.artech.com\/fr\/modernized-correspondence-for-top-ranked-healthcare-research-leader\/#breadcrumb"},"inLanguage":"fr-FR","potentialAction":[{"@type":"ReadAction","target":["https:\/\/www.artech.com\/fr\/modernized-correspondence-for-top-ranked-healthcare-research-leader\/"]}]},{"@type":"ImageObject","inLanguage":"fr-FR","@id":"https:\/\/www.artech.com\/fr\/modernized-correspondence-for-top-ranked-healthcare-research-leader\/#primaryimage","url":"https:\/\/www.artech.com\/wp-content\/uploads\/2025\/01\/Modernized-Correspondence-for-Top-Ranked-Healthcare-Research-Leader.png","contentUrl":"https:\/\/www.artech.com\/wp-content\/uploads\/2025\/01\/Modernized-Correspondence-for-Top-Ranked-Healthcare-Research-Leader.png","width":1270,"height":674,"caption":"Modernized Correspondence for Top Ranked Healthcare Research Leader"},{"@type":"BreadcrumbList","@id":"https:\/\/www.artech.com\/fr\/modernized-correspondence-for-top-ranked-healthcare-research-leader\/#breadcrumb","itemListElement":[{"@type":"ListItem","position":1,"name":"Home","item":"https:\/\/www.artech.com\/fr\/"},{"@type":"ListItem","position":2,"name":"Correspondance modernis\u00e9e pour les leaders de premier plan dans le domaine de la sant\u00e9 et de la recherche"}]},{"@type":"WebSite","@id":"https:\/\/www.artech.com\/fr\/#website","url":"https:\/\/www.artech.com\/fr\/","name":"Artech","description":"Intelligence is Human","publisher":{"@id":"https:\/\/www.artech.com\/fr\/#organization"},"potentialAction":[{"@type":"SearchAction","target":{"@type":"EntryPoint","urlTemplate":"https:\/\/www.artech.com\/fr\/?s={search_term_string}"},"query-input":{"@type":"PropertyValueSpecification","valueRequired":true,"valueName":"search_term_string"}}],"inLanguage":"fr-FR"},{"@type":"Organization","@id":"https:\/\/www.artech.com\/fr\/#organization","name":"Artech","url":"https:\/\/www.artech.com\/fr\/","logo":{"@type":"ImageObject","inLanguage":"fr-FR","@id":"https:\/\/www.artech.com\/fr\/#\/schema\/logo\/image\/","url":"https:\/\/www.artech.com\/wp-content\/uploads\/2020\/12\/Artech-Logo.png","contentUrl":"https:\/\/www.artech.com\/wp-content\/uploads\/2020\/12\/Artech-Logo.png","width":1435,"height":580,"caption":"Artech"},"image":{"@id":"https:\/\/www.artech.com\/fr\/#\/schema\/logo\/image\/"},"sameAs":["https:\/\/www.facebook.com\/ArtechLLC2","https:\/\/x.com\/Artech_LLC","https:\/\/www.linkedin.com\/company\/artechllc\/","https:\/\/www.youtube.com\/c\/ArtechLLC\/videos"]}]}},"_links":{"self":[{"href":"https:\/\/www.artech.com\/fr\/wp-json\/wp\/v2\/pages\/18421","targetHints":{"allow":["GET"]}}],"collection":[{"href":"https:\/\/www.artech.com\/fr\/wp-json\/wp\/v2\/pages"}],"about":[{"href":"https:\/\/www.artech.com\/fr\/wp-json\/wp\/v2\/types\/page"}],"author":[{"embeddable":true,"href":"https:\/\/www.artech.com\/fr\/wp-json\/wp\/v2\/users\/12"}],"replies":[{"embeddable":true,"href":"https:\/\/www.artech.com\/fr\/wp-json\/wp\/v2\/comments?post=18421"}],"version-history":[{"count":5,"href":"https:\/\/www.artech.com\/fr\/wp-json\/wp\/v2\/pages\/18421\/revisions"}],"predecessor-version":[{"id":19393,"href":"https:\/\/www.artech.com\/fr\/wp-json\/wp\/v2\/pages\/18421\/revisions\/19393"}],"wp:featuredmedia":[{"embeddable":true,"href":"https:\/\/www.artech.com\/fr\/wp-json\/wp\/v2\/media\/18360"}],"wp:attachment":[{"href":"https:\/\/www.artech.com\/fr\/wp-json\/wp\/v2\/media?parent=18421"}],"curies":[{"name":"wp","href":"https:\/\/api.w.org\/{rel}","templated":true}]}}