{"id":18425,"date":"2025-01-18T21:36:19","date_gmt":"2025-01-18T16:06:19","guid":{"rendered":"https:\/\/wpml.artech.com\/case-studies\/seamless-migration-redesign-for-global-technology-leader\/"},"modified":"2026-04-06T17:17:28","modified_gmt":"2026-04-06T11:47:28","slug":"seamless-migration-redesign-for-global-technology-leader","status":"publish","type":"page","link":"https:\/\/www.artech.com\/fr\/seamless-migration-redesign-for-global-technology-leader\/","title":{"rendered":"Migration et refonte transparentes pour un leader technologique mondial"},"content":{"rendered":"<div class=\"wpb-content-wrapper\">[vc_row fullwidth=\u00a0\u00bbyes\u00a0\u00bb css=\u00a0\u00bb.vc_custom_1625057811177{margin-top: -50px !important;}\u00a0\u00bb background_color=\u00a0\u00bb#253e91&Prime;][vc_column][vc_empty_space height=\u00a0\u00bb20&Prime;]<div class=\"shortcode-wrapper shortcode-title clearfix\"><h1 style=\"color:#ffffff!important;border-color:#ffffff\" class=\"aligncenter\">Migration et refonte fluides pour un leader technologique mondial<\/h1><\/div>[vc_empty_space height=\u00a0\u00bb20&Prime;][\/vc_column][\/vc_row][vc_row][vc_column width=\u00a0\u00bb1\/6&Prime;][\/vc_column][vc_column width=\u00a0\u00bb2\/3&Prime; css=\u00a0\u00bb.vc_custom_1625108481457{margin-top: -20px !important;border-right-width: 2px !important;border-bottom-width: 2px !important;border-left-width: 2px !important;padding-right: 20px !important;padding-bottom: 20px !important;padding-left: 20px !important;border-left-color: #fba91e !important;border-left-style: solid !important;border-right-color: #fba91e !important;border-right-style: solid !important;border-bottom-color: #fba91e !important;border-bottom-style: solid !important;}\u00a0\u00bb][vc_single_image image=\u00a0\u00bb18358&Prime; img_size=\u00a0\u00bbfull\u00a0\u00bb alignment=\u00a0\u00bbcenter\u00a0\u00bb css=\u00a0\u00bb\u00a0\u00bb]<div class=\"shortcode-wrapper shortcode-title clearfix enhancing-digital\"><h2 style=\"color:#253e91!important;border-color:#253e91\" class=\"aligncenter\">Renforcer la pr\u00e9sence num\u00e9rique avec un site web mondial unifi\u00e9<\/h2><\/div>[vc_empty_space height=\u00a0\u00bb20&Prime;][vc_column_text css=\u00a0\u00bb\u00a0\u00bb]Notre \u00e9quipe a g\u00e9r\u00e9 la migration de plusieurs sites web mondiaux vers la plateforme AEM, garantissant une exp\u00e9rience unifi\u00e9e et \u00e9volutive. Cette migration a am\u00e9lior\u00e9 les performances du site, le SEO et l\u2019accessibilit\u00e9, tout en d\u00e9passant les attentes du client gr\u00e2ce \u00e0 une pr\u00e9sence num\u00e9rique rationalis\u00e9e.[\/vc_column_text][vc_empty_space height=\u00a0\u00bb20&Prime;][vc_row_inner equal_height=\u00a0\u00bbyes\u00a0\u00bb content_placement=\u00a0\u00bbtop\u00a0\u00bb][vc_column_inner width=\u00a0\u00bb1\/3&Prime;]<div class=\"shortcode-wrapper shortcode-title clearfix\"><h3 style=\"color:#253e91!important;border-color:#253e91\" class=\"\">Client<\/h3><\/div>[vc_empty_space height=\u00a0\u00bb10&Prime;][vc_separator color=\u00a0\u00bbcustom\u00a0\u00bb align=\u00a0\u00bbalign_left\u00a0\u00bb border_width=\u00a0\u00bb3&Prime; el_width=\u00a0\u00bb30&Prime; accent_color=\u00a0\u00bb#fba91e\u00a0\u00bb][\/vc_column_inner][vc_column_inner width=\u00a0\u00bb1\/3&Prime;][\/vc_column_inner][vc_column_inner width=\u00a0\u00bb1\/3&Prime;][\/vc_column_inner][\/vc_row_inner][vc_column_text css=\u00a0\u00bb.vc_custom_1736418696390{margin-top: -20px !important;}\u00a0\u00bb]Leader mondialement reconnu dans le logiciel et la technologie[\/vc_column_text][vc_row_inner equal_height=\u00a0\u00bbyes\u00a0\u00bb content_placement=\u00a0\u00bbtop\u00a0\u00bb][vc_column_inner width=\u00a0\u00bb1\/3&Prime;]<div class=\"shortcode-wrapper shortcode-title clearfix\"><h3 style=\"color:#253e91!important;border-color:#253e91\" class=\"\">Probl\u00e8me<\/h3><\/div>[vc_empty_space height=\u00a0\u00bb10&Prime;][vc_separator color=\u00a0\u00bbcustom\u00a0\u00bb align=\u00a0\u00bbalign_left\u00a0\u00bb border_width=\u00a0\u00bb3&Prime; el_width=\u00a0\u00bb30&Prime; accent_color=\u00a0\u00bb#fba91e\u00a0\u00bb][\/vc_column_inner][vc_column_inner width=\u00a0\u00bb1\/3&Prime;][\/vc_column_inner][vc_column_inner width=\u00a0\u00bb1\/3&Prime;][\/vc_column_inner][\/vc_row_inner][vc_column_text css=\u00a0\u00bb.vc_custom_1736418708376{margin-top: -20px !important;}\u00a0\u00bb]Le client \u2013 une r\u00e9f\u00e9rence dans le secteur technologique \u2013 \u00e9tait confront\u00e9 \u00e0 d\u2019importants d\u00e9fis dus \u00e0 un syst\u00e8me de gestion de contenu fragment\u00e9 sur plusieurs sites web, ce qui entravait une exp\u00e9rience utilisateur fluide et ralentissait les mises \u00e0 jour et refontes de contenu. Avec un projet de migration massif couvrant plusieurs sites mondiaux et types de contenu, il n\u00e9cessitait une solution unifi\u00e9e et \u00e9volutive. L\u2019objectif \u00e9tait de migrer plusieurs sites vers Adobe Experience Manager (AEM), de refondre certains sites et de maintenir une exp\u00e9rience de marque coh\u00e9rente tout en coordonnant des \u00e9quipes multifonctionnelles et des exigences techniques complexes.<br \/>\nLes retards dans la livraison des fonctionnalit\u00e9s de la plateforme, les contraintes budg\u00e9taires changeantes et la n\u00e9cessit\u00e9 de coordination avec des prestataires tiers constituaient des obstacles suppl\u00e9mentaires. Le client recherchait un partenaire capable de g\u00e9rer ces complexit\u00e9s, de respecter des d\u00e9lais ambitieux et de surmonter des d\u00e9fis techniques majeurs.[\/vc_column_text][vc_row_inner equal_height=\u00a0\u00bbyes\u00a0\u00bb content_placement=\u00a0\u00bbtop\u00a0\u00bb][vc_column_inner width=\u00a0\u00bb1\/3&Prime;]<div class=\"shortcode-wrapper shortcode-title clearfix\"><h3 style=\"color:#253e91!important;border-color:#253e91\" class=\"\">Action<\/h3><\/div>[vc_empty_space height=\u00a0\u00bb10&Prime;][vc_separator color=\u00a0\u00bbcustom\u00a0\u00bb align=\u00a0\u00bbalign_left\u00a0\u00bb border_width=\u00a0\u00bb3&Prime; el_width=\u00a0\u00bb30&Prime; accent_color=\u00a0\u00bb#fba91e\u00a0\u00bb][\/vc_column_inner][vc_column_inner width=\u00a0\u00bb1\/3&Prime;][\/vc_column_inner][vc_column_inner width=\u00a0\u00bb1\/3&Prime;][\/vc_column_inner][\/vc_row_inner][vc_column_text css=\u00a0\u00bb.vc_custom_1736423537621{margin-top: -20px !important;}\u00a0\u00bb]Artech a dirig\u00e9 les efforts de migration et de refonte gr\u00e2ce \u00e0 une combinaison de planification strat\u00e9gique et d\u2019ex\u00e9cution pratique :<\/p>\n<ul>\n<li>\u00c9laboration d\u2019une feuille de route compl\u00e8te pour migrer et refondre des sites avec diff\u00e9rents niveaux de personnalisation, incluant le mapping des composants et une optimisation des processus post-migration.<\/li>\n<li>Direction des refontes de sites sp\u00e9cifiques avec int\u00e9gration de composants personnalis\u00e9s, design responsive et accessibilit\u00e9 web pour respecter les standards modernes.<\/li>\n<li>Coordination avec les \u00e9quipes multifonctionnelles, incluant les \u00e9quipes internes du client et les partenaires externes, pour assurer une communication fluide et l\u2019ex\u00e9cution des t\u00e2ches.<\/li>\n<li>Gestion de projet continue et mises \u00e0 jour r\u00e9guli\u00e8res via un rythme de communication d\u00e9taill\u00e9 avec les parties prenantes.<\/li>\n<li>Int\u00e9gration des ressources de production AEM et gestion de la cr\u00e9ation de contenu, tests d\u2019accessibilit\u00e9 et localisation pour plusieurs lancements de sites.<\/li>\n<li>D\u00e9veloppement personnalis\u00e9 de fonctionnalit\u00e9s web en collaboration \u00e9troite avec les \u00e9quipes techniques du client.<\/li>\n<li>Tests approfondis et r\u00e9solution des probl\u00e8mes avant le lancement, incluant le suivi Hypercare et le support post-lancement pour garantir un fonctionnement optimal.<\/li>\n<li>Obtention d\u2019un contrat de maintenance \u00e0 long terme post-migration, d\u00e9montrant la confiance du client dans la capacit\u00e9 d\u2019Artech \u00e0 g\u00e9rer les mises \u00e0 jour et am\u00e9liorations continues du site.<\/li>\n<\/ul>\n[\/vc_column_text][vc_row_inner equal_height=\u00a0\u00bbyes\u00a0\u00bb content_placement=\u00a0\u00bbtop\u00a0\u00bb][vc_column_inner width=\u00a0\u00bb1\/3&Prime;]<div class=\"shortcode-wrapper shortcode-title clearfix\"><h3 style=\"color:#253e91!important;border-color:#253e91\" class=\"\">R\u00e9sultats<\/h3><\/div>[vc_empty_space height=\u00a0\u00bb10&Prime;][vc_separator color=\u00a0\u00bbcustom\u00a0\u00bb align=\u00a0\u00bbalign_left\u00a0\u00bb border_width=\u00a0\u00bb3&Prime; el_width=\u00a0\u00bb30&Prime; accent_color=\u00a0\u00bb#fba91e\u00a0\u00bb][\/vc_column_inner][vc_column_inner width=\u00a0\u00bb1\/3&Prime;][\/vc_column_inner][vc_column_inner width=\u00a0\u00bb1\/3&Prime;][\/vc_column_inner][\/vc_row_inner][vc_column_text css=\u00a0\u00bb.vc_custom_1736423554936{margin-top: -20px !important;}\u00a0\u00bb]Malgr\u00e9 les d\u00e9fis, Artech a livr\u00e9 le projet avant la fin de l\u2019exercice fiscal, gagnant la confiance du client pour de futurs projets :<\/p>\n<ul>\n<li>Migr\u00e9 plusieurs sites et actifs avant le calendrier pr\u00e9vu tout en respectant les normes SEO, d\u2019accessibilit\u00e9 et de performance.<\/li>\n<li>R\u00e9duction de 30\u202f% des co\u00fbts du projet par rapport \u00e0 l\u2019estimation initiale en alignant la port\u00e9e avec les contraintes budg\u00e9taires et en se concentrant sur les flux de travail prioritaires.<\/li>\n<li>R\u00e9duction significative du d\u00e9lai de traitement des demandes de publication de contenu par rapport aux m\u00e9triques de l\u2019ancien CMS.<\/li>\n<li>Migr\u00e9 avec succ\u00e8s plusieurs sites disparates vers une plateforme AEM unifi\u00e9e, r\u00e9duisant l\u2019empreinte num\u00e9rique et rationalisant la maintenance \u00e0 long terme.<\/li>\n<li>Livr\u00e9 des sites optimis\u00e9s et accessibles, garantissant aux utilisateurs de diff\u00e9rents appareils et r\u00e9gions une exp\u00e9rience de navigation coh\u00e9rente, rapide et responsive.<\/li>\n<li>Ach\u00e8vement de la localisation pour les march\u00e9s mondiaux, assurant la parit\u00e9 avec les strat\u00e9gies SEO pr\u00e9-migration et maintenant les niveaux de trafic.<\/li>\n<\/ul>\n[\/vc_column_text][\/vc_column][vc_column width=\u00a0\u00bb1\/6&Prime;][\/vc_column][\/vc_row][vc_row][vc_column][vc_column_text][\/vc_column_text][\/vc_column][\/vc_row][vc_row css=\u00a0\u00bb.vc_custom_1633510557596{margin-bottom: -55px !important;}\u00a0\u00bb][vc_column width=\u00a0\u00bb1\/4&Prime;][\/vc_column][vc_column width=\u00a0\u00bb1\/2&Prime;][vc_column_text css=\u00a0\u00bb.vc_custom_1714748425114{margin-bottom: 8px !important;}\u00a0\u00bb]\n<p style=\"text-align: center;\"><strong>Ce cas pratique refl\u00e8te-t-il un probl\u00e8me similaire auquel vous \u00eates confront\u00e9\u00a0?<\/strong><br \/>\n<strong>Pour d\u00e9couvrir comment nous pouvons vous aider<\/strong><\/p>\n[\/vc_column_text][vc_empty_space height=\u00a0\u00bb20px\u00a0\u00bb][vc_column_text]\n<p style=\"text-align: center;\"><span class='maxbutton-15-container mb-container'><a class=\"maxbutton-15 maxbutton maxbutton-contact-us-today\" href=\"\/fr\/contact-us\/\"><span class='mb-text'>CONTACTEZ-NOUS D\u00c8S AUJOURD\u2019HUI !<\/span><\/a><\/span>\n[\/vc_column_text][\/vc_column][vc_column width=\u00a0\u00bb1\/4&Prime;][\/vc_column][\/vc_row][vc_row][vc_column][vc_column_text][\/vc_column_text][\/vc_column][\/vc_row]\n<\/div>","protected":false},"excerpt":{"rendered":"<p>[vc_row fullwidth=\u00a0\u00bbyes\u00a0\u00bb css=\u00a0\u00bb.vc_custom_1625057811177{margin-top: -50px !important;}\u00a0\u00bb background_color=\u00a0\u00bb#253e91&Prime;][vc_column][vc_empty_space height=\u00a0\u00bb20&Prime;][vc_empty_space height=\u00a0\u00bb20&Prime;][\/vc_column][\/vc_row][vc_row][vc_column width=\u00a0\u00bb1\/6&Prime;][\/vc_column][vc_column width=\u00a0\u00bb2\/3&Prime; css=\u00a0\u00bb.vc_custom_1625108481457{margin-top: -20px !important;border-right-width: 2px !important;border-bottom-width: 2px !important;border-left-width: 2px !important;padding-right: 20px [&hellip;]<\/p>\n","protected":false},"author":12,"featured_media":18358,"parent":0,"menu_order":0,"comment_status":"closed","ping_status":"closed","template":"","meta":{"_acf_changed":false,"_monsterinsights_skip_tracking":false,"_monsterinsights_sitenote_active":false,"_monsterinsights_sitenote_note":"","_monsterinsights_sitenote_category":0,"_glsr_average":0,"_glsr_ranking":0,"_glsr_reviews":0,"footnotes":""},"class_list":["post-18425","page","type-page","status-publish","has-post-thumbnail","hentry"],"acf":[],"yoast_head":"<!-- This site is optimized with the Yoast SEO plugin v27.4 - https:\/\/yoast.com\/product\/yoast-seo-wordpress\/ -->\n<title>Migration et refonte transparentes pour un leader technologique mondial - Artech<\/title>\n<meta name=\"description\" content=\"D\u00e9couvrez comment Artech a migr\u00e9 et refondu en toute fluidit\u00e9 des sites web internationaux avec AEM, optimisant ainsi leur SEO, leurs performances et leur accessibilit\u00e9. Lisez l&#039;\u00e9tude de cas compl\u00e8te !\" \/>\n<meta name=\"robots\" content=\"index, follow, max-snippet:-1, max-image-preview:large, max-video-preview:-1\" \/>\n<link rel=\"canonical\" href=\"https:\/\/www.artech.com\/fr\/seamless-migration-redesign-for-global-technology-leader\/\" \/>\n<meta property=\"og:locale\" content=\"fr_FR\" \/>\n<meta property=\"og:type\" content=\"article\" \/>\n<meta property=\"og:title\" content=\"Migration et refonte transparentes pour un leader technologique mondial - Artech\" \/>\n<meta property=\"og:description\" content=\"D\u00e9couvrez comment Artech a migr\u00e9 et refondu en toute fluidit\u00e9 des sites web internationaux avec AEM, optimisant ainsi leur SEO, leurs performances et leur accessibilit\u00e9. Lisez l&#039;\u00e9tude de cas compl\u00e8te !\" \/>\n<meta property=\"og:url\" content=\"https:\/\/www.artech.com\/fr\/seamless-migration-redesign-for-global-technology-leader\/\" \/>\n<meta property=\"og:site_name\" content=\"Artech\" \/>\n<meta property=\"article:publisher\" content=\"https:\/\/www.facebook.com\/ArtechLLC2\" \/>\n<meta property=\"article:modified_time\" content=\"2026-04-06T11:47:28+00:00\" \/>\n<meta property=\"og:image\" content=\"https:\/\/www.artech.com\/wp-content\/uploads\/2025\/01\/Seamless-Migration-Redesign-for-Global-Technology-Leader.png\" \/>\n\t<meta property=\"og:image:width\" content=\"1270\" \/>\n\t<meta property=\"og:image:height\" content=\"674\" \/>\n\t<meta property=\"og:image:type\" content=\"image\/png\" \/>\n<meta name=\"twitter:card\" content=\"summary_large_image\" \/>\n<meta name=\"twitter:site\" content=\"@Artech_LLC\" \/>\n<meta name=\"twitter:label1\" content=\"Dur\u00e9e de lecture estim\u00e9e\" \/>\n\t<meta name=\"twitter:data1\" content=\"4 minutes\" \/>\n<script type=\"application\/ld+json\" class=\"yoast-schema-graph\">{\"@context\":\"https:\\\/\\\/schema.org\",\"@graph\":[{\"@type\":\"WebPage\",\"@id\":\"https:\\\/\\\/www.artech.com\\\/fr\\\/seamless-migration-redesign-for-global-technology-leader\\\/\",\"url\":\"https:\\\/\\\/www.artech.com\\\/fr\\\/seamless-migration-redesign-for-global-technology-leader\\\/\",\"name\":\"Migration et refonte transparentes pour un leader technologique mondial - Artech\",\"isPartOf\":{\"@id\":\"https:\\\/\\\/www.artech.com\\\/fr\\\/#website\"},\"primaryImageOfPage\":{\"@id\":\"https:\\\/\\\/www.artech.com\\\/fr\\\/seamless-migration-redesign-for-global-technology-leader\\\/#primaryimage\"},\"image\":{\"@id\":\"https:\\\/\\\/www.artech.com\\\/fr\\\/seamless-migration-redesign-for-global-technology-leader\\\/#primaryimage\"},\"thumbnailUrl\":\"https:\\\/\\\/www.artech.com\\\/wp-content\\\/uploads\\\/2025\\\/01\\\/Seamless-Migration-Redesign-for-Global-Technology-Leader.png\",\"datePublished\":\"2025-01-18T16:06:19+00:00\",\"dateModified\":\"2026-04-06T11:47:28+00:00\",\"description\":\"D\u00e9couvrez comment Artech a migr\u00e9 et refondu en toute fluidit\u00e9 des sites web internationaux avec AEM, optimisant ainsi leur SEO, leurs performances et leur accessibilit\u00e9. Lisez l'\u00e9tude de cas compl\u00e8te !\",\"breadcrumb\":{\"@id\":\"https:\\\/\\\/www.artech.com\\\/fr\\\/seamless-migration-redesign-for-global-technology-leader\\\/#breadcrumb\"},\"inLanguage\":\"fr-FR\",\"potentialAction\":[{\"@type\":\"ReadAction\",\"target\":[\"https:\\\/\\\/www.artech.com\\\/fr\\\/seamless-migration-redesign-for-global-technology-leader\\\/\"]}]},{\"@type\":\"ImageObject\",\"inLanguage\":\"fr-FR\",\"@id\":\"https:\\\/\\\/www.artech.com\\\/fr\\\/seamless-migration-redesign-for-global-technology-leader\\\/#primaryimage\",\"url\":\"https:\\\/\\\/www.artech.com\\\/wp-content\\\/uploads\\\/2025\\\/01\\\/Seamless-Migration-Redesign-for-Global-Technology-Leader.png\",\"contentUrl\":\"https:\\\/\\\/www.artech.com\\\/wp-content\\\/uploads\\\/2025\\\/01\\\/Seamless-Migration-Redesign-for-Global-Technology-Leader.png\",\"width\":1270,\"height\":674,\"caption\":\"Seamless Migration Redesign for Global Technology Leader\"},{\"@type\":\"BreadcrumbList\",\"@id\":\"https:\\\/\\\/www.artech.com\\\/fr\\\/seamless-migration-redesign-for-global-technology-leader\\\/#breadcrumb\",\"itemListElement\":[{\"@type\":\"ListItem\",\"position\":1,\"name\":\"Home\",\"item\":\"https:\\\/\\\/www.artech.com\\\/fr\\\/\"},{\"@type\":\"ListItem\",\"position\":2,\"name\":\"Migration et refonte transparentes pour un leader technologique mondial\"}]},{\"@type\":\"WebSite\",\"@id\":\"https:\\\/\\\/www.artech.com\\\/fr\\\/#website\",\"url\":\"https:\\\/\\\/www.artech.com\\\/fr\\\/\",\"name\":\"Artech\",\"description\":\"Intelligence is Human\",\"publisher\":{\"@id\":\"https:\\\/\\\/www.artech.com\\\/fr\\\/#organization\"},\"potentialAction\":[{\"@type\":\"SearchAction\",\"target\":{\"@type\":\"EntryPoint\",\"urlTemplate\":\"https:\\\/\\\/www.artech.com\\\/fr\\\/?s={search_term_string}\"},\"query-input\":{\"@type\":\"PropertyValueSpecification\",\"valueRequired\":true,\"valueName\":\"search_term_string\"}}],\"inLanguage\":\"fr-FR\"},{\"@type\":\"Organization\",\"@id\":\"https:\\\/\\\/www.artech.com\\\/fr\\\/#organization\",\"name\":\"Artech\",\"url\":\"https:\\\/\\\/www.artech.com\\\/fr\\\/\",\"logo\":{\"@type\":\"ImageObject\",\"inLanguage\":\"fr-FR\",\"@id\":\"https:\\\/\\\/www.artech.com\\\/fr\\\/#\\\/schema\\\/logo\\\/image\\\/\",\"url\":\"https:\\\/\\\/www.artech.com\\\/wp-content\\\/uploads\\\/2020\\\/12\\\/Artech-Logo.png\",\"contentUrl\":\"https:\\\/\\\/www.artech.com\\\/wp-content\\\/uploads\\\/2020\\\/12\\\/Artech-Logo.png\",\"width\":1435,\"height\":580,\"caption\":\"Artech\"},\"image\":{\"@id\":\"https:\\\/\\\/www.artech.com\\\/fr\\\/#\\\/schema\\\/logo\\\/image\\\/\"},\"sameAs\":[\"https:\\\/\\\/www.facebook.com\\\/ArtechLLC2\",\"https:\\\/\\\/x.com\\\/Artech_LLC\",\"https:\\\/\\\/www.linkedin.com\\\/company\\\/artechllc\\\/\",\"https:\\\/\\\/www.youtube.com\\\/c\\\/ArtechLLC\\\/videos\"]}]}<\/script>\n<!-- \/ Yoast SEO plugin. -->","yoast_head_json":{"title":"Migration et refonte transparentes pour un leader technologique mondial - Artech","description":"D\u00e9couvrez comment Artech a migr\u00e9 et refondu en toute fluidit\u00e9 des sites web internationaux avec AEM, optimisant ainsi leur SEO, leurs performances et leur accessibilit\u00e9. Lisez l'\u00e9tude de cas compl\u00e8te !","robots":{"index":"index","follow":"follow","max-snippet":"max-snippet:-1","max-image-preview":"max-image-preview:large","max-video-preview":"max-video-preview:-1"},"canonical":"https:\/\/www.artech.com\/fr\/seamless-migration-redesign-for-global-technology-leader\/","og_locale":"fr_FR","og_type":"article","og_title":"Migration et refonte transparentes pour un leader technologique mondial - Artech","og_description":"D\u00e9couvrez comment Artech a migr\u00e9 et refondu en toute fluidit\u00e9 des sites web internationaux avec AEM, optimisant ainsi leur SEO, leurs performances et leur accessibilit\u00e9. Lisez l'\u00e9tude de cas compl\u00e8te !","og_url":"https:\/\/www.artech.com\/fr\/seamless-migration-redesign-for-global-technology-leader\/","og_site_name":"Artech","article_publisher":"https:\/\/www.facebook.com\/ArtechLLC2","article_modified_time":"2026-04-06T11:47:28+00:00","og_image":[{"width":1270,"height":674,"url":"https:\/\/www.artech.com\/wp-content\/uploads\/2025\/01\/Seamless-Migration-Redesign-for-Global-Technology-Leader.png","type":"image\/png"}],"twitter_card":"summary_large_image","twitter_site":"@Artech_LLC","twitter_misc":{"Dur\u00e9e de lecture estim\u00e9e":"4 minutes"},"schema":{"@context":"https:\/\/schema.org","@graph":[{"@type":"WebPage","@id":"https:\/\/www.artech.com\/fr\/seamless-migration-redesign-for-global-technology-leader\/","url":"https:\/\/www.artech.com\/fr\/seamless-migration-redesign-for-global-technology-leader\/","name":"Migration et refonte transparentes pour un leader technologique mondial - Artech","isPartOf":{"@id":"https:\/\/www.artech.com\/fr\/#website"},"primaryImageOfPage":{"@id":"https:\/\/www.artech.com\/fr\/seamless-migration-redesign-for-global-technology-leader\/#primaryimage"},"image":{"@id":"https:\/\/www.artech.com\/fr\/seamless-migration-redesign-for-global-technology-leader\/#primaryimage"},"thumbnailUrl":"https:\/\/www.artech.com\/wp-content\/uploads\/2025\/01\/Seamless-Migration-Redesign-for-Global-Technology-Leader.png","datePublished":"2025-01-18T16:06:19+00:00","dateModified":"2026-04-06T11:47:28+00:00","description":"D\u00e9couvrez comment Artech a migr\u00e9 et refondu en toute fluidit\u00e9 des sites web internationaux avec AEM, optimisant ainsi leur SEO, leurs performances et leur accessibilit\u00e9. Lisez l'\u00e9tude de cas compl\u00e8te !","breadcrumb":{"@id":"https:\/\/www.artech.com\/fr\/seamless-migration-redesign-for-global-technology-leader\/#breadcrumb"},"inLanguage":"fr-FR","potentialAction":[{"@type":"ReadAction","target":["https:\/\/www.artech.com\/fr\/seamless-migration-redesign-for-global-technology-leader\/"]}]},{"@type":"ImageObject","inLanguage":"fr-FR","@id":"https:\/\/www.artech.com\/fr\/seamless-migration-redesign-for-global-technology-leader\/#primaryimage","url":"https:\/\/www.artech.com\/wp-content\/uploads\/2025\/01\/Seamless-Migration-Redesign-for-Global-Technology-Leader.png","contentUrl":"https:\/\/www.artech.com\/wp-content\/uploads\/2025\/01\/Seamless-Migration-Redesign-for-Global-Technology-Leader.png","width":1270,"height":674,"caption":"Seamless Migration Redesign for Global Technology Leader"},{"@type":"BreadcrumbList","@id":"https:\/\/www.artech.com\/fr\/seamless-migration-redesign-for-global-technology-leader\/#breadcrumb","itemListElement":[{"@type":"ListItem","position":1,"name":"Home","item":"https:\/\/www.artech.com\/fr\/"},{"@type":"ListItem","position":2,"name":"Migration et refonte transparentes pour un leader technologique mondial"}]},{"@type":"WebSite","@id":"https:\/\/www.artech.com\/fr\/#website","url":"https:\/\/www.artech.com\/fr\/","name":"Artech","description":"Intelligence is Human","publisher":{"@id":"https:\/\/www.artech.com\/fr\/#organization"},"potentialAction":[{"@type":"SearchAction","target":{"@type":"EntryPoint","urlTemplate":"https:\/\/www.artech.com\/fr\/?s={search_term_string}"},"query-input":{"@type":"PropertyValueSpecification","valueRequired":true,"valueName":"search_term_string"}}],"inLanguage":"fr-FR"},{"@type":"Organization","@id":"https:\/\/www.artech.com\/fr\/#organization","name":"Artech","url":"https:\/\/www.artech.com\/fr\/","logo":{"@type":"ImageObject","inLanguage":"fr-FR","@id":"https:\/\/www.artech.com\/fr\/#\/schema\/logo\/image\/","url":"https:\/\/www.artech.com\/wp-content\/uploads\/2020\/12\/Artech-Logo.png","contentUrl":"https:\/\/www.artech.com\/wp-content\/uploads\/2020\/12\/Artech-Logo.png","width":1435,"height":580,"caption":"Artech"},"image":{"@id":"https:\/\/www.artech.com\/fr\/#\/schema\/logo\/image\/"},"sameAs":["https:\/\/www.facebook.com\/ArtechLLC2","https:\/\/x.com\/Artech_LLC","https:\/\/www.linkedin.com\/company\/artechllc\/","https:\/\/www.youtube.com\/c\/ArtechLLC\/videos"]}]}},"_links":{"self":[{"href":"https:\/\/www.artech.com\/fr\/wp-json\/wp\/v2\/pages\/18425","targetHints":{"allow":["GET"]}}],"collection":[{"href":"https:\/\/www.artech.com\/fr\/wp-json\/wp\/v2\/pages"}],"about":[{"href":"https:\/\/www.artech.com\/fr\/wp-json\/wp\/v2\/types\/page"}],"author":[{"embeddable":true,"href":"https:\/\/www.artech.com\/fr\/wp-json\/wp\/v2\/users\/12"}],"replies":[{"embeddable":true,"href":"https:\/\/www.artech.com\/fr\/wp-json\/wp\/v2\/comments?post=18425"}],"version-history":[{"count":5,"href":"https:\/\/www.artech.com\/fr\/wp-json\/wp\/v2\/pages\/18425\/revisions"}],"predecessor-version":[{"id":21922,"href":"https:\/\/www.artech.com\/fr\/wp-json\/wp\/v2\/pages\/18425\/revisions\/21922"}],"wp:featuredmedia":[{"embeddable":true,"href":"https:\/\/www.artech.com\/fr\/wp-json\/wp\/v2\/media\/18358"}],"wp:attachment":[{"href":"https:\/\/www.artech.com\/fr\/wp-json\/wp\/v2\/media?parent=18425"}],"curies":[{"name":"wp","href":"https:\/\/api.w.org\/{rel}","templated":true}]}}