{"id":19347,"date":"2021-06-21T13:11:26","date_gmt":"2021-06-21T07:41:26","guid":{"rendered":"https:\/\/wpml.artech.com\/business-optimization\/"},"modified":"2026-02-11T15:11:12","modified_gmt":"2026-02-11T09:41:12","slug":"business-optimization","status":"publish","type":"page","link":"https:\/\/www.artech.com\/fr\/business-optimization\/","title":{"rendered":"Optimisation des affaires"},"content":{"rendered":"<div class=\"wpb-content-wrapper\">[vc_row css=\u00a0\u00bb.vc_custom_1633322463618{margin-top: -20px !important;}\u00a0\u00bb section_id=\u00a0\u00bbContract-compliance\u00a0\u00bb][vc_column]<div class=\"shortcode-wrapper shortcode-title clearfix\"><h1 class=\"aligncenter\">OPTIMISATION DES AFFAIRES<\/h1><\/div>[\/vc_column][\/vc_row][vc_row fullwidth=\u00a0\u00bbyes\u00a0\u00bb background_color=\u00a0\u00bb#ed4a42&Prime;][vc_column css=\u00a0\u00bb.vc_custom_1626165596652{padding-top: 20px !important;}\u00a0\u00bb]<div class=\"shortcode-wrapper shortcode-title clearfix\"><h2 style=\"color:#ffffff!important;border-color:#ffffff\" class=\"aligncenter\">Conformit\u00e9 et assistance contractuelles<\/h2><\/div>[vc_empty_space height=\u00a0\u00bb10&Prime;][vc_separator color=\u00a0\u00bbcustom\u00a0\u00bb border_width=\u00a0\u00bb3&Prime; el_width=\u00a0\u00bb10&Prime; accent_color=\u00a0\u00bb#fba91e\u00a0\u00bb][\/vc_column][\/vc_row][vc_row equal_height=\u00a0\u00bbyes\u00a0\u00bb content_placement=\u00a0\u00bbmiddle\u00a0\u00bb section_id=\u00a0\u00bbmarketing-operations\u00a0\u00bb][vc_column width=\u00a0\u00bb1\/2&Prime; css=\u00a0\u00bb.vc_custom_1626165584641{padding-bottom: 20px !important;}\u00a0\u00bb][vc_single_image image=\u00a0\u00bb19348&Prime; img_size=\u00a0\u00bbfull\u00a0\u00bb][\/vc_column][vc_column width=\u00a0\u00bb1\/2&Prime;][vc_column_text]Un besoin essentiel pour les organisations ayant des exigences complexes en mati\u00e8re de validation de contrats ou de conformit\u00e9. Nous proposons des solutions sur mesure qui s&rsquo;appuient sur les ressources humaines, les processus et la technologie pour garantir la conformit\u00e9 dans des environnements commerciaux complexes et n\u00e9goci\u00e9s.[\/vc_column_text][vc_empty_space height=\u00a0\u00bb20&Prime;][vc_column_text css=\u00a0\u00bb.vc_custom_1688650999390{margin-bottom: 8px !important;}\u00a0\u00bb]\n<p style=\"text-align: center;\"><strong>Pour savoir comment nous pouvons vous aider<\/strong><\/p>\n[\/vc_column_text][vc_column_text css=\u00a0\u00bb\u00a0\u00bb]\n<p style=\"text-align: center;\"><span class='maxbutton-15-container mb-container'><a class=\"maxbutton-15 maxbutton maxbutton-contact-us-today\" href=\"https:\/\/www.scalence.com\/\"><span class='mb-text'>Visitez Scalence<\/span><\/a><\/span>\n[\/vc_column_text][vc_empty_space height=\u00a0\u00bb10&Prime;][\/vc_column][\/vc_row][vc_row fullwidth=\u00a0\u00bbyes\u00a0\u00bb background_color=\u00a0\u00bb#fba91e\u00a0\u00bb][vc_column css=\u00a0\u00bb.vc_custom_1626165688859{padding-top: 20px !important;}\u00a0\u00bb]<div class=\"shortcode-wrapper shortcode-title clearfix\"><h2 class=\"aligncenter\">Op\u00e9rations marketing<\/h2><\/div>[vc_empty_space height=\u00a0\u00bb10&Prime;][vc_separator color=\u00a0\u00bbcustom\u00a0\u00bb border_width=\u00a0\u00bb3&Prime; el_width=\u00a0\u00bb10&Prime; accent_color=\u00a0\u00bb#ed4a42&Prime;][\/vc_column][\/vc_row][vc_row equal_height=\u00a0\u00bbyes\u00a0\u00bb content_placement=\u00a0\u00bbmiddle\u00a0\u00bb section_id=\u00a0\u00bbSOW-optimization\u00a0\u00bb][vc_column width=\u00a0\u00bb1\/2&Prime;][vc_column_text]Les d\u00e9penses associ\u00e9es aux op\u00e9rations marketing peuvent \u00eatre d\u00e9courageantes, mais peuvent \u00eatre att\u00e9nu\u00e9es gr\u00e2ce \u00e0 des solutions personnalis\u00e9es qui cherchent \u00e0 valider les prospects avant que les vendeurs ne contactent les clients potentiels.[\/vc_column_text][vc_empty_space height=\u00a0\u00bb20&Prime;][vc_column_text css=\u00a0\u00bb.vc_custom_1688651026688{margin-bottom: 8px !important;}\u00a0\u00bb]\n<p style=\"text-align: center;\"><strong>Pour savoir comment nous pouvons vous aider<\/strong><\/p>\n[\/vc_column_text][vc_column_text css=\u00a0\u00bb\u00a0\u00bb]\n<p style=\"text-align: center;\"><span class='maxbutton-15-container mb-container'><a class=\"maxbutton-15 maxbutton maxbutton-contact-us-today\" href=\"https:\/\/www.scalence.com\/\"><span class='mb-text'>Visitez Scalence<\/span><\/a><\/span>\n[\/vc_column_text][vc_empty_space height=\u00a0\u00bb10&Prime;][\/vc_column][vc_column width=\u00a0\u00bb1\/2&Prime; css=\u00a0\u00bb.vc_custom_1626165611244{padding-bottom: 20px !important;}\u00a0\u00bb][vc_single_image image=\u00a0\u00bb19349&Prime; img_size=\u00a0\u00bbfull\u00a0\u00bb][\/vc_column][\/vc_row][vc_row fullwidth=\u00a0\u00bbyes\u00a0\u00bb background_color=\u00a0\u00bb#253e91&Prime;][vc_column css=\u00a0\u00bb.vc_custom_1626165697540{padding-top: 20px !important;}\u00a0\u00bb]<div class=\"shortcode-wrapper shortcode-title clearfix\"><h2 style=\"color:#ffffff!important;border-color:#ffffff\" class=\"aligncenter\">Optimisation des cahiers des charges pour les organisations d&rsquo;approvisionnement<\/h2><\/div>[vc_empty_space height=\u00a0\u00bb10&Prime;][vc_separator color=\u00a0\u00bbcustom\u00a0\u00bb border_width=\u00a0\u00bb3&Prime; el_width=\u00a0\u00bb10&Prime; accent_color=\u00a0\u00bb#fba91e\u00a0\u00bb][\/vc_column][\/vc_row][vc_row equal_height=\u00a0\u00bbyes\u00a0\u00bb content_placement=\u00a0\u00bbmiddle\u00a0\u00bb section_id=\u00a0\u00bbtravel-immigration\u00a0\u00bb][vc_column width=\u00a0\u00bb1\/2&Prime; css=\u00a0\u00bb.vc_custom_1626165632187{padding-bottom: 20px !important;}\u00a0\u00bb][vc_single_image image=\u00a0\u00bb19350&Prime; img_size=\u00a0\u00bbfull\u00a0\u00bb][\/vc_column][vc_column width=\u00a0\u00bb1\/2&Prime;][vc_column_text]Les organisations qui g\u00e8rent plusieurs fournisseurs pour leurs cahiers des charges rencontrent des difficult\u00e9s \u00e0 g\u00e9rer et \u00e0 optimiser leur efficacit\u00e9 au fil du temps. Le regroupement des cahiers des charges permet de rationaliser les mod\u00e8les de paiement et de garantir des \u00e9conomies aux services achats.[\/vc_column_text][vc_empty_space height=\u00a0\u00bb20&Prime;][vc_column_text css=\u00a0\u00bb.vc_custom_1688651056372{margin-bottom: 8px !important;}\u00a0\u00bb]\n<p style=\"text-align: center;\"><strong>Pour savoir comment nous pouvons vous aider<\/strong><\/p>\n[\/vc_column_text][vc_column_text css=\u00a0\u00bb\u00a0\u00bb]\n<p style=\"text-align: center;\"><span class='maxbutton-15-container mb-container'><a class=\"maxbutton-15 maxbutton maxbutton-contact-us-today\" href=\"https:\/\/www.scalence.com\/\"><span class='mb-text'>Visitez Scalence<\/span><\/a><\/span>\n[\/vc_column_text][vc_empty_space height=\u00a0\u00bb10&Prime;][\/vc_column][\/vc_row][vc_row fullwidth=\u00a0\u00bbyes\u00a0\u00bb background_color=\u00a0\u00bb#6c348d\u00a0\u00bb][vc_column css=\u00a0\u00bb.vc_custom_1626165705482{padding-top: 20px !important;}\u00a0\u00bb]<div class=\"shortcode-wrapper shortcode-title clearfix\"><h2 style=\"color:#ffffff!important;border-color:#ffffff\" class=\"aligncenter\">Voyages et immigration<\/h2><\/div>[vc_empty_space height=\u00a0\u00bb10&Prime;][vc_separator color=\u00a0\u00bbcustom\u00a0\u00bb border_width=\u00a0\u00bb3&Prime; el_width=\u00a0\u00bb10&Prime; accent_color=\u00a0\u00bb#ed4a42&Prime;][\/vc_column][\/vc_row][vc_row equal_height=\u00a0\u00bbyes\u00a0\u00bb content_placement=\u00a0\u00bbmiddle\u00a0\u00bb css=\u00a0\u00bb.vc_custom_1633322445036{margin-bottom: -55px !important;}\u00a0\u00bb][vc_column width=\u00a0\u00bb1\/2&Prime;][vc_column_text]Dans un contexte d&rsquo;\u00e9volution constante des lois, politiques et restrictions en mati\u00e8re d&rsquo;immigration, les entreprises doivent ma\u00eetriser les aspects li\u00e9s \u00e0 l&rsquo;immigration et aux voyages. Nous organisons et conseillons des services de voyage et d&rsquo;immigration dans le monde entier, vous permettant ainsi de gagner du temps et de l&rsquo;argent.[\/vc_column_text][vc_empty_space height=\u00a0\u00bb20&Prime;][vc_column_text css=\u00a0\u00bb.vc_custom_1688651080091{margin-bottom: 8px !important;}\u00a0\u00bb]\n<p style=\"text-align: center;\"><strong>Pour savoir comment nous pouvons vous aider<\/strong><\/p>\n[\/vc_column_text][vc_column_text css=\u00a0\u00bb\u00a0\u00bb]\n<p style=\"text-align: center;\"><span class='maxbutton-15-container mb-container'><a class=\"maxbutton-15 maxbutton maxbutton-contact-us-today\" href=\"https:\/\/www.scalence.com\/\"><span class='mb-text'>Visitez Scalence<\/span><\/a><\/span>\n[\/vc_column_text][vc_empty_space height=\u00a0\u00bb10&Prime;][\/vc_column][vc_column width=\u00a0\u00bb1\/2&Prime; css=\u00a0\u00bb.vc_custom_1626165639639{padding-bottom: 20px !important;}\u00a0\u00bb][vc_single_image image=\u00a0\u00bb19351&Prime; img_size=\u00a0\u00bbfull\u00a0\u00bb][\/vc_column][\/vc_row]\n<\/div>","protected":false},"excerpt":{"rendered":"<p>[vc_row css=\u00a0\u00bb.vc_custom_1633322463618{margin-top: -20px !important;}\u00a0\u00bb section_id=\u00a0\u00bbContract-compliance\u00a0\u00bb][vc_column][\/vc_column][\/vc_row][vc_row fullwidth=\u00a0\u00bbyes\u00a0\u00bb background_color=\u00a0\u00bb#ed4a42&Prime;][vc_column css=\u00a0\u00bb.vc_custom_1626165596652{padding-top: 20px !important;}\u00a0\u00bb][vc_empty_space height=\u00a0\u00bb10&Prime;][vc_separator color=\u00a0\u00bbcustom\u00a0\u00bb border_width=\u00a0\u00bb3&Prime; el_width=\u00a0\u00bb10&Prime; accent_color=\u00a0\u00bb#fba91e\u00a0\u00bb][\/vc_column][\/vc_row][vc_row equal_height=\u00a0\u00bbyes\u00a0\u00bb content_placement=\u00a0\u00bbmiddle\u00a0\u00bb section_id=\u00a0\u00bbmarketing-operations\u00a0\u00bb][vc_column width=\u00a0\u00bb1\/2&Prime; css=\u00a0\u00bb.vc_custom_1626165584641{padding-bottom: [&hellip;]<\/p>\n","protected":false},"author":1,"featured_media":18182,"parent":0,"menu_order":0,"comment_status":"closed","ping_status":"closed","template":"","meta":{"_acf_changed":false,"_monsterinsights_skip_tracking":false,"_monsterinsights_sitenote_active":false,"_monsterinsights_sitenote_note":"","_monsterinsights_sitenote_category":0,"_glsr_average":0,"_glsr_ranking":0,"_glsr_reviews":0,"footnotes":""},"class_list":["post-19347","page","type-page","status-publish","has-post-thumbnail","hentry"],"acf":[],"yoast_head":"<!-- This site is optimized with the Yoast SEO plugin v27.5 - https:\/\/yoast.com\/product\/yoast-seo-wordpress\/ -->\n<title>Am\u00e9liorez votre entreprise gr\u00e2ce aux services d&#039;optimisation d&#039;Artech<\/title>\n<meta name=\"description\" content=\"Optimisation d&#039;entreprise\u00a0: Optimisez votre entreprise gr\u00e2ce aux solutions d&#039;optimisation d&#039;Artech. Laissez-nous vous aider \u00e0 atteindre vos objectifs d\u00e8s aujourd&#039;hui\u00a0!\" \/>\n<meta name=\"robots\" content=\"index, follow, max-snippet:-1, max-image-preview:large, max-video-preview:-1\" \/>\n<link rel=\"canonical\" href=\"https:\/\/www.artech.com\/fr\/business-optimization\/\" \/>\n<meta property=\"og:locale\" content=\"fr_FR\" \/>\n<meta property=\"og:type\" content=\"article\" \/>\n<meta property=\"og:title\" content=\"Am\u00e9liorez votre entreprise gr\u00e2ce aux services d&#039;optimisation d&#039;Artech\" \/>\n<meta property=\"og:description\" content=\"Optimisation d&#039;entreprise\u00a0: Optimisez votre entreprise gr\u00e2ce aux solutions d&#039;optimisation d&#039;Artech. Laissez-nous vous aider \u00e0 atteindre vos objectifs d\u00e8s aujourd&#039;hui\u00a0!\" \/>\n<meta property=\"og:url\" content=\"https:\/\/www.artech.com\/fr\/business-optimization\/\" \/>\n<meta property=\"og:site_name\" content=\"Artech\" \/>\n<meta property=\"article:publisher\" content=\"https:\/\/www.facebook.com\/ArtechLLC2\" \/>\n<meta property=\"article:modified_time\" content=\"2026-02-11T09:41:12+00:00\" \/>\n<meta property=\"og:image\" content=\"https:\/\/www.artech.com\/wp-content\/uploads\/2021\/06\/business-optimization.png\" \/>\n\t<meta property=\"og:image:width\" content=\"511\" \/>\n\t<meta property=\"og:image:height\" content=\"337\" \/>\n\t<meta property=\"og:image:type\" content=\"image\/png\" \/>\n<meta name=\"twitter:card\" content=\"summary_large_image\" \/>\n<meta name=\"twitter:site\" content=\"@Artech_LLC\" \/>\n<meta name=\"twitter:label1\" content=\"Dur\u00e9e de lecture estim\u00e9e\" \/>\n\t<meta name=\"twitter:data1\" content=\"2 minutes\" \/>\n<script type=\"application\/ld+json\" class=\"yoast-schema-graph\">{\"@context\":\"https:\\\/\\\/schema.org\",\"@graph\":[{\"@type\":\"WebPage\",\"@id\":\"https:\\\/\\\/www.artech.com\\\/fr\\\/business-optimization\\\/\",\"url\":\"https:\\\/\\\/www.artech.com\\\/fr\\\/business-optimization\\\/\",\"name\":\"Am\u00e9liorez votre entreprise gr\u00e2ce aux services d'optimisation d'Artech\",\"isPartOf\":{\"@id\":\"https:\\\/\\\/www.artech.com\\\/fr\\\/#website\"},\"primaryImageOfPage\":{\"@id\":\"https:\\\/\\\/www.artech.com\\\/fr\\\/business-optimization\\\/#primaryimage\"},\"image\":{\"@id\":\"https:\\\/\\\/www.artech.com\\\/fr\\\/business-optimization\\\/#primaryimage\"},\"thumbnailUrl\":\"https:\\\/\\\/www.artech.com\\\/wp-content\\\/uploads\\\/2021\\\/06\\\/business-optimization.png\",\"datePublished\":\"2021-06-21T07:41:26+00:00\",\"dateModified\":\"2026-02-11T09:41:12+00:00\",\"description\":\"Optimisation d'entreprise\u00a0: Optimisez votre entreprise gr\u00e2ce aux solutions d'optimisation d'Artech. Laissez-nous vous aider \u00e0 atteindre vos objectifs d\u00e8s aujourd'hui\u00a0!\",\"breadcrumb\":{\"@id\":\"https:\\\/\\\/www.artech.com\\\/fr\\\/business-optimization\\\/#breadcrumb\"},\"inLanguage\":\"fr-FR\",\"potentialAction\":[{\"@type\":\"ReadAction\",\"target\":[\"https:\\\/\\\/www.artech.com\\\/fr\\\/business-optimization\\\/\"]}]},{\"@type\":\"ImageObject\",\"inLanguage\":\"fr-FR\",\"@id\":\"https:\\\/\\\/www.artech.com\\\/fr\\\/business-optimization\\\/#primaryimage\",\"url\":\"https:\\\/\\\/www.artech.com\\\/wp-content\\\/uploads\\\/2021\\\/06\\\/business-optimization.png\",\"contentUrl\":\"https:\\\/\\\/www.artech.com\\\/wp-content\\\/uploads\\\/2021\\\/06\\\/business-optimization.png\",\"width\":511,\"height\":337,\"caption\":\"Optimisation des activit\u00e9s\"},{\"@type\":\"BreadcrumbList\",\"@id\":\"https:\\\/\\\/www.artech.com\\\/fr\\\/business-optimization\\\/#breadcrumb\",\"itemListElement\":[{\"@type\":\"ListItem\",\"position\":1,\"name\":\"Home\",\"item\":\"https:\\\/\\\/www.artech.com\\\/fr\\\/\"},{\"@type\":\"ListItem\",\"position\":2,\"name\":\"Optimisation des affaires\"}]},{\"@type\":\"WebSite\",\"@id\":\"https:\\\/\\\/www.artech.com\\\/fr\\\/#website\",\"url\":\"https:\\\/\\\/www.artech.com\\\/fr\\\/\",\"name\":\"Artech\",\"description\":\"Intelligence is Human\",\"publisher\":{\"@id\":\"https:\\\/\\\/www.artech.com\\\/fr\\\/#organization\"},\"potentialAction\":[{\"@type\":\"SearchAction\",\"target\":{\"@type\":\"EntryPoint\",\"urlTemplate\":\"https:\\\/\\\/www.artech.com\\\/fr\\\/?s={search_term_string}\"},\"query-input\":{\"@type\":\"PropertyValueSpecification\",\"valueRequired\":true,\"valueName\":\"search_term_string\"}}],\"inLanguage\":\"fr-FR\"},{\"@type\":\"Organization\",\"@id\":\"https:\\\/\\\/www.artech.com\\\/fr\\\/#organization\",\"name\":\"Artech\",\"url\":\"https:\\\/\\\/www.artech.com\\\/fr\\\/\",\"logo\":{\"@type\":\"ImageObject\",\"inLanguage\":\"fr-FR\",\"@id\":\"https:\\\/\\\/www.artech.com\\\/fr\\\/#\\\/schema\\\/logo\\\/image\\\/\",\"url\":\"https:\\\/\\\/www.artech.com\\\/wp-content\\\/uploads\\\/2020\\\/12\\\/Artech-Logo.png\",\"contentUrl\":\"https:\\\/\\\/www.artech.com\\\/wp-content\\\/uploads\\\/2020\\\/12\\\/Artech-Logo.png\",\"width\":1435,\"height\":580,\"caption\":\"Artech\"},\"image\":{\"@id\":\"https:\\\/\\\/www.artech.com\\\/fr\\\/#\\\/schema\\\/logo\\\/image\\\/\"},\"sameAs\":[\"https:\\\/\\\/www.facebook.com\\\/ArtechLLC2\",\"https:\\\/\\\/x.com\\\/Artech_LLC\",\"https:\\\/\\\/www.linkedin.com\\\/company\\\/artechllc\\\/\",\"https:\\\/\\\/www.youtube.com\\\/c\\\/ArtechLLC\\\/videos\"]}]}<\/script>\n<!-- \/ Yoast SEO plugin. -->","yoast_head_json":{"title":"Am\u00e9liorez votre entreprise gr\u00e2ce aux services d'optimisation d'Artech","description":"Optimisation d'entreprise\u00a0: Optimisez votre entreprise gr\u00e2ce aux solutions d'optimisation d'Artech. Laissez-nous vous aider \u00e0 atteindre vos objectifs d\u00e8s aujourd'hui\u00a0!","robots":{"index":"index","follow":"follow","max-snippet":"max-snippet:-1","max-image-preview":"max-image-preview:large","max-video-preview":"max-video-preview:-1"},"canonical":"https:\/\/www.artech.com\/fr\/business-optimization\/","og_locale":"fr_FR","og_type":"article","og_title":"Am\u00e9liorez votre entreprise gr\u00e2ce aux services d'optimisation d'Artech","og_description":"Optimisation d'entreprise\u00a0: Optimisez votre entreprise gr\u00e2ce aux solutions d'optimisation d'Artech. Laissez-nous vous aider \u00e0 atteindre vos objectifs d\u00e8s aujourd'hui\u00a0!","og_url":"https:\/\/www.artech.com\/fr\/business-optimization\/","og_site_name":"Artech","article_publisher":"https:\/\/www.facebook.com\/ArtechLLC2","article_modified_time":"2026-02-11T09:41:12+00:00","og_image":[{"width":511,"height":337,"url":"https:\/\/www.artech.com\/wp-content\/uploads\/2021\/06\/business-optimization.png","type":"image\/png"}],"twitter_card":"summary_large_image","twitter_site":"@Artech_LLC","twitter_misc":{"Dur\u00e9e de lecture estim\u00e9e":"2 minutes"},"schema":{"@context":"https:\/\/schema.org","@graph":[{"@type":"WebPage","@id":"https:\/\/www.artech.com\/fr\/business-optimization\/","url":"https:\/\/www.artech.com\/fr\/business-optimization\/","name":"Am\u00e9liorez votre entreprise gr\u00e2ce aux services d'optimisation d'Artech","isPartOf":{"@id":"https:\/\/www.artech.com\/fr\/#website"},"primaryImageOfPage":{"@id":"https:\/\/www.artech.com\/fr\/business-optimization\/#primaryimage"},"image":{"@id":"https:\/\/www.artech.com\/fr\/business-optimization\/#primaryimage"},"thumbnailUrl":"https:\/\/www.artech.com\/wp-content\/uploads\/2021\/06\/business-optimization.png","datePublished":"2021-06-21T07:41:26+00:00","dateModified":"2026-02-11T09:41:12+00:00","description":"Optimisation d'entreprise\u00a0: Optimisez votre entreprise gr\u00e2ce aux solutions d'optimisation d'Artech. Laissez-nous vous aider \u00e0 atteindre vos objectifs d\u00e8s aujourd'hui\u00a0!","breadcrumb":{"@id":"https:\/\/www.artech.com\/fr\/business-optimization\/#breadcrumb"},"inLanguage":"fr-FR","potentialAction":[{"@type":"ReadAction","target":["https:\/\/www.artech.com\/fr\/business-optimization\/"]}]},{"@type":"ImageObject","inLanguage":"fr-FR","@id":"https:\/\/www.artech.com\/fr\/business-optimization\/#primaryimage","url":"https:\/\/www.artech.com\/wp-content\/uploads\/2021\/06\/business-optimization.png","contentUrl":"https:\/\/www.artech.com\/wp-content\/uploads\/2021\/06\/business-optimization.png","width":511,"height":337,"caption":"Optimisation des activit\u00e9s"},{"@type":"BreadcrumbList","@id":"https:\/\/www.artech.com\/fr\/business-optimization\/#breadcrumb","itemListElement":[{"@type":"ListItem","position":1,"name":"Home","item":"https:\/\/www.artech.com\/fr\/"},{"@type":"ListItem","position":2,"name":"Optimisation des affaires"}]},{"@type":"WebSite","@id":"https:\/\/www.artech.com\/fr\/#website","url":"https:\/\/www.artech.com\/fr\/","name":"Artech","description":"Intelligence is Human","publisher":{"@id":"https:\/\/www.artech.com\/fr\/#organization"},"potentialAction":[{"@type":"SearchAction","target":{"@type":"EntryPoint","urlTemplate":"https:\/\/www.artech.com\/fr\/?s={search_term_string}"},"query-input":{"@type":"PropertyValueSpecification","valueRequired":true,"valueName":"search_term_string"}}],"inLanguage":"fr-FR"},{"@type":"Organization","@id":"https:\/\/www.artech.com\/fr\/#organization","name":"Artech","url":"https:\/\/www.artech.com\/fr\/","logo":{"@type":"ImageObject","inLanguage":"fr-FR","@id":"https:\/\/www.artech.com\/fr\/#\/schema\/logo\/image\/","url":"https:\/\/www.artech.com\/wp-content\/uploads\/2020\/12\/Artech-Logo.png","contentUrl":"https:\/\/www.artech.com\/wp-content\/uploads\/2020\/12\/Artech-Logo.png","width":1435,"height":580,"caption":"Artech"},"image":{"@id":"https:\/\/www.artech.com\/fr\/#\/schema\/logo\/image\/"},"sameAs":["https:\/\/www.facebook.com\/ArtechLLC2","https:\/\/x.com\/Artech_LLC","https:\/\/www.linkedin.com\/company\/artechllc\/","https:\/\/www.youtube.com\/c\/ArtechLLC\/videos"]}]}},"_links":{"self":[{"href":"https:\/\/www.artech.com\/fr\/wp-json\/wp\/v2\/pages\/19347","targetHints":{"allow":["GET"]}}],"collection":[{"href":"https:\/\/www.artech.com\/fr\/wp-json\/wp\/v2\/pages"}],"about":[{"href":"https:\/\/www.artech.com\/fr\/wp-json\/wp\/v2\/types\/page"}],"author":[{"embeddable":true,"href":"https:\/\/www.artech.com\/fr\/wp-json\/wp\/v2\/users\/1"}],"replies":[{"embeddable":true,"href":"https:\/\/www.artech.com\/fr\/wp-json\/wp\/v2\/comments?post=19347"}],"version-history":[{"count":4,"href":"https:\/\/www.artech.com\/fr\/wp-json\/wp\/v2\/pages\/19347\/revisions"}],"predecessor-version":[{"id":19387,"href":"https:\/\/www.artech.com\/fr\/wp-json\/wp\/v2\/pages\/19347\/revisions\/19387"}],"wp:featuredmedia":[{"embeddable":true,"href":"https:\/\/www.artech.com\/fr\/wp-json\/wp\/v2\/media\/18182"}],"wp:attachment":[{"href":"https:\/\/www.artech.com\/fr\/wp-json\/wp\/v2\/media?parent=19347"}],"curies":[{"name":"wp","href":"https:\/\/api.w.org\/{rel}","templated":true}]}}