{"id":19364,"date":"2025-07-17T15:06:50","date_gmt":"2025-07-17T09:36:50","guid":{"rendered":"https:\/\/wpml.artech.com\/ebook\/"},"modified":"2026-04-06T15:04:18","modified_gmt":"2026-04-06T09:34:18","slug":"ebookfr","status":"publish","type":"page","link":"https:\/\/www.artech.com\/fr\/ebookfr\/","title":{"rendered":"ebook"},"content":{"rendered":"<div class=\"wpb-content-wrapper\">[vc_row css=\u00a0\u00bb.vc_custom_1750142376926{padding-right: 0px !important;padding-left: 0px !important;}\u00a0\u00bb][vc_column css=\u00a0\u00bb.vc_custom_1750142441891{padding-right: 0px !important;padding-left: 0px !important;}\u00a0\u00bb]<div class=\"shortcode-wrapper shortcode-title clearfix\"><h1 style=\"color:#253E91!important;border-color:#253E91\" class=\"\">Livre num\u00e9rique<\/h1><\/div>[vc_separator color=\u00a0\u00bbcustom\u00a0\u00bb align=\u00a0\u00bbalign_left\u00a0\u00bb border_width=\u00a0\u00bb3&Prime; el_width=\u00a0\u00bb10&Prime; css=\u00a0\u00bb.vc_custom_1750140219337{margin-top: 10px !important;}\u00a0\u00bb accent_color=\u00a0\u00bb#fba91e\u00a0\u00bb][\/vc_column][\/vc_row][vc_row][vc_column][vc_column_text]\n[\/vc_column_text][\/vc_column][\/vc_row][vc_row][vc_column width=\u00a0\u00bb1\/3&Prime; el_class=\u00a0\u00bbblog-card whitepaper-card\u00a0\u00bb css=\u00a0\u00bb.vc_custom_1752737829143{padding-top: 0px !important;padding-right: 0px !important;padding-bottom: 0px !important;padding-left: 0px !important;}\u00a0\u00bb][vc_raw_html css=\u00a0\u00bb\u00a0\u00bb]JTNDYSUyMGhyZWYlM0QlMjJodHRwcyUzQSUyRiUyRnd3dy5hcnRlY2guY29tJTJGd3AtY29udGVudCUyRnVwbG9hZHMlMkYyMDI1JTJGMDclMkZGdXR1cmUtUHJvb2YtQ2FyZWVycy1UaGUtRmFzdGVzdC1Hcm93aW5nLVRlY2gtUm9sZXMtaW4tdGhlLU5leHQtNS1ZZWFycy5wZGYlMjIlMjB0YXJnZXQlM0QlMjJfYmxhbmslMjIlM0UlM0NkaXYlMjBjbGFzcyUzRCUyMmNhcmQlMjIlM0UlMEElMDklM0NpbWclMjBsb2FkaW5nJTNEJTIybGF6eSUyMiUyMGRlY29kaW5nJTNEJTIyYXN5bmMlMjIlMjB3aWR0aCUzRCUyMjc2OCUyMiUyMGhlaWdodCUzRCUyMjQ2MCUyMiUwQSUwOSUwOXNyYyUzRCUyMmh0dHBzJTNBJTJGJTJGd3d3LmFydGVjaC5jb20lMkZ3cC1jb250ZW50JTJGdXBsb2FkcyUyRjIwMjUlMkYwNyUyRkZ1dHVyZS1Qcm9vZi1DYXJlZXJzX2VCb29rLWNvdmVyLmpwZyUyMiUwQSUwOSUwOWNsYXNzJTNEJTIydmNfc2luZ2xlX2ltYWdlLWltZyUyMGF0dGFjaG1lbnQtZnVsbCUyMiUyMGFsdCUzRCUyMmFydGVjaCUyMGFydGljbGUlMjIlMjB0aXRsZSUzRCUyMmFydGVjaCUyMGFydGljbGUlMjIlM0UlMEElMDklM0NkaXYlMjBjbGFzcyUzRCUyMndwYl90ZXh0X2NvbHVtbiUyMHdwYl9jb250ZW50X2VsZW1lbnQlMjB2Y19jdXN0b21fMTc1MDE1NDkxMTkyNyUyMiUzRSUwQSUwOSUwOSUzQ2RpdiUyMGNsYXNzJTNEJTIyd3BiX3dyYXBwZXIlMjIlM0UlMEElMDklMDklMDklM0NoMiUyMHN0eWxlJTNEJTIybWFyZ2luJTNBJTIwMzBweCUyMDAlM0Jmb250LXNpemUlM0ElMjAxOHB4JTNCbGluZS1oZWlnaHQlM0ElMjAyNnB4JTNCbGV0dGVyLXNwYWNpbmclM0ElMjAwcHglM0Jmb250LXdlaWdodCUzQSUyMDUwMCUzQiUyMiUzRSUzQ2IlM0VDYXJyaSVDMyVBOHJlcyUyMGQlMjdhdmVuaXIlQzIlQTAlM0ElMjBMZXMlMjBtJUMzJUE5dGllcnMlMjB0ZWNobm9sb2dpcXVlcyUyMCVDMyVBMCUyMGxhJTIwY3JvaXNzYW5jZSUyMGxhJTIwcGx1cyUyMHJhcGlkZSUyMGF1JTIwY291cnMlMjBkZXMlMjA1JTIwcHJvY2hhaW5lcyUyMGFubiVDMyVBOWVzJTNDJTJGYiUzRSUzQyUyRmgyJTNFJTBBJTNDZGl2JTIwc3R5bGUlM0QlMjJkaXNwbGF5JTNBJTIwZmxleCUzQmFsaWduLWl0ZW1zJTNBJTIwY2VudGVyJTNCanVzdGlmeS1jb250ZW50JTNBJTIwc3BhY2UtYmV0d2VlbiUzQiUyMiUzRSUwQSUzQ3AlMjBzdHlsZSUzRCUyMm1hcmdpbiUzQSUyMDAlM0IlMjIlM0UyNiUyMGp1aW4lMjAyMDI1JTNDJTJGcCUzRSUyMCUwQSUzQ3AlMjBzdHlsZSUzRCUyMm1hcmdpbiUzQSUyMDAlM0IlMjIlMjBjbGFzcyUzRCUyMndoaXRlcGFwZXItYnRuJTIyJTIwJTNFJTNDYSUyMGhyZWYlM0QlMjJodHRwcyUzQSUyRiUyRnd3dy5hcnRlY2guY29tJTJGd3AtY29udGVudCUyRnVwbG9hZHMlMkYyMDI1JTJGMDclMkZGdXR1cmUtUHJvb2YtQ2FyZWVycy1UaGUtRmFzdGVzdC1Hcm93aW5nLVRlY2gtUm9sZXMtaW4tdGhlLU5leHQtNS1ZZWFycy5wZGYlMjIlMjB0YXJnZXQlM0QlMjJfYmxhbmslMjIlM0VMaXJlJTIwbCUyN2VCb29rJTIwJTNDaSUyMGNsYXNzJTNEJTIydmNfYnRuMy1pY29uJTIwZmFzJTIwZmEtYXJyb3ctcmlnaHQlMjIlM0UlM0MlMkZpJTNFJTNDJTJGYSUzRSUzQyUyRnAlM0UlMEElMDklMDklMDklM0MlMkZkaXYlM0UlMEElMDklMDklM0MlMkZkaXYlM0UlMEElMDklM0MlMkZkaXYlM0UlMEElM0MlMkZkaXYlM0UlMEElM0MlMkZhJTNF[\/vc_raw_html][\/vc_column][vc_column width=\u00a0\u00bb1\/3&Prime;][\/vc_column][vc_column width=\u00a0\u00bb1\/3&Prime;][\/vc_column][\/vc_row]\n<\/div>","protected":false},"excerpt":{"rendered":"<p>[vc_row css=\u00a0\u00bb.vc_custom_1750142376926{padding-right: 0px !important;padding-left: 0px !important;}\u00a0\u00bb][vc_column css=\u00a0\u00bb.vc_custom_1750142441891{padding-right: 0px !important;padding-left: 0px !important;}\u00a0\u00bb][vc_separator color=\u00a0\u00bbcustom\u00a0\u00bb align=\u00a0\u00bbalign_left\u00a0\u00bb border_width=\u00a0\u00bb3&Prime; el_width=\u00a0\u00bb10&Prime; css=\u00a0\u00bb.vc_custom_1750140219337{margin-top: 10px !important;}\u00a0\u00bb accent_color=\u00a0\u00bb#fba91e\u00a0\u00bb][\/vc_column][\/vc_row][vc_row][vc_column][vc_column_text] [\/vc_column_text][\/vc_column][\/vc_row][vc_row][vc_column [&hellip;]<\/p>\n","protected":false},"author":3,"featured_media":0,"parent":0,"menu_order":0,"comment_status":"closed","ping_status":"closed","template":"","meta":{"_acf_changed":false,"_monsterinsights_skip_tracking":false,"_monsterinsights_sitenote_active":false,"_monsterinsights_sitenote_note":"","_monsterinsights_sitenote_category":0,"_glsr_average":0,"_glsr_ranking":0,"_glsr_reviews":0,"footnotes":""},"class_list":["post-19364","page","type-page","status-publish","hentry"],"acf":[],"yoast_head":"<!-- This site is optimized with the Yoast SEO plugin v27.4 - https:\/\/yoast.com\/product\/yoast-seo-wordpress\/ -->\n<title>Livres num\u00e9riques gratuits sur le recrutement, les carri\u00e8res et les solutions pour la main-d&#039;\u0153uvre | Artech<\/title>\n<meta name=\"description\" content=\"D\u00e9couvrez les ebooks gratuits d&#039;Artech, regorgeant d&#039;informations pr\u00e9cieuses sur le recrutement, les carri\u00e8res informatiques et les technologies \u00e9mergentes. T\u00e9l\u00e9chargez-les d\u00e8s maintenant et enrichissez vos connaissances.\" \/>\n<meta name=\"robots\" content=\"index, follow, max-snippet:-1, max-image-preview:large, max-video-preview:-1\" \/>\n<link rel=\"canonical\" href=\"https:\/\/www.artech.com\/fr\/ebookfr\/\" \/>\n<meta property=\"og:locale\" content=\"fr_FR\" \/>\n<meta property=\"og:type\" content=\"article\" \/>\n<meta property=\"og:title\" content=\"Livres num\u00e9riques gratuits sur le recrutement, les carri\u00e8res et les solutions pour la main-d&#039;\u0153uvre | Artech\" \/>\n<meta property=\"og:description\" content=\"D\u00e9couvrez les ebooks gratuits d&#039;Artech, regorgeant d&#039;informations pr\u00e9cieuses sur le recrutement, les carri\u00e8res informatiques et les technologies \u00e9mergentes. T\u00e9l\u00e9chargez-les d\u00e8s maintenant et enrichissez vos connaissances.\" \/>\n<meta property=\"og:url\" content=\"https:\/\/www.artech.com\/fr\/ebookfr\/\" \/>\n<meta property=\"og:site_name\" content=\"Artech\" \/>\n<meta property=\"article:publisher\" content=\"https:\/\/www.facebook.com\/ArtechLLC2\" \/>\n<meta property=\"article:modified_time\" content=\"2026-04-06T09:34:18+00:00\" \/>\n<meta name=\"twitter:card\" content=\"summary_large_image\" \/>\n<meta name=\"twitter:site\" content=\"@Artech_LLC\" \/>\n<meta name=\"twitter:label1\" content=\"Dur\u00e9e de lecture estim\u00e9e\" \/>\n\t<meta name=\"twitter:data1\" content=\"1 minute\" \/>\n<script type=\"application\/ld+json\" class=\"yoast-schema-graph\">{\"@context\":\"https:\\\/\\\/schema.org\",\"@graph\":[{\"@type\":\"WebPage\",\"@id\":\"https:\\\/\\\/www.artech.com\\\/fr\\\/ebookfr\\\/\",\"url\":\"https:\\\/\\\/www.artech.com\\\/fr\\\/ebookfr\\\/\",\"name\":\"Livres num\u00e9riques gratuits sur le recrutement, les carri\u00e8res et les solutions pour la main-d'\u0153uvre | Artech\",\"isPartOf\":{\"@id\":\"https:\\\/\\\/www.artech.com\\\/fr\\\/#website\"},\"datePublished\":\"2025-07-17T09:36:50+00:00\",\"dateModified\":\"2026-04-06T09:34:18+00:00\",\"description\":\"D\u00e9couvrez les ebooks gratuits d'Artech, regorgeant d'informations pr\u00e9cieuses sur le recrutement, les carri\u00e8res informatiques et les technologies \u00e9mergentes. T\u00e9l\u00e9chargez-les d\u00e8s maintenant et enrichissez vos connaissances.\",\"breadcrumb\":{\"@id\":\"https:\\\/\\\/www.artech.com\\\/fr\\\/ebookfr\\\/#breadcrumb\"},\"inLanguage\":\"fr-FR\",\"potentialAction\":[{\"@type\":\"ReadAction\",\"target\":[\"https:\\\/\\\/www.artech.com\\\/fr\\\/ebookfr\\\/\"]}]},{\"@type\":\"BreadcrumbList\",\"@id\":\"https:\\\/\\\/www.artech.com\\\/fr\\\/ebookfr\\\/#breadcrumb\",\"itemListElement\":[{\"@type\":\"ListItem\",\"position\":1,\"name\":\"Home\",\"item\":\"https:\\\/\\\/www.artech.com\\\/fr\\\/\"},{\"@type\":\"ListItem\",\"position\":2,\"name\":\"ebook\"}]},{\"@type\":\"WebSite\",\"@id\":\"https:\\\/\\\/www.artech.com\\\/fr\\\/#website\",\"url\":\"https:\\\/\\\/www.artech.com\\\/fr\\\/\",\"name\":\"Artech\",\"description\":\"Intelligence is Human\",\"publisher\":{\"@id\":\"https:\\\/\\\/www.artech.com\\\/fr\\\/#organization\"},\"potentialAction\":[{\"@type\":\"SearchAction\",\"target\":{\"@type\":\"EntryPoint\",\"urlTemplate\":\"https:\\\/\\\/www.artech.com\\\/fr\\\/?s={search_term_string}\"},\"query-input\":{\"@type\":\"PropertyValueSpecification\",\"valueRequired\":true,\"valueName\":\"search_term_string\"}}],\"inLanguage\":\"fr-FR\"},{\"@type\":\"Organization\",\"@id\":\"https:\\\/\\\/www.artech.com\\\/fr\\\/#organization\",\"name\":\"Artech\",\"url\":\"https:\\\/\\\/www.artech.com\\\/fr\\\/\",\"logo\":{\"@type\":\"ImageObject\",\"inLanguage\":\"fr-FR\",\"@id\":\"https:\\\/\\\/www.artech.com\\\/fr\\\/#\\\/schema\\\/logo\\\/image\\\/\",\"url\":\"https:\\\/\\\/www.artech.com\\\/wp-content\\\/uploads\\\/2020\\\/12\\\/Artech-Logo.png\",\"contentUrl\":\"https:\\\/\\\/www.artech.com\\\/wp-content\\\/uploads\\\/2020\\\/12\\\/Artech-Logo.png\",\"width\":1435,\"height\":580,\"caption\":\"Artech\"},\"image\":{\"@id\":\"https:\\\/\\\/www.artech.com\\\/fr\\\/#\\\/schema\\\/logo\\\/image\\\/\"},\"sameAs\":[\"https:\\\/\\\/www.facebook.com\\\/ArtechLLC2\",\"https:\\\/\\\/x.com\\\/Artech_LLC\",\"https:\\\/\\\/www.linkedin.com\\\/company\\\/artechllc\\\/\",\"https:\\\/\\\/www.youtube.com\\\/c\\\/ArtechLLC\\\/videos\"]}]}<\/script>\n<!-- \/ Yoast SEO plugin. -->","yoast_head_json":{"title":"Livres num\u00e9riques gratuits sur le recrutement, les carri\u00e8res et les solutions pour la main-d'\u0153uvre | Artech","description":"D\u00e9couvrez les ebooks gratuits d'Artech, regorgeant d'informations pr\u00e9cieuses sur le recrutement, les carri\u00e8res informatiques et les technologies \u00e9mergentes. T\u00e9l\u00e9chargez-les d\u00e8s maintenant et enrichissez vos connaissances.","robots":{"index":"index","follow":"follow","max-snippet":"max-snippet:-1","max-image-preview":"max-image-preview:large","max-video-preview":"max-video-preview:-1"},"canonical":"https:\/\/www.artech.com\/fr\/ebookfr\/","og_locale":"fr_FR","og_type":"article","og_title":"Livres num\u00e9riques gratuits sur le recrutement, les carri\u00e8res et les solutions pour la main-d'\u0153uvre | Artech","og_description":"D\u00e9couvrez les ebooks gratuits d'Artech, regorgeant d'informations pr\u00e9cieuses sur le recrutement, les carri\u00e8res informatiques et les technologies \u00e9mergentes. T\u00e9l\u00e9chargez-les d\u00e8s maintenant et enrichissez vos connaissances.","og_url":"https:\/\/www.artech.com\/fr\/ebookfr\/","og_site_name":"Artech","article_publisher":"https:\/\/www.facebook.com\/ArtechLLC2","article_modified_time":"2026-04-06T09:34:18+00:00","twitter_card":"summary_large_image","twitter_site":"@Artech_LLC","twitter_misc":{"Dur\u00e9e de lecture estim\u00e9e":"1 minute"},"schema":{"@context":"https:\/\/schema.org","@graph":[{"@type":"WebPage","@id":"https:\/\/www.artech.com\/fr\/ebookfr\/","url":"https:\/\/www.artech.com\/fr\/ebookfr\/","name":"Livres num\u00e9riques gratuits sur le recrutement, les carri\u00e8res et les solutions pour la main-d'\u0153uvre | Artech","isPartOf":{"@id":"https:\/\/www.artech.com\/fr\/#website"},"datePublished":"2025-07-17T09:36:50+00:00","dateModified":"2026-04-06T09:34:18+00:00","description":"D\u00e9couvrez les ebooks gratuits d'Artech, regorgeant d'informations pr\u00e9cieuses sur le recrutement, les carri\u00e8res informatiques et les technologies \u00e9mergentes. T\u00e9l\u00e9chargez-les d\u00e8s maintenant et enrichissez vos connaissances.","breadcrumb":{"@id":"https:\/\/www.artech.com\/fr\/ebookfr\/#breadcrumb"},"inLanguage":"fr-FR","potentialAction":[{"@type":"ReadAction","target":["https:\/\/www.artech.com\/fr\/ebookfr\/"]}]},{"@type":"BreadcrumbList","@id":"https:\/\/www.artech.com\/fr\/ebookfr\/#breadcrumb","itemListElement":[{"@type":"ListItem","position":1,"name":"Home","item":"https:\/\/www.artech.com\/fr\/"},{"@type":"ListItem","position":2,"name":"ebook"}]},{"@type":"WebSite","@id":"https:\/\/www.artech.com\/fr\/#website","url":"https:\/\/www.artech.com\/fr\/","name":"Artech","description":"Intelligence is Human","publisher":{"@id":"https:\/\/www.artech.com\/fr\/#organization"},"potentialAction":[{"@type":"SearchAction","target":{"@type":"EntryPoint","urlTemplate":"https:\/\/www.artech.com\/fr\/?s={search_term_string}"},"query-input":{"@type":"PropertyValueSpecification","valueRequired":true,"valueName":"search_term_string"}}],"inLanguage":"fr-FR"},{"@type":"Organization","@id":"https:\/\/www.artech.com\/fr\/#organization","name":"Artech","url":"https:\/\/www.artech.com\/fr\/","logo":{"@type":"ImageObject","inLanguage":"fr-FR","@id":"https:\/\/www.artech.com\/fr\/#\/schema\/logo\/image\/","url":"https:\/\/www.artech.com\/wp-content\/uploads\/2020\/12\/Artech-Logo.png","contentUrl":"https:\/\/www.artech.com\/wp-content\/uploads\/2020\/12\/Artech-Logo.png","width":1435,"height":580,"caption":"Artech"},"image":{"@id":"https:\/\/www.artech.com\/fr\/#\/schema\/logo\/image\/"},"sameAs":["https:\/\/www.facebook.com\/ArtechLLC2","https:\/\/x.com\/Artech_LLC","https:\/\/www.linkedin.com\/company\/artechllc\/","https:\/\/www.youtube.com\/c\/ArtechLLC\/videos"]}]}},"_links":{"self":[{"href":"https:\/\/www.artech.com\/fr\/wp-json\/wp\/v2\/pages\/19364","targetHints":{"allow":["GET"]}}],"collection":[{"href":"https:\/\/www.artech.com\/fr\/wp-json\/wp\/v2\/pages"}],"about":[{"href":"https:\/\/www.artech.com\/fr\/wp-json\/wp\/v2\/types\/page"}],"author":[{"embeddable":true,"href":"https:\/\/www.artech.com\/fr\/wp-json\/wp\/v2\/users\/3"}],"replies":[{"embeddable":true,"href":"https:\/\/www.artech.com\/fr\/wp-json\/wp\/v2\/comments?post=19364"}],"version-history":[{"count":3,"href":"https:\/\/www.artech.com\/fr\/wp-json\/wp\/v2\/pages\/19364\/revisions"}],"predecessor-version":[{"id":21887,"href":"https:\/\/www.artech.com\/fr\/wp-json\/wp\/v2\/pages\/19364\/revisions\/21887"}],"wp:attachment":[{"href":"https:\/\/www.artech.com\/fr\/wp-json\/wp\/v2\/media?parent=19364"}],"curies":[{"name":"wp","href":"https:\/\/api.w.org\/{rel}","templated":true}]}}